{"id":9165,"date":"2019-01-23T17:30:50","date_gmt":"2019-01-23T16:30:50","guid":{"rendered":"https:\/\/www.enastic.td\/?page_id=9165"},"modified":"2019-01-25T22:13:39","modified_gmt":"2019-01-25T21:13:39","slug":"partenaire-ar","status":"publish","type":"page","link":"https:\/\/www.enastic.td\/?page_id=9165&lang=ar","title":{"rendered":"\u0634\u0631\u0643\u0627\u0621"},"content":{"rendered":"<div id=\"pl-9165\"  class=\"panel-layout\" ><div id=\"pg-9165-0\"  class=\"panel-grid panel-no-style\" ><div id=\"pgc-9165-0-0\"  class=\"panel-grid-cell\" ><div id=\"panel-9165-0-0-0\" class=\"so-panel widget widget_empty-space panel-first-child panel-last-child\" data-index=\"0\" ><div class=\"thim-widget-empty-space thim-widget-empty-space-base template-base\"><div class=\"empty_space\" style=\"height:30px\"><\/div><\/div><\/div><\/div><\/div><div id=\"pg-9165-1\"  class=\"panel-grid panel-no-style\" ><div id=\"pgc-9165-1-0\"  class=\"panel-grid-cell\" ><div id=\"panel-9165-1-0-0\" class=\"so-panel widget widget_text panel-first-child panel-last-child\" data-index=\"1\" >\t\t\t<div class=\"textwidget\"><ul class=\"kiwi-logo-carousel kiwi-logo-carousel-partenaires default align-center col4\"><li style=\"height:150px;\"><a target=\"_blank\" href=\"http:\/\/www.adetic.td\/\"><div class=\"helper\" style=\"height:150px; width:200px;\" ><img decoding=\"async\" src=\"https:\/\/www.enastic.td\/wp-content\/uploads\/2017\/11\/adetic_2.jpg\" alt=\"ADETIC\" title=\"ADETIC\"><\/div><\/a><\/li><li style=\"height:150px;\"><a target=\"_blank\" href=\"http:\/\/africa.airtel.com\/wps\/wcm\/connect\/africarevamp\/Chad\/\"><div class=\"helper\" style=\"height:150px; width:200px;\" ><img decoding=\"async\" src=\"https:\/\/www.enastic.td\/wp-content\/uploads\/2017\/11\/airtel_2.jpg\" alt=\"AIRTEL\" title=\"AIRTEL\"><\/div><\/a><\/li><li style=\"height:150px;\"><a target=\"_blank\" href=\"http:\/\/www.arcep.td\/\"><div class=\"helper\" style=\"height:150px; width:200px;\" ><img decoding=\"async\" src=\"https:\/\/www.enastic.td\/wp-content\/uploads\/2017\/11\/arcep_2.jpg\" alt=\"ARCEP\" title=\"ARCEP\"><\/div><\/a><\/li><li style=\"height:150px;\"><a target=\"_blank\" href=\"http:\/\/www.esmt.sn\/\"><div class=\"helper\" style=\"height:150px; width:200px;\" ><img decoding=\"async\" src=\"https:\/\/www.enastic.td\/wp-content\/uploads\/2017\/11\/esmt_2.jpg\" alt=\"ESMT\" title=\"ESMT\"><\/div><\/a><\/li><li style=\"height:150px;\"><a target=\"_blank\" href=\"http:\/\/www.td.tigo.com\/\"><div class=\"helper\" style=\"height:150px; width:200px;\" ><img decoding=\"async\" src=\"https:\/\/www.enastic.td\/wp-content\/uploads\/2017\/10\/tigo.png\" alt=\"TIGO\" title=\"TIGO\"><\/div><\/a><\/li><li style=\"height:150px;\"><a target=\"_blank\" href=\"http:\/\/iusta.lescigales.org\/\"><div class=\"helper\" style=\"height:150px; width:200px;\" ><img decoding=\"async\" src=\"https:\/\/www.enastic.td\/wp-content\/uploads\/2017\/10\/inssta.png\" alt=\"Institut National Sup\u00e9rieure des Sciences et Techniques d'Ab\u00e9ch\u00e9\" title=\"Institut National Sup\u00e9rieure des Sciences et Techniques d'Ab\u00e9ch\u00e9\"><\/div><\/a><\/li><li style=\"height:150px;\"><a target=\"_blank\" href=\"http:\/\/universite-ndjamena.org\/\"><div class=\"helper\" style=\"height:150px; width:200px;\" ><img decoding=\"async\" src=\"https:\/\/www.enastic.td\/wp-content\/uploads\/2017\/10\/undt.png\" alt=\"Universit\u00e9 de N\u2019Djamena (Facult\u00e9 des Sciences Exactes et Appliqu\u00e9es de Farcha)\" title=\"Universit\u00e9 de N\u2019Djamena (Facult\u00e9 des Sciences Exactes et Appliqu\u00e9es de Farcha)\"><\/div><\/a><\/li><li style=\"height:150px;\" ><div class=\"helper\" style=\"height:150px; width:200px;\" ><img decoding=\"async\" src=\"https:\/\/www.enastic.td\/wp-content\/uploads\/2017\/10\/cnrd.png\" alt=\"Centre National de Recherche pour le D\u00e9veloppement\" title=\"Centre National de Recherche pour le D\u00e9veloppement\" style=\"max-width:200px; padding-left: 0px; padding-right:0px\" ><\/div><\/li><li style=\"height:150px;\"><a target=\"_blank\" href=\"http:\/\/www.uvt.td\/\"><div class=\"helper\" style=\"height:150px; width:200px;\" ><img decoding=\"async\" src=\"https:\/\/www.enastic.td\/wp-content\/uploads\/2017\/10\/uvt.png\" alt=\"Universit\u00e9 Virtuelle du Tchad\" title=\"Universit\u00e9 Virtuelle du Tchad\"><\/div><\/a><\/li><li style=\"height:150px;\"><a target=\"_blank\" href=\"http:\/\/www.esp.sn\/\"><div class=\"helper\" style=\"height:150px; width:200px;\" ><img decoding=\"async\" src=\"https:\/\/www.enastic.td\/wp-content\/uploads\/2017\/10\/esp.png\" alt=\"ESP de Dakar (Universit\u00e9 Cheikh Anta Diop de Dakar)\" title=\"ESP de Dakar (Universit\u00e9 Cheikh Anta Diop de Dakar)\"><\/div><\/a><\/li><li style=\"height:150px;\"><a target=\"_blank\" href=\"http:\/\/unice.fr\/\"><div class=\"helper\" style=\"height:150px; width:200px;\" ><img decoding=\"async\" src=\"https:\/\/www.enastic.td\/wp-content\/uploads\/2017\/10\/unice-e1514912326724.png\" alt=\"Universit\u00e9 Nice Sophia Antipolis\" title=\"Universit\u00e9 Nice Sophia Antipolis\"><\/div><\/a><\/li><li style=\"height:150px;\"><a target=\"_blank\" href=\"http:\/\/www.mpntic.gouv.td\/entities\/stpe\"><div class=\"helper\" style=\"height:150px; width:200px;\" ><img decoding=\"async\" src=\"https:\/\/www.enastic.td\/wp-content\/uploads\/2017\/10\/stpe.png\" alt=\"Soci\u00e9t\u00e9 Tchadienne des Postes et d\u2019Epargne\" title=\"Soci\u00e9t\u00e9 Tchadienne des Postes et d\u2019Epargne\"><\/div><\/a><\/li><li style=\"height:150px;\" ><div class=\"helper\" style=\"height:150px; width:200px;\" ><img decoding=\"async\" src=\"https:\/\/www.enastic.td\/wp-content\/uploads\/2018\/02\/SCAN0002_2.jpg\" alt=\"Universit\u00e9 Roi Faycal\" title=\"Universit\u00e9 Roi Faycal\" style=\"max-width:200px; padding-left: 0px; padding-right:0px\" ><\/div><\/li><li style=\"height:150px;\"><a target=\"_blank\" href=\"https:\/\/www.huawei.com\/\"><div class=\"helper\" style=\"height:150px; width:200px;\" ><img decoding=\"async\" src=\"https:\/\/www.enastic.td\/wp-content\/uploads\/2018\/08\/HUAWEI.png\" alt=\"HUAWEI\" title=\"HUAWEI\"><\/div><\/a><\/li><li style=\"height:150px;\"><a target=\"_blank\" href=\"http:\/\/www.univ-reims.fr\"><div class=\"helper\" style=\"height:150px; width:200px;\" ><img decoding=\"async\" src=\"https:\/\/www.enastic.td\/wp-content\/uploads\/2018\/08\/LOGO-URCA_2.jpg\" alt=\"Universit\u00e9 de Reims Champagne-Ardenne\" title=\"Universit\u00e9 de Reims Champagne-Ardenne\"><\/div><\/a><\/li><li style=\"height:150px;\" ><div class=\"helper\" style=\"height:150px; width:200px;\" ><img decoding=\"async\" src=\"https:\/\/www.enastic.td\/wp-content\/uploads\/2018\/10\/ANSICE.png\" alt=\"ANSICE\" title=\"ANSICE\" style=\"max-width:200px; padding-left: 0px; padding-right:0px\" ><\/div><\/li><\/ul>\n<\/div>\n\t\t<\/div><\/div><\/div><div id=\"pg-9165-2\"  class=\"panel-grid panel-no-style\" ><div id=\"pgc-9165-2-0\"  class=\"panel-grid-cell\" ><div id=\"panel-9165-2-0-0\" class=\"so-panel widget widget_heading panel-first-child\" data-index=\"2\" ><div class=\"panel-widget-style panel-widget-style-for-9165-2-0-0\" ><div class=\"thim-widget-heading thim-widget-heading-base template-base\"><div class=\"sc_heading text-left\"><h3 class=\"title\">\u0634\u0631\u0643\u0627\u0621 \u0645\u062a\u0639\u0627\u0648\u0646\u0648\u0646<\/h3><span style=\"background-color:#004494\" class=\"line\"><\/span><\/div><\/div><\/div><\/div><div id=\"panel-9165-2-0-1\" class=\"so-panel widget widget_text panel-last-child\" data-index=\"3\" ><div class=\"panel-widget-style panel-widget-style-for-9165-2-0-1\" >\t\t\t<div class=\"textwidget\"><p><strong>\u062a\u0639\u062a\u0632\u0645 <\/strong><strong>ENASTIC<\/strong><strong>\u0644\u0644\u062d\u0641\u0627\u0638 \u0639\u0644\u0649 \u0645\u0643\u0627\u0646\u062a\u0647\u0627 \u0627\u0644\u062f\u0648\u0644\u064a\u0629 \u0648\u062e\u0637\u0637 \u0627\u0644\u0627\u0639\u062a\u0645\u0627\u062f \u0639\u0644\u0649 \u0634\u0628\u0643\u0629 \u0648\u0627\u0633\u0639\u0629 \u0645\u0646 \u0627\u0644\u0634\u0631\u0643\u0627\u0621. \u0633\u064a\u062a\u0645 \u0625\u062c\u0631\u0627\u0621 \u062d\u0645\u0644\u0629 \u0645\u0646 \u0627\u0644\u0645\u0639\u0644\u0648\u0645\u0627\u062a \u0648\u0625\u062c\u0631\u0627\u0621\u0627\u062a \u0627\u0644\u062a\u0648\u0639\u064a\u0629 \u0645\u0646 \u0623\u062c\u0644 \u062a\u0644\u0628\u064a\u0629 \u0627\u0644\u0637\u0644\u0628 \u0627\u0644\u0648\u0637\u0646\u064a \u0648\u0627\u0644\u062f\u0648\u0644\u064a. \u064a\u0645\u0643\u0646 \u0627\u0644\u0627\u0639\u062a\u0645\u0627\u062f \u0628\u0627\u0644\u0641\u0639\u0644 \u0639\u0644\u0649 \u062f\u0639\u0645 \u0627\u0644\u0639\u062f\u064a\u062f \u0645\u0646 \u0627\u0644\u0645\u0624\u0633\u0633\u0627\u062a \u0627\u0644\u062d\u0643\u0648\u0645\u064a\u0629: <\/strong><strong>ARCEP<\/strong><strong>\u0648 <\/strong><strong>ADETIC<\/strong><strong>\u0648 <\/strong><strong>STPE<\/strong><strong>\u0648\u0645\u0634\u063a\u0644\u064a \u0627\u0644\u0647\u0627\u062a\u0641 \u0645\u062b\u0644 \u0645\u062c\u0645\u0648\u0639\u0629 <\/strong><strong>Sotel Chad<\/strong><strong>\u0648 <\/strong><strong>Airtel<\/strong><strong>\u0648 <\/strong><strong>Tigo<\/strong><strong>. \u064a\u062a\u0645 \u0627\u0644\u062a\u0639\u0627\u0648\u0646 \u0627\u0644\u0623\u0643\u0627\u062f\u064a\u0645\u064a \u0627\u0644\u0648\u0637\u0646\u064a \u0648\u0627\u0644\u062f\u0648\u0644\u064a \u0645\u0639 \u0645\u0633\u0627\u0647\u0645\u0629 \u0627\u0644\u0639\u062f\u064a\u062f \u0645\u0646 \u0627\u0644\u0645\u062f\u0627\u0631\u0633 \u0627\u0644\u0641\u0631\u0646\u0633\u064a\u0629 \u0648\u0627\u0644\u0623\u0641\u0631\u064a\u0642\u064a\u0629 \u0627\u0644\u0645\u0630\u0643\u0648\u0631\u0629 \u0641\u064a \u0639\u0644\u0627\u0645\u0629 \u0627\u0644\u062a\u0628\u0648\u064a\u0628 \u0627\u0644\u062f\u0648\u0644\u064a\u0629. \u062a\u0639\u062a\u0645\u062f <\/strong><strong>ENASTIC<\/strong><strong>\u0623\u064a\u0636\u064b\u0627 \u0639\u0644\u0649 \u062c\u0645\u064a\u0639 \u0627\u0644\u0645\u0624\u0633\u0633\u0627\u062a \u0627\u0644\u0639\u0627\u0645\u0629 \u0648\u0627\u0644\u062e\u0627\u0635\u0629 \u060c \u0648\u0648\u0643\u0627\u0644\u0629 \u0627\u0644\u062c\u0627\u0645\u0639\u0629 \u0644\u0644\u0641\u0631\u0627\u0646\u0643\u0641\u0648\u0646\u064a\u0629 \u060c \u0648\u0648\u0643\u0627\u0644\u0627\u062a \u0627\u0644\u062a\u0642\u064a\u064a\u0645 \u060c \u0648\u0627\u0644\u0645\u0645\u062b\u0644\u064a\u0646 \u0627\u0644\u062f\u0628\u0644\u0648\u0645\u0627\u0633\u064a\u064a\u0646 \u0648\u0627\u0644\u0634\u0631\u0643\u0627\u0621 \u0627\u0644\u0645\u0635\u0631\u0641\u064a\u064a\u0646.<\/strong><\/p>\n<p><strong>\u0647\u0630\u0647 \u0627\u0644\u0634\u0628\u0643\u0629 \u0645\u0646 \u0627\u0644\u0634\u0631\u0643\u0627\u0621 \u0636\u0631\u0648\u0631\u064a\u0629 \u0644\u0644\u062a\u0637\u0648\u0631 \u0627\u0644\u0648\u0637\u0646\u064a \u0648\u0627\u0644\u062f\u0648\u0644\u064a \u0627\u0644\u062c\u064a\u062f \u0645\u0646 <\/strong><strong>ENASTIC<\/strong><strong>. \u064a\u062a\u0645 \u0642\u064a\u0627\u062f\u0629 \u0637\u0644\u0627\u0628 <\/strong><strong>ENASTIC<\/strong><strong>\u0644\u064a\u0635\u0628\u062d\u0648\u0627 \u0645\u0647\u0646\u062f\u0633\u064a \u0647\u0630\u0647 \u0627\u0644\u0634\u0631\u0643\u0627\u062a \u0641\u064a \u0627\u0644\u0645\u0633\u062a\u0642\u0628\u0644 \u060c \u0648\u0627\u0644\u0639\u0645\u0644 \u0627\u0644\u0628\u062d\u062b\u064a \u0644\u062a\u062d\u0648\u064a\u0644 \u0648\u062a\u0634\u0643\u064a\u0644 \u0639\u0627\u0644\u0645 \u0627\u0644\u063a\u062f. \u0644\u0646 \u064a\u062a\u0645 \u062a\u062d\u0642\u064a\u0642 \u0647\u0630\u0647 \u0627\u0644\u0623\u0647\u062f\u0627\u0641 \u0625\u0644\u0627 \u0645\u0646 \u062e\u0644\u0627\u0644 \u0627\u0644\u062a\u0639\u0627\u0648\u0646 \u0627\u0644\u0648\u062b\u064a\u0642 \u0628\u064a\u0646 \u0627\u0644\u062c\u0647\u0627\u062a \u0627\u0644\u0641\u0627\u0639\u0644\u0629 \u0641\u064a <\/strong><strong>ENASTIC<\/strong><strong>\u0645\u0639 \u0627\u0644\u0634\u0631\u0643\u0627\u0621.<\/strong><\/p>\n<\/div>\n\t\t<\/div><\/div><\/div><\/div><div id=\"pg-9165-3\"  class=\"panel-grid panel-has-style\" ><div class=\"so-parallax siteorigin-panels-stretch panel-row-style panel-row-style-for-9165-3\" data-stretch-type=\"full\" ><img fetchpriority=\"high\" decoding=\"async\" width=\"1920\" height=\"1280\" src=\"https:\/\/www.enastic.td\/wp-content\/uploads\/2018\/04\/fibre.jpg\" class=\"attachment-full size-full\" alt=\"\" data-siteorigin-parallax=\"true\" loading=\"eager\" srcset=\"https:\/\/www.enastic.td\/wp-content\/uploads\/2018\/04\/fibre.jpg 1920w, https:\/\/www.enastic.td\/wp-content\/uploads\/2018\/04\/fibre-300x200.jpg 300w, https:\/\/www.enastic.td\/wp-content\/uploads\/2018\/04\/fibre-768x512.jpg 768w, https:\/\/www.enastic.td\/wp-content\/uploads\/2018\/04\/fibre-1024x683.jpg 1024w\" sizes=\"(max-width: 1920px) 100vw, 1920px\" \/><div id=\"pgc-9165-3-0\"  class=\"panel-grid-cell\" ><div id=\"panel-9165-3-0-0\" class=\"so-panel widget widget_empty-space panel-first-child panel-last-child\" data-index=\"4\" ><div class=\"thim-widget-empty-space thim-widget-empty-space-base template-base\"><div class=\"empty_space\" style=\"height:400px\"><\/div><\/div><\/div><\/div><\/div><\/div><\/div>","protected":false},"excerpt":{"rendered":"<p>\u0634\u0631\u0643\u0627\u0621 \u0645\u062a\u0639\u0627\u0648\u0646\u0648\u0646 \u062a\u0639\u062a\u0632\u0645 ENASTIC\u0644\u0644\u062d\u0641\u0627\u0638 \u0639\u0644\u0649 \u0645\u0643\u0627\u0646\u062a\u0647\u0627 \u0627\u0644\u062f\u0648\u0644\u064a\u0629 \u0648\u062e\u0637\u0637 \u0627\u0644\u0627\u0639\u062a\u0645\u0627\u062f \u0639\u0644\u0649 \u0634\u0628\u0643\u0629 \u0648\u0627\u0633\u0639\u0629 \u0645\u0646 \u0627\u0644\u0634\u0631\u0643\u0627\u0621. \u0633\u064a\u062a\u0645 \u0625\u062c\u0631\u0627\u0621 \u062d\u0645\u0644\u0629 \u0645\u0646 \u0627\u0644\u0645\u0639\u0644\u0648\u0645\u0627\u062a \u0648\u0625\u062c\u0631\u0627\u0621\u0627\u062a \u0627\u0644\u062a\u0648\u0639\u064a\u0629 \u0645\u0646 \u0623\u062c\u0644 \u062a\u0644\u0628\u064a\u0629 \u0627\u0644\u0637\u0644\u0628 \u0627\u0644\u0648\u0637\u0646\u064a \u0648\u0627\u0644\u062f\u0648\u0644\u064a. \u064a\u0645\u0643\u0646 \u0627\u0644\u0627\u0639\u062a\u0645\u0627\u062f \u0628\u0627\u0644\u0641\u0639\u0644 &hellip; <\/p>\n","protected":false},"author":1,"featured_media":0,"parent":0,"menu_order":0,"comment_status":"closed","ping_status":"closed","template":"","meta":{"footnotes":""},"class_list":["post-9165","page","type-page","status-publish","hentry"],"translation":{"provider":"WPGlobus","version":"3.0.0","language":"fr","enabled_languages":["fr","en","ar"],"languages":{"fr":{"title":true,"content":true,"excerpt":false},"en":{"title":false,"content":false,"excerpt":false},"ar":{"title":false,"content":false,"excerpt":false}}},"yoast_head":"<!-- This site is optimized with the Yoast SEO plugin v25.5 - https:\/\/yoast.com\/wordpress\/plugins\/seo\/ -->\n<title>\u0634\u0631\u0643\u0627\u0621 - ENASTIC : Ecole Nationale Sup\u00e9rieure des Technologies de l\u2019Information et de la Communication<\/title>\n<meta name=\"robots\" content=\"index, follow, max-snippet:-1, max-image-preview:large, max-video-preview:-1\" \/>\n<link rel=\"canonical\" href=\"https:\/\/www.enastic.td\/?page_id=9165&lang=ar\" \/>\n<meta property=\"og:locale\" content=\"fr_FR\" \/>\n<meta property=\"og:type\" content=\"article\" \/>\n<meta property=\"og:title\" content=\"\u0634\u0631\u0643\u0627\u0621 - ENASTIC : Ecole Nationale Sup\u00e9rieure des Technologies de l\u2019Information et de la Communication\" \/>\n<meta property=\"og:url\" content=\"https:\/\/www.enastic.td\/?page_id=9165&amp;lang=ar\" \/>\n<meta property=\"og:site_name\" content=\"ENASTIC : Ecole Nationale Sup\u00e9rieure des Technologies de l\u2019Information et de la Communication\" \/>\n<meta property=\"article:publisher\" content=\"https:\/\/www.facebook.com\/Enastic-TCHAD-168482340378234\/\" \/>\n<meta property=\"article:modified_time\" content=\"2019-01-25T21:13:39+00:00\" \/>\n<meta property=\"og:image\" content=\"https:\/\/www.enastic.td\/wp-content\/uploads\/2017\/11\/adetic_2.jpg\" \/>\n<meta name=\"twitter:card\" content=\"summary_large_image\" \/>\n<meta name=\"twitter:site\" content=\"@ENASTIC_TCHAD\" \/>\n<script type=\"application\/ld+json\" class=\"yoast-schema-graph\">{\"@context\":\"https:\/\/schema.org\",\"@graph\":[{\"@type\":\"WebPage\",\"@id\":\"https:\/\/www.enastic.td\/?page_id=9165&lang=ar\",\"url\":\"https:\/\/www.enastic.td\/?page_id=9165&lang=ar\",\"name\":\"\u0634\u0631\u0643\u0627\u0621 - ENASTIC : Ecole Nationale Sup\u00e9rieure des Technologies de l\u2019Information et de la Communication\",\"isPartOf\":{\"@id\":\"https:\/\/www.enastic.td\/#website\"},\"primaryImageOfPage\":{\"@id\":\"https:\/\/www.enastic.td\/?page_id=9165&lang=ar#primaryimage\"},\"image\":{\"@id\":\"https:\/\/www.enastic.td\/?page_id=9165&lang=ar#primaryimage\"},\"thumbnailUrl\":\"https:\/\/www.enastic.td\/wp-content\/uploads\/2017\/11\/adetic_2.jpg\",\"datePublished\":\"2019-01-23T16:30:50+00:00\",\"dateModified\":\"2019-01-25T21:13:39+00:00\",\"breadcrumb\":{\"@id\":\"https:\/\/www.enastic.td\/?page_id=9165&lang=ar#breadcrumb\"},\"inLanguage\":\"fr-FR\",\"potentialAction\":[{\"@type\":\"ReadAction\",\"target\":[\"https:\/\/www.enastic.td\/?page_id=9165&lang=ar\"]}]},{\"@type\":\"ImageObject\",\"inLanguage\":\"fr-FR\",\"@id\":\"https:\/\/www.enastic.td\/?page_id=9165&lang=ar#primaryimage\",\"url\":\"https:\/\/www.enastic.td\/wp-content\/uploads\/2017\/11\/adetic_2.jpg\",\"contentUrl\":\"https:\/\/www.enastic.td\/wp-content\/uploads\/2017\/11\/adetic_2.jpg\",\"width\":500,\"height\":199},{\"@type\":\"BreadcrumbList\",\"@id\":\"https:\/\/www.enastic.td\/?page_id=9165&lang=ar#breadcrumb\",\"itemListElement\":[{\"@type\":\"ListItem\",\"position\":1,\"name\":\"Accueil\",\"item\":\"https:\/\/www.enastic.td\/\"},{\"@type\":\"ListItem\",\"position\":2,\"name\":\"\u0634\u0631\u0643\u0627\u0621\"}]},{\"@type\":\"WebSite\",\"@id\":\"https:\/\/www.enastic.td\/#website\",\"url\":\"https:\/\/www.enastic.td\/\",\"name\":\"ENASTIC : Ecole Nationale Sup\u00e9rieure des Technologies de l\u2019Information et de la Communication\",\"description\":\"Votre avenir commence par ici.\",\"potentialAction\":[{\"@type\":\"SearchAction\",\"target\":{\"@type\":\"EntryPoint\",\"urlTemplate\":\"https:\/\/www.enastic.td\/?s={search_term_string}\"},\"query-input\":{\"@type\":\"PropertyValueSpecification\",\"valueRequired\":true,\"valueName\":\"search_term_string\"}}],\"inLanguage\":\"fr-FR\"}]}<\/script>\n<!-- \/ Yoast SEO plugin. -->","yoast_head_json":{"title":"\u0634\u0631\u0643\u0627\u0621 - ENASTIC : Ecole Nationale Sup\u00e9rieure des Technologies de l\u2019Information et de la Communication","robots":{"index":"index","follow":"follow","max-snippet":"max-snippet:-1","max-image-preview":"max-image-preview:large","max-video-preview":"max-video-preview:-1"},"canonical":"https:\/\/www.enastic.td\/?page_id=9165&lang=ar","og_locale":"fr_FR","og_type":"article","og_title":"\u0634\u0631\u0643\u0627\u0621 - ENASTIC : Ecole Nationale Sup\u00e9rieure des Technologies de l\u2019Information et de la Communication","og_url":"https:\/\/www.enastic.td\/?page_id=9165&lang=ar","og_site_name":"ENASTIC : Ecole Nationale Sup\u00e9rieure des Technologies de l\u2019Information et de la Communication","article_publisher":"https:\/\/www.facebook.com\/Enastic-TCHAD-168482340378234\/","article_modified_time":"2019-01-25T21:13:39+00:00","og_image":[{"url":"https:\/\/www.enastic.td\/wp-content\/uploads\/2017\/11\/adetic_2.jpg","type":"","width":"","height":""}],"twitter_card":"summary_large_image","twitter_site":"@ENASTIC_TCHAD","schema":{"@context":"https:\/\/schema.org","@graph":[{"@type":"WebPage","@id":"https:\/\/www.enastic.td\/?page_id=9165&lang=ar","url":"https:\/\/www.enastic.td\/?page_id=9165&lang=ar","name":"\u0634\u0631\u0643\u0627\u0621 - ENASTIC : Ecole Nationale Sup\u00e9rieure des Technologies de l\u2019Information et de la Communication","isPartOf":{"@id":"https:\/\/www.enastic.td\/#website"},"primaryImageOfPage":{"@id":"https:\/\/www.enastic.td\/?page_id=9165&lang=ar#primaryimage"},"image":{"@id":"https:\/\/www.enastic.td\/?page_id=9165&lang=ar#primaryimage"},"thumbnailUrl":"https:\/\/www.enastic.td\/wp-content\/uploads\/2017\/11\/adetic_2.jpg","datePublished":"2019-01-23T16:30:50+00:00","dateModified":"2019-01-25T21:13:39+00:00","breadcrumb":{"@id":"https:\/\/www.enastic.td\/?page_id=9165&lang=ar#breadcrumb"},"inLanguage":"fr-FR","potentialAction":[{"@type":"ReadAction","target":["https:\/\/www.enastic.td\/?page_id=9165&lang=ar"]}]},{"@type":"ImageObject","inLanguage":"fr-FR","@id":"https:\/\/www.enastic.td\/?page_id=9165&lang=ar#primaryimage","url":"https:\/\/www.enastic.td\/wp-content\/uploads\/2017\/11\/adetic_2.jpg","contentUrl":"https:\/\/www.enastic.td\/wp-content\/uploads\/2017\/11\/adetic_2.jpg","width":500,"height":199},{"@type":"BreadcrumbList","@id":"https:\/\/www.enastic.td\/?page_id=9165&lang=ar#breadcrumb","itemListElement":[{"@type":"ListItem","position":1,"name":"Accueil","item":"https:\/\/www.enastic.td\/"},{"@type":"ListItem","position":2,"name":"\u0634\u0631\u0643\u0627\u0621"}]},{"@type":"WebSite","@id":"https:\/\/www.enastic.td\/#website","url":"https:\/\/www.enastic.td\/","name":"ENASTIC : Ecole Nationale Sup\u00e9rieure des Technologies de l\u2019Information et de la Communication","description":"Votre avenir commence par ici.","potentialAction":[{"@type":"SearchAction","target":{"@type":"EntryPoint","urlTemplate":"https:\/\/www.enastic.td\/?s={search_term_string}"},"query-input":{"@type":"PropertyValueSpecification","valueRequired":true,"valueName":"search_term_string"}}],"inLanguage":"fr-FR"}]}},"_links":{"self":[{"href":"https:\/\/www.enastic.td\/index.php?rest_route=\/wp\/v2\/pages\/9165","targetHints":{"allow":["GET"]}}],"collection":[{"href":"https:\/\/www.enastic.td\/index.php?rest_route=\/wp\/v2\/pages"}],"about":[{"href":"https:\/\/www.enastic.td\/index.php?rest_route=\/wp\/v2\/types\/page"}],"author":[{"embeddable":true,"href":"https:\/\/www.enastic.td\/index.php?rest_route=\/wp\/v2\/users\/1"}],"replies":[{"embeddable":true,"href":"https:\/\/www.enastic.td\/index.php?rest_route=%2Fwp%2Fv2%2Fcomments&post=9165"}],"version-history":[{"count":3,"href":"https:\/\/www.enastic.td\/index.php?rest_route=\/wp\/v2\/pages\/9165\/revisions"}],"predecessor-version":[{"id":10599,"href":"https:\/\/www.enastic.td\/index.php?rest_route=\/wp\/v2\/pages\/9165\/revisions\/10599"}],"wp:attachment":[{"href":"https:\/\/www.enastic.td\/index.php?rest_route=%2Fwp%2Fv2%2Fmedia&parent=9165"}],"curies":[{"name":"wp","href":"https:\/\/api.w.org\/{rel}","templated":true}]}}