{"id":8774,"date":"2019-01-23T17:01:27","date_gmt":"2019-01-23T16:01:27","guid":{"rendered":"https:\/\/www.enastic.td\/?page_id=8774"},"modified":"2023-11-20T12:53:42","modified_gmt":"2023-11-20T11:53:42","slug":"presentation-en-2","status":"publish","type":"page","link":"https:\/\/www.enastic.td\/?page_id=8774&lang=en","title":{"rendered":"About ENASTIC"},"content":{"rendered":"<div id=\"pl-8774\"  class=\"panel-layout\" ><div id=\"pg-8774-0\"  class=\"panel-grid panel-has-style\" ><div class=\"panel-row-style panel-row-style-for-8774-0\" ><div id=\"pgc-8774-0-0\"  class=\"panel-grid-cell\" ><div id=\"panel-8774-0-0-0\" class=\"so-panel widget widget_text panel-first-child panel-last-child\" data-index=\"0\" ><h3 class=\"widget-title\">Presentation<\/h3>\t\t\t<div class=\"textwidget\"><ul style=\"text-align: justify;\">\n<li>The Ecole Nationale Sup\u00e9rieure des Technologies de l\u2019Information et de la Communication (National Superior School of Information and Communication Technologies) or ENASTIC is a public establishment of teaching, research and training in the electronic communications domain.\n<\/li>\n<li>It was created by Order 005\/PR\/2015 in March 2015, and is possesses legal personality and financial autonomy.\n<\/li>\n<li>ENASTIC is lead by a board of directors and is subject to the Ministry of Posts and New Communication Technologies. The Ministry of Advanced Education, Research and Innovation ensures the academic and educational organisation.<\/li>\n<li>It is located in N\u2019Djamena, the Chadian capital.<\/li>\n<\/ul><\/div>\n\t\t<\/div><\/div><div id=\"pgc-8774-0-1\"  class=\"panel-grid-cell panel-grid-cell-empty\" ><\/div><div id=\"pgc-8774-0-2\"  class=\"panel-grid-cell\" ><div id=\"panel-8774-0-2-0\" class=\"so-panel widget widget_text panel-first-child panel-last-child\" data-index=\"1\" ><h3 class=\"widget-title\">Our missions<\/h3>\t\t\t<div class=\"textwidget\"><ol style=\"text-align: justify;\">\n<li>Ensure initial and continuous training in the Information and Communication Technologies (ICT).<\/li>\n<li>Take on applied research of general interest, in order to promote innovation for social-economic development.<\/li>\n<li>Expand scientific and technological research, as well as the results\u2019 value and the sharing of culture and scientific information.<\/li>\n<\/ol><\/div>\n\t\t<\/div><\/div><\/div><\/div><div id=\"pg-8774-1\"  class=\"panel-grid panel-no-style\" ><div id=\"pgc-8774-1-0\"  class=\"panel-grid-cell\" ><div id=\"panel-8774-1-0-0\" class=\"so-panel widget widget_text panel-first-child\" data-index=\"2\" ><h3 class=\"widget-title\">Out next actions<\/h3>\t\t\t<div class=\"textwidget\"><ul style=\"text-align: justify;\">\n<li>Train senior executives in private and public sectors, in the information and communication technologies area.<\/li>\n<li>Search for and develop the means of communication in place in Chad, in order to better the social-economical development of the country.<\/li>\n<li>Train young people to scientific culture to make them able to lead, create and take on structuring projects in the Communication and Information Technologies.<\/li>\n<\/ul><\/div>\n\t\t<\/div><div id=\"panel-8774-1-0-1\" class=\"so-panel widget widget_button panel-last-child\" data-index=\"3\" ><div class=\"thim-widget-button thim-widget-button-base template-base\"><a class=\"widget-button  normal custom_style\" href=\"https:\/\/www.enastic.td\/wp-content\/uploads\/2018\/03\/PRESENTATION-VF.pdf\" target=\"_blank\" style=\"font-size: 14px;font-weight: normal;border-width: 1;color: #ffffff;border-color: #004494;background-color: #004494;\" data-hover=\"font-size: 14px;font-weight: normal;border-width: 1;color: #004494;border-color: #004494;background-color: #ffffff;\"><i class=\"fa fa-book\" style=\"font-size: 14px;\"><\/i> Complete Presentation<\/a><\/div><\/div><\/div><\/div><div id=\"pg-8774-2\"  class=\"panel-grid panel-no-style\" ><div id=\"pgc-8774-2-0\"  class=\"panel-grid-cell\" ><div id=\"panel-8774-2-0-0\" class=\"so-panel widget widget_heading panel-first-child panel-last-child\" data-index=\"4\" ><div class=\"panel-widget-style panel-widget-style-for-8774-2-0-0\" ><div class=\"thim-widget-heading thim-widget-heading-base template-base\"><div class=\"sc_heading text-center\"><h3 class=\"title\">ENASTIC<\/h3><p class=\"sub-heading\" style=\"\">Your future starts here.<\/p><span class=\"line\"><\/span><\/div><\/div><\/div><\/div><\/div><\/div><div id=\"pg-8774-3\"  class=\"panel-grid panel-no-style\" ><div id=\"pgc-8774-3-0\"  class=\"panel-grid-cell\" ><div id=\"panel-8774-3-0-0\" class=\"so-panel widget widget_counters-box panel-first-child panel-last-child\" data-index=\"5\" ><div class=\"thim-widget-counters-box thim-widget-counters-box-base template-base\"><div class=\"counter-box  about-us\" style=\"\"><div class=\"content-box-percentage\">\n\t\t<div class=\"display-percentage\" data-percentage=\"55000\">55000<\/div><div class=\"counter-content-container\"><div class=\"counter-box-content\">Diplomas<\/div><\/div><\/div><\/div><\/div><\/div><\/div><div id=\"pgc-8774-3-1\"  class=\"panel-grid-cell\" ><div id=\"panel-8774-3-1-0\" class=\"so-panel widget widget_counters-box panel-first-child panel-last-child\" data-index=\"6\" ><div class=\"thim-widget-counters-box thim-widget-counters-box-base template-base\"><div class=\"counter-box  about-us\" style=\"\"><div class=\"content-box-percentage\">\n\t\t<div class=\"display-percentage\" data-percentage=\"350\">350<\/div><div class=\"counter-content-container\"><div class=\"counter-box-content\">Teachers<\/div><\/div><\/div><\/div><\/div><\/div><\/div><div id=\"pgc-8774-3-2\"  class=\"panel-grid-cell\" ><div id=\"panel-8774-3-2-0\" class=\"so-panel widget widget_counters-box panel-first-child panel-last-child\" data-index=\"7\" ><div class=\"thim-widget-counters-box thim-widget-counters-box-base template-base\"><div class=\"counter-box  about-us\" style=\"\"><div class=\"content-box-percentage\">\n\t\t<div class=\"display-percentage\" data-percentage=\"2240\">2240<\/div><div class=\"counter-content-container\"><div class=\"counter-box-content\">Students<\/div><\/div><\/div><\/div><\/div><\/div><\/div><div id=\"pgc-8774-3-3\"  class=\"panel-grid-cell\" ><div id=\"panel-8774-3-3-0\" class=\"so-panel widget widget_counters-box panel-first-child panel-last-child\" data-index=\"8\" ><div class=\"thim-no-border panel-widget-style panel-widget-style-for-8774-3-3-0\" ><div class=\"thim-widget-counters-box thim-widget-counters-box-base template-base\"><div class=\"counter-box  about-us\" style=\"\"><div class=\"content-box-percentage\">\n\t\t<div class=\"display-percentage\" data-percentage=\"215\">215<\/div><div class=\"counter-content-container\"><div class=\"counter-box-content\">Courses<\/div><\/div><\/div><\/div><\/div><\/div><\/div><\/div><\/div><div id=\"pg-8774-4\"  class=\"panel-grid panel-no-style\" ><div id=\"pgc-8774-4-0\"  class=\"panel-grid-cell\" ><div id=\"panel-8774-4-0-0\" class=\"so-panel widget widget_gallery-images panel-first-child\" data-index=\"9\" ><div class=\"thim-widget-gallery-images thim-widget-gallery-images-base template-base\"><div class=\"thim-carousel-wrapper gallery-img \" data-visible=\"1\"data-itemtablet=\"2\" data-itemmobile=\"1\" data-pagination=\"1\"><div class=\"item\"><img src =\"https:\/\/www.enastic.td\/wp-content\/uploads\/2018\/02\/presentation-1024x768.png\" width=\"1024\" height=\"768\" alt=\"\"\/><\/div><div class=\"item\"><img src =\"https:\/\/www.enastic.td\/wp-content\/uploads\/2018\/01\/presentation1-1024x768.jpg\" width=\"1024\" height=\"768\" alt=\"\"\/><\/div><div class=\"item\"><img src =\"https:\/\/www.enastic.td\/wp-content\/uploads\/2018\/04\/presentation2-1024x768.jpg\" width=\"1024\" height=\"768\" alt=\"\"\/><\/div><\/div><\/div><\/div><div id=\"panel-8774-4-0-1\" class=\"so-panel widget widget_text panel-last-child\" data-index=\"10\" >\t\t\t<div class=\"textwidget\"><div class=\"thim-about-us-quote\">\n<p style=\"font-size: 15px !important; line-height: 18pt;\">\u201cENASTIC, with its goals and missions, aims at offering a training tailored to the job market. Such goals are achieved with a quality of formation, and research towards development and innovation. Our school offers a progressive approach, from a Bachelor\u2019s Degree to a PhD in the following areas : Computer Science, Telecommunications, Multimedia and Management of the Communication and Information Technologies.\"<\/p>\n<div class=\"agency\">Dr. ABOUDLAYE CHAIBO, Director General of ENASTIC.<\/div>\n<div class=\"agency\"><a href=\"https:\/\/www.enastic.td\/?page_id=9394&lang=en\">Find the complete speech of the Director by clicking here.<\/a>.<\/div>\n<hr>\n<\/div><\/div>\n\t\t<\/div><\/div><\/div><div id=\"pg-8774-5\"  class=\"panel-grid panel-has-style\" ><div class=\"so-parallax siteorigin-panels-stretch panel-row-style panel-row-style-for-8774-5\" data-stretch-type=\"full\" ><img fetchpriority=\"high\" decoding=\"async\" width=\"4896\" height=\"3672\" src=\"https:\/\/www.enastic.td\/wp-content\/uploads\/2018\/01\/presentation2.jpg\" class=\"attachment-full size-full\" alt=\"\" data-siteorigin-parallax=\"true\" loading=\"eager\" srcset=\"https:\/\/www.enastic.td\/wp-content\/uploads\/2018\/01\/presentation2.jpg 4896w, https:\/\/www.enastic.td\/wp-content\/uploads\/2018\/01\/presentation2-600x450.jpg 600w, https:\/\/www.enastic.td\/wp-content\/uploads\/2018\/01\/presentation2-300x225.jpg 300w, https:\/\/www.enastic.td\/wp-content\/uploads\/2018\/01\/presentation2-768x576.jpg 768w, https:\/\/www.enastic.td\/wp-content\/uploads\/2018\/01\/presentation2-1024x768.jpg 1024w\" sizes=\"(max-width: 4896px) 100vw, 4896px\" \/><div id=\"pgc-8774-5-0\"  class=\"panel-grid-cell panel-grid-cell-empty\" ><\/div><\/div><\/div><div id=\"pg-8774-6\"  class=\"panel-grid panel-no-style\" ><div id=\"pgc-8774-6-0\"  class=\"panel-grid-cell\" ><div id=\"panel-8774-6-0-0\" class=\"so-panel widget widget_heading panel-first-child panel-last-child\" data-index=\"11\" ><div class=\"thim-widget-heading thim-widget-heading-base template-base\"><div class=\"sc_heading text-center\"><h3 class=\"title\">The leadership team<\/h3><span class=\"line\"><\/span><\/div><\/div><\/div><\/div><\/div><div id=\"pg-8774-7\"  class=\"panel-grid panel-no-style\" ><div id=\"pgc-8774-7-0\"  class=\"panel-grid-cell\" ><div id=\"panel-8774-7-0-0\" class=\"so-panel widget widget_our-team panel-first-child panel-last-child\" data-index=\"12\" ><div class=\"thim-widget-our-team thim-widget-our-team-base template-base\"><div class=\"wrapper-lists-our-team \"><div class=\"row\"><div class=\"our-team-item col-sm-4\"><div class=\"our-team-image\"> <img loading=\"lazy\" decoding=\"async\" src=\"https:\/\/www.enastic.td\/wp-content\/uploads\/2025\/08\/Dr_HAGGAR-BACHAR-SALIM-DG-1-293x300-3-200x200.jpg\" alt=\"Dr_HAGGAR-BACHAR-SALIM-DG-1-293&#215;300\" title=\"Dr_HAGGAR-BACHAR-SALIM-DG-1-293&#215;300\"  width=\"200\" height=\"200\"><div class=\"social-team\"><\/div><\/div><div class=\"content-team\"><h4 class=\"title\"><a href=\"https:\/\/www.enastic.td\/?our_team=dr-idriss-saleh-bachar\">Dr Haggar Bachar SALIM<\/a><\/h4><div class = \"regency\">Directeur G\u00e9n\u00e9ral<\/div><\/div><\/div><div class=\"our-team-item col-sm-4\"><div class=\"our-team-image\"> <img loading=\"lazy\" decoding=\"async\" src=\"https:\/\/www.enastic.td\/wp-content\/uploads\/2021\/12\/jeremykolina-200x200.jpg\" alt=\"jeremykolina\" title=\"jeremykolina\"  width=\"200\" height=\"200\"><div class=\"social-team\"><\/div><\/div><div class=\"content-team\"><h4 class=\"title\"><a href=\"https:\/\/www.enastic.td\/?our_team=dr-abdoulaye-chaibo\">KOLINA JEREMIE<\/a><\/h4><div class = \"regency\">Secr\u00e9taire G\u00e9n\u00e9ral<\/div><\/div><\/div><div class=\"our-team-item col-sm-4\"><div class=\"our-team-image\"> <img loading=\"lazy\" decoding=\"async\" src=\"https:\/\/www.enastic.td\/wp-content\/uploads\/2017\/10\/Dr-MAHAMAT-CHARFADINE-NIMANE-_DE-200x200.jpg\" alt=\"Dr MAHAMAT CHARFADINE NIMANE _DE\" title=\"Dr MAHAMAT CHARFADINE NIMANE _DE\"  width=\"200\" height=\"200\"><div class=\"social-team\"><\/div><\/div><div class=\"content-team\"><h4 class=\"title\"><a href=\"https:\/\/www.enastic.td\/?our_team=directeur-des-etudes\">Dr MAHAMAT CHARFADINE NIMANE<\/a><\/h4><div class = \"regency\">Directeur des \u00c9tudes<\/div><\/div><\/div><div class=\"our-team-item col-sm-4\"><div class=\"our-team-image\"> <img loading=\"lazy\" decoding=\"async\" src=\"https:\/\/www.enastic.td\/wp-content\/uploads\/2019\/02\/Dr-MAHAMAT-CHARFADINE-NIMANE-_DE-1-200x200.jpg\" alt=\"Dr MAHAMAT CHARFADINE NIMANE _DE\" title=\"Dr MAHAMAT CHARFADINE NIMANE _DE\"  width=\"200\" height=\"200\"><div class=\"social-team\"><\/div><\/div><div class=\"content-team\"><h4 class=\"title\"><a href=\"https:\/\/www.enastic.td\/?our_team=dr-abdoulaye-chaibo-3&#038;lang=ar\">Dr MAHAMAT CHARFADINE NIMANE<\/a><\/h4><div class = \"regency\">Directeur des Etudes<\/div><\/div><\/div><div class=\"our-team-item col-sm-4\"><div class=\"our-team-image\"> <img loading=\"lazy\" decoding=\"async\" src=\"https:\/\/www.enastic.td\/wp-content\/uploads\/2019\/02\/Dr-MAHAMAT-CHARFADINE-NIMANE-_DE-200x200.jpg\" alt=\"Dr MAHAMAT CHARFADINE NIMANE _DE\" title=\"Dr MAHAMAT CHARFADINE NIMANE _DE\"  width=\"200\" height=\"200\"><div class=\"social-team\"><\/div><\/div><div class=\"content-team\"><h4 class=\"title\"><a href=\"https:\/\/www.enastic.td\/?our_team=dr-abdoulaye-chaibo-2&#038;lang=en\">Dr MAHAMAT CHARFADINE NIMANE<\/a><\/h4><div class = \"regency\">Directeur des \u00c9tudes<\/div><\/div><\/div><div class=\"our-team-item col-sm-4\"><div class=\"our-team-image\"> <img loading=\"lazy\" decoding=\"async\" src=\"https:\/\/www.enastic.td\/wp-content\/uploads\/2017\/09\/demo_image-200x200.jpg\" alt=\"demo_image\" title=\"demo_image\"  width=\"200\" height=\"200\"><div class=\"social-team\"><\/div><\/div><div class=\"content-team\"><h4 class=\"title\"><a href=\"https:\/\/www.enastic.td\/?our_team=alhadj-mahamat-adamou-diallo-3&#038;lang=ar\">RIHAB MAHAMAT ALI OUCHAR<\/a><\/h4><div class = \"regency\">Directrice des Affaires Financi\u00e8res et Mat\u00e9rielles<\/div><\/div><\/div><div class=\"our-team-item col-sm-4\"><div class=\"our-team-image\"> <img loading=\"lazy\" decoding=\"async\" src=\"https:\/\/www.enastic.td\/wp-content\/uploads\/2017\/09\/demo_image-200x200.jpg\" alt=\"demo_image\" title=\"demo_image\"  width=\"200\" height=\"200\"><div class=\"social-team\"><\/div><\/div><div class=\"content-team\"><h4 class=\"title\"><a href=\"https:\/\/www.enastic.td\/?our_team=alhadj-mahamat-adamou-diallo-2&#038;lang=en\">RIHAB MAHAMAT ALI OUCHAR<\/a><\/h4><div class = \"regency\">Directrice des Affaires Financi\u00e8res et Mat\u00e9rielles<\/div><\/div><\/div><div class=\"our-team-item col-sm-4\"><div class=\"our-team-image\"> <img loading=\"lazy\" decoding=\"async\" src=\"https:\/\/www.enastic.td\/wp-content\/uploads\/2019\/02\/Dr_HAGGAR-BACHAR-SALIM-DG-1-293x300-1-200x200.jpg\" alt=\"Dr_HAGGAR-BACHAR-SALIM-DG-1-293&#215;300\" title=\"Dr_HAGGAR-BACHAR-SALIM-DG-1-293&#215;300\"  width=\"200\" height=\"200\"><div class=\"social-team\"><\/div><\/div><div class=\"content-team\"><h4 class=\"title\"><a href=\"https:\/\/www.enastic.td\/?our_team=dr-idriss-saleh-bachar-2&#038;lang=en\">Dr. Haggar Bachar SALIM<\/a><\/h4><div class = \"regency\">Directeur G\u00e9n\u00e9ral<\/div><\/div><\/div><\/div><\/div><\/div><\/div><\/div><\/div><\/div>","protected":false},"excerpt":{"rendered":"<p>Presentation The Ecole Nationale Sup\u00e9rieure des Technologies de l\u2019Information et de la Communication (National Superior School of Information and Communication Technologies) or ENASTIC is a public establishment of teaching, research &hellip; <\/p>\n","protected":false},"author":1,"featured_media":0,"parent":0,"menu_order":0,"comment_status":"closed","ping_status":"closed","template":"","meta":{"footnotes":""},"class_list":["post-8774","page","type-page","status-publish","hentry"],"translation":{"provider":"WPGlobus","version":"3.0.0","language":"fr","enabled_languages":["fr","en","ar"],"languages":{"fr":{"title":true,"content":true,"excerpt":false},"en":{"title":false,"content":false,"excerpt":false},"ar":{"title":false,"content":false,"excerpt":false}}},"yoast_head":"<!-- This site is optimized with the Yoast SEO plugin v25.5 - https:\/\/yoast.com\/wordpress\/plugins\/seo\/ -->\n<title>About ENASTIC - ENASTIC : Ecole Nationale Sup\u00e9rieure des Technologies de l\u2019Information et de la Communication<\/title>\n<meta name=\"robots\" content=\"index, follow, max-snippet:-1, max-image-preview:large, max-video-preview:-1\" \/>\n<link rel=\"canonical\" href=\"https:\/\/www.enastic.td\/?page_id=8774&lang=en\" \/>\n<meta property=\"og:locale\" content=\"fr_FR\" \/>\n<meta property=\"og:type\" content=\"article\" \/>\n<meta property=\"og:title\" content=\"About ENASTIC - ENASTIC : Ecole Nationale Sup\u00e9rieure des Technologies de l\u2019Information et de la Communication\" \/>\n<meta property=\"og:url\" content=\"https:\/\/www.enastic.td\/?page_id=8774&amp;lang=en\" \/>\n<meta property=\"og:site_name\" content=\"ENASTIC : Ecole Nationale Sup\u00e9rieure des Technologies de l\u2019Information et de la Communication\" \/>\n<meta property=\"article:publisher\" content=\"https:\/\/www.facebook.com\/Enastic-TCHAD-168482340378234\/\" \/>\n<meta property=\"article:modified_time\" content=\"2023-11-20T11:53:42+00:00\" \/>\n<meta name=\"twitter:card\" content=\"summary_large_image\" \/>\n<meta name=\"twitter:site\" content=\"@ENASTIC_TCHAD\" \/>\n<meta name=\"twitter:label1\" content=\"Dur\u00e9e de lecture estim\u00e9e\" \/>\n\t<meta name=\"twitter:data1\" content=\"2 minutes\" \/>\n<script type=\"application\/ld+json\" class=\"yoast-schema-graph\">{\"@context\":\"https:\/\/schema.org\",\"@graph\":[{\"@type\":\"WebPage\",\"@id\":\"https:\/\/www.enastic.td\/?page_id=8774&lang=en\",\"url\":\"https:\/\/www.enastic.td\/?page_id=8774&lang=en\",\"name\":\"About ENASTIC - ENASTIC : Ecole Nationale Sup\u00e9rieure des Technologies de l\u2019Information et de la Communication\",\"isPartOf\":{\"@id\":\"https:\/\/www.enastic.td\/#website\"},\"datePublished\":\"2019-01-23T16:01:27+00:00\",\"dateModified\":\"2023-11-20T11:53:42+00:00\",\"breadcrumb\":{\"@id\":\"https:\/\/www.enastic.td\/?page_id=8774&lang=en#breadcrumb\"},\"inLanguage\":\"fr-FR\",\"potentialAction\":[{\"@type\":\"ReadAction\",\"target\":[\"https:\/\/www.enastic.td\/?page_id=8774&lang=en\"]}]},{\"@type\":\"BreadcrumbList\",\"@id\":\"https:\/\/www.enastic.td\/?page_id=8774&lang=en#breadcrumb\",\"itemListElement\":[{\"@type\":\"ListItem\",\"position\":1,\"name\":\"Accueil\",\"item\":\"https:\/\/www.enastic.td\/\"},{\"@type\":\"ListItem\",\"position\":2,\"name\":\"About ENASTIC\"}]},{\"@type\":\"WebSite\",\"@id\":\"https:\/\/www.enastic.td\/#website\",\"url\":\"https:\/\/www.enastic.td\/\",\"name\":\"ENASTIC : Ecole Nationale Sup\u00e9rieure des Technologies de l\u2019Information et de la Communication\",\"description\":\"Votre avenir commence par ici.\",\"potentialAction\":[{\"@type\":\"SearchAction\",\"target\":{\"@type\":\"EntryPoint\",\"urlTemplate\":\"https:\/\/www.enastic.td\/?s={search_term_string}\"},\"query-input\":{\"@type\":\"PropertyValueSpecification\",\"valueRequired\":true,\"valueName\":\"search_term_string\"}}],\"inLanguage\":\"fr-FR\"}]}<\/script>\n<!-- \/ Yoast SEO plugin. -->","yoast_head_json":{"title":"About ENASTIC - ENASTIC : Ecole Nationale Sup\u00e9rieure des Technologies de l\u2019Information et de la Communication","robots":{"index":"index","follow":"follow","max-snippet":"max-snippet:-1","max-image-preview":"max-image-preview:large","max-video-preview":"max-video-preview:-1"},"canonical":"https:\/\/www.enastic.td\/?page_id=8774&lang=en","og_locale":"fr_FR","og_type":"article","og_title":"About ENASTIC - ENASTIC : Ecole Nationale Sup\u00e9rieure des Technologies de l\u2019Information et de la Communication","og_url":"https:\/\/www.enastic.td\/?page_id=8774&lang=en","og_site_name":"ENASTIC : Ecole Nationale Sup\u00e9rieure des Technologies de l\u2019Information et de la Communication","article_publisher":"https:\/\/www.facebook.com\/Enastic-TCHAD-168482340378234\/","article_modified_time":"2023-11-20T11:53:42+00:00","twitter_card":"summary_large_image","twitter_site":"@ENASTIC_TCHAD","twitter_misc":{"Dur\u00e9e de lecture estim\u00e9e":"2 minutes"},"schema":{"@context":"https:\/\/schema.org","@graph":[{"@type":"WebPage","@id":"https:\/\/www.enastic.td\/?page_id=8774&lang=en","url":"https:\/\/www.enastic.td\/?page_id=8774&lang=en","name":"About ENASTIC - ENASTIC : Ecole Nationale Sup\u00e9rieure des Technologies de l\u2019Information et de la Communication","isPartOf":{"@id":"https:\/\/www.enastic.td\/#website"},"datePublished":"2019-01-23T16:01:27+00:00","dateModified":"2023-11-20T11:53:42+00:00","breadcrumb":{"@id":"https:\/\/www.enastic.td\/?page_id=8774&lang=en#breadcrumb"},"inLanguage":"fr-FR","potentialAction":[{"@type":"ReadAction","target":["https:\/\/www.enastic.td\/?page_id=8774&lang=en"]}]},{"@type":"BreadcrumbList","@id":"https:\/\/www.enastic.td\/?page_id=8774&lang=en#breadcrumb","itemListElement":[{"@type":"ListItem","position":1,"name":"Accueil","item":"https:\/\/www.enastic.td\/"},{"@type":"ListItem","position":2,"name":"About ENASTIC"}]},{"@type":"WebSite","@id":"https:\/\/www.enastic.td\/#website","url":"https:\/\/www.enastic.td\/","name":"ENASTIC : Ecole Nationale Sup\u00e9rieure des Technologies de l\u2019Information et de la Communication","description":"Votre avenir commence par ici.","potentialAction":[{"@type":"SearchAction","target":{"@type":"EntryPoint","urlTemplate":"https:\/\/www.enastic.td\/?s={search_term_string}"},"query-input":{"@type":"PropertyValueSpecification","valueRequired":true,"valueName":"search_term_string"}}],"inLanguage":"fr-FR"}]}},"_links":{"self":[{"href":"https:\/\/www.enastic.td\/index.php?rest_route=\/wp\/v2\/pages\/8774","targetHints":{"allow":["GET"]}}],"collection":[{"href":"https:\/\/www.enastic.td\/index.php?rest_route=\/wp\/v2\/pages"}],"about":[{"href":"https:\/\/www.enastic.td\/index.php?rest_route=\/wp\/v2\/types\/page"}],"author":[{"embeddable":true,"href":"https:\/\/www.enastic.td\/index.php?rest_route=\/wp\/v2\/users\/1"}],"replies":[{"embeddable":true,"href":"https:\/\/www.enastic.td\/index.php?rest_route=%2Fwp%2Fv2%2Fcomments&post=8774"}],"version-history":[{"count":6,"href":"https:\/\/www.enastic.td\/index.php?rest_route=\/wp\/v2\/pages\/8774\/revisions"}],"predecessor-version":[{"id":11970,"href":"https:\/\/www.enastic.td\/index.php?rest_route=\/wp\/v2\/pages\/8774\/revisions\/11970"}],"wp:attachment":[{"href":"https:\/\/www.enastic.td\/index.php?rest_route=%2Fwp%2Fv2%2Fmedia&parent=8774"}],"curies":[{"name":"wp","href":"https:\/\/api.w.org\/{rel}","templated":true}]}}