{"id":8660,"date":"2019-01-23T11:54:34","date_gmt":"2019-01-23T10:54:34","guid":{"rendered":"https:\/\/www.enastic.td\/?page_id=8660"},"modified":"2019-02-13T19:27:42","modified_gmt":"2019-02-13T18:27:42","slug":"cycle-licence-en","status":"publish","type":"page","link":"https:\/\/www.enastic.td\/?page_id=8660&lang=en","title":{"rendered":"Bachelor\u2019s Degree"},"content":{"rendered":"<div id=\"pl-8660\"  class=\"panel-layout\" ><div id=\"pg-8660-0\"  class=\"panel-grid panel-no-style\" ><div id=\"pgc-8660-0-0\"  class=\"panel-grid-cell\" ><div id=\"panel-8660-0-0-0\" class=\"so-panel widget widget_heading panel-first-child panel-last-child\" data-index=\"0\" ><div class=\"panel-widget-style panel-widget-style-for-8660-0-0-0\" ><div class=\"thim-widget-heading thim-widget-heading-base template-base\"><div class=\"sc_heading text-center\"><h3 class=\"title\">Bachelor\u2019s Degree<\/h3><span class=\"line\"><\/span><\/div><\/div><\/div><\/div><\/div><\/div><div id=\"pg-8660-1\"  class=\"panel-grid panel-no-style\" ><div id=\"pgc-8660-1-0\"  class=\"panel-grid-cell\" ><div id=\"panel-8660-1-0-0\" class=\"so-panel widget widget_text panel-first-child\" data-index=\"1\" ><h3 class=\"widget-title\">The prerequisites<\/h3>\t\t\t<div class=\"textwidget\"><ul>\n<li>Admission to ENASTIC school is achieved by an exam organized by ONECS.<a href=\"http:\/\/onecs.org\/\" target=\"_blank\"><\/a>.<\/li>\n<li>Any student willing to join ENASTIC must have his\/her Baccalaureate diploma.<\/li>\n<\/ul>\n<\/div>\n\t\t<\/div><div id=\"panel-8660-1-0-1\" class=\"so-panel widget widget_button panel-last-child\" data-index=\"2\" ><div class=\"thim-widget-button thim-widget-button-base template-base\"><a class=\"widget-button  normal custom_style\" href=\"https:\/\/www.enastic.td\/wp-content\/uploads\/2018\/01\/ENASTIC-Presentation_ecole.pdf\" target=\"_blank\" style=\"font-size: 14px;font-weight: normal;border-width: 1;color: #ffffff;border-color: #004494;background-color: #004494;\" data-hover=\"font-size: 14px;font-weight: normal;border-width: 1;color: #004494;border-color: #004494;\"><i class=\"fa fa-book\" style=\"font-size: 14px;\"><\/i> Bachelor\u2019s Degree Presentation Flyer<\/a><\/div><\/div><\/div><div id=\"pgc-8660-1-1\"  class=\"panel-grid-cell panel-grid-cell-empty\" ><\/div><div id=\"pgc-8660-1-2\"  class=\"panel-grid-cell\" ><div id=\"panel-8660-1-2-0\" class=\"so-panel widget widget_gallery-images panel-first-child panel-last-child\" data-index=\"3\" ><div class=\"thim-widget-gallery-images thim-widget-gallery-images-base template-base\"><div class=\"thim-carousel-wrapper gallery-img \" data-visible=\"1\"data-itemtablet=\"1\" data-itemmobile=\"1\" data-pagination=\"1\"><div class=\"item\"><a target=\"_blank\" href=\"#\"><img src =\"https:\/\/www.enastic.td\/wp-content\/uploads\/2018\/01\/admission1-1024x576.png\" width=\"1024\" height=\"576\" alt=\"\"\/><\/a><\/div><div class=\"item\"><a target=\"_blank\" href=\"#\"><img src =\"https:\/\/www.enastic.td\/wp-content\/uploads\/2017\/12\/prof_cours-1024x576.jpg\" width=\"1024\" height=\"576\" alt=\"\"\/><\/a><\/div><div class=\"item\"><a target=\"_blank\" href=\"#\"><img src =\"https:\/\/www.enastic.td\/wp-content\/uploads\/2018\/01\/admission3-1024x578.jpg\" width=\"1024\" height=\"578\" alt=\"\"\/><\/a><\/div><\/div><\/div><\/div><\/div><\/div><div id=\"pg-8660-2\"  class=\"panel-grid panel-has-style\" ><div class=\"so-parallax siteorigin-panels-stretch panel-row-style panel-row-style-for-8660-2\" data-stretch-type=\"full\" ><img fetchpriority=\"high\" decoding=\"async\" width=\"1529\" height=\"720\" src=\"https:\/\/www.enastic.td\/wp-content\/uploads\/2017\/12\/equipe_dir.jpg\" class=\"attachment-full size-full\" alt=\"\" data-siteorigin-parallax=\"true\" loading=\"eager\" srcset=\"https:\/\/www.enastic.td\/wp-content\/uploads\/2017\/12\/equipe_dir.jpg 1529w, https:\/\/www.enastic.td\/wp-content\/uploads\/2017\/12\/equipe_dir-600x283.jpg 600w, https:\/\/www.enastic.td\/wp-content\/uploads\/2017\/12\/equipe_dir-300x141.jpg 300w, https:\/\/www.enastic.td\/wp-content\/uploads\/2017\/12\/equipe_dir-768x362.jpg 768w, https:\/\/www.enastic.td\/wp-content\/uploads\/2017\/12\/equipe_dir-1024x482.jpg 1024w\" sizes=\"(max-width: 1529px) 100vw, 1529px\" \/><div id=\"pgc-8660-2-0\"  class=\"panel-grid-cell panel-grid-cell-empty\" ><\/div><\/div><\/div><div id=\"pg-8660-3\"  class=\"panel-grid panel-no-style\" ><div id=\"pgc-8660-3-0\"  class=\"panel-grid-cell\" ><div id=\"panel-8660-3-0-0\" class=\"so-panel widget widget_heading panel-first-child panel-last-child\" data-index=\"4\" ><div class=\"thim-widget-heading thim-widget-heading-base template-base\"><div class=\"sc_heading text-center\"><h3 class=\"title\">THE LEADERSHIP TEAM<\/h3><span class=\"line\"><\/span><\/div><\/div><\/div><\/div><\/div><div id=\"pg-8660-4\"  class=\"panel-grid panel-no-style\" ><div id=\"pgc-8660-4-0\"  class=\"panel-grid-cell\" ><div id=\"panel-8660-4-0-0\" class=\"so-panel widget widget_our-team panel-first-child panel-last-child\" data-index=\"5\" ><div class=\"thim-widget-our-team thim-widget-our-team-base template-base\"><div class=\"wrapper-lists-our-team \"><div class=\"row\"><div class=\"our-team-item col-sm-3\"><div class=\"our-team-image\"> <img loading=\"lazy\" decoding=\"async\" src=\"https:\/\/www.enastic.td\/wp-content\/uploads\/2025\/08\/Dr_HAGGAR-BACHAR-SALIM-DG-1-293x300-3-200x200.jpg\" alt=\"Dr_HAGGAR-BACHAR-SALIM-DG-1-293&#215;300\" title=\"Dr_HAGGAR-BACHAR-SALIM-DG-1-293&#215;300\"  width=\"200\" height=\"200\"><div class=\"social-team\"><\/div><\/div><div class=\"content-team\"><h4 class=\"title\"><a href=\"https:\/\/www.enastic.td\/?our_team=dr-idriss-saleh-bachar\">Dr Haggar Bachar SALIM<\/a><\/h4><div class = \"regency\">Directeur G\u00e9n\u00e9ral<\/div><\/div><\/div><div class=\"our-team-item col-sm-3\"><div class=\"our-team-image\"> <img loading=\"lazy\" decoding=\"async\" src=\"https:\/\/www.enastic.td\/wp-content\/uploads\/2021\/12\/jeremykolina-200x200.jpg\" alt=\"jeremykolina\" title=\"jeremykolina\"  width=\"200\" height=\"200\"><div class=\"social-team\"><\/div><\/div><div class=\"content-team\"><h4 class=\"title\"><a href=\"https:\/\/www.enastic.td\/?our_team=dr-abdoulaye-chaibo\">KOLINA JEREMIE<\/a><\/h4><div class = \"regency\">Secr\u00e9taire G\u00e9n\u00e9ral<\/div><\/div><\/div><div class=\"our-team-item col-sm-3\"><div class=\"our-team-image\"> <img loading=\"lazy\" decoding=\"async\" src=\"https:\/\/www.enastic.td\/wp-content\/uploads\/2017\/10\/Dr-MAHAMAT-CHARFADINE-NIMANE-_DE-200x200.jpg\" alt=\"Dr MAHAMAT CHARFADINE NIMANE _DE\" title=\"Dr MAHAMAT CHARFADINE NIMANE _DE\"  width=\"200\" height=\"200\"><div class=\"social-team\"><\/div><\/div><div class=\"content-team\"><h4 class=\"title\"><a href=\"https:\/\/www.enastic.td\/?our_team=directeur-des-etudes\">Dr MAHAMAT CHARFADINE NIMANE<\/a><\/h4><div class = \"regency\">Directeur des \u00c9tudes<\/div><\/div><\/div><div class=\"our-team-item col-sm-3\"><div class=\"our-team-image\"> <img loading=\"lazy\" decoding=\"async\" src=\"https:\/\/www.enastic.td\/wp-content\/uploads\/2019\/02\/Dr-MAHAMAT-CHARFADINE-NIMANE-_DE-1-200x200.jpg\" alt=\"Dr MAHAMAT CHARFADINE NIMANE _DE\" title=\"Dr MAHAMAT CHARFADINE NIMANE _DE\"  width=\"200\" height=\"200\"><div class=\"social-team\"><\/div><\/div><div class=\"content-team\"><h4 class=\"title\"><a href=\"https:\/\/www.enastic.td\/?our_team=dr-abdoulaye-chaibo-3&#038;lang=ar\">Dr MAHAMAT CHARFADINE NIMANE<\/a><\/h4><div class = \"regency\">Directeur des Etudes<\/div><\/div><\/div><div class=\"our-team-item col-sm-3\"><div class=\"our-team-image\"> <img loading=\"lazy\" decoding=\"async\" src=\"https:\/\/www.enastic.td\/wp-content\/uploads\/2019\/02\/Dr-MAHAMAT-CHARFADINE-NIMANE-_DE-200x200.jpg\" alt=\"Dr MAHAMAT CHARFADINE NIMANE _DE\" title=\"Dr MAHAMAT CHARFADINE NIMANE _DE\"  width=\"200\" height=\"200\"><div class=\"social-team\"><\/div><\/div><div class=\"content-team\"><h4 class=\"title\"><a href=\"https:\/\/www.enastic.td\/?our_team=dr-abdoulaye-chaibo-2&#038;lang=en\">Dr MAHAMAT CHARFADINE NIMANE<\/a><\/h4><div class = \"regency\">Directeur des \u00c9tudes<\/div><\/div><\/div><div class=\"our-team-item col-sm-3\"><div class=\"our-team-image\"> <img loading=\"lazy\" decoding=\"async\" src=\"https:\/\/www.enastic.td\/wp-content\/uploads\/2017\/09\/demo_image-200x200.jpg\" alt=\"demo_image\" title=\"demo_image\"  width=\"200\" height=\"200\"><div class=\"social-team\"><\/div><\/div><div class=\"content-team\"><h4 class=\"title\"><a href=\"https:\/\/www.enastic.td\/?our_team=alhadj-mahamat-adamou-diallo-3&#038;lang=ar\">RIHAB MAHAMAT ALI OUCHAR<\/a><\/h4><div class = \"regency\">Directrice des Affaires Financi\u00e8res et Mat\u00e9rielles<\/div><\/div><\/div><div class=\"our-team-item col-sm-3\"><div class=\"our-team-image\"> <img loading=\"lazy\" decoding=\"async\" src=\"https:\/\/www.enastic.td\/wp-content\/uploads\/2017\/09\/demo_image-200x200.jpg\" alt=\"demo_image\" title=\"demo_image\"  width=\"200\" height=\"200\"><div class=\"social-team\"><\/div><\/div><div class=\"content-team\"><h4 class=\"title\"><a href=\"https:\/\/www.enastic.td\/?our_team=alhadj-mahamat-adamou-diallo-2&#038;lang=en\">RIHAB MAHAMAT ALI OUCHAR<\/a><\/h4><div class = \"regency\">Directrice des Affaires Financi\u00e8res et Mat\u00e9rielles<\/div><\/div><\/div><div class=\"our-team-item col-sm-3\"><div class=\"our-team-image\"> <img loading=\"lazy\" decoding=\"async\" src=\"https:\/\/www.enastic.td\/wp-content\/uploads\/2019\/02\/Dr_HAGGAR-BACHAR-SALIM-DG-1-293x300-1-200x200.jpg\" alt=\"Dr_HAGGAR-BACHAR-SALIM-DG-1-293&#215;300\" title=\"Dr_HAGGAR-BACHAR-SALIM-DG-1-293&#215;300\"  width=\"200\" height=\"200\"><div class=\"social-team\"><\/div><\/div><div class=\"content-team\"><h4 class=\"title\"><a href=\"https:\/\/www.enastic.td\/?our_team=dr-idriss-saleh-bachar-2&#038;lang=en\">Dr. Haggar Bachar SALIM<\/a><\/h4><div class = \"regency\">Directeur G\u00e9n\u00e9ral<\/div><\/div><\/div><\/div><\/div><\/div><\/div><\/div><\/div><\/div>","protected":false},"excerpt":{"rendered":"<p>The prerequisites Admission to ENASTIC school is achieved by an exam organized by ONECS.. Any student willing to join ENASTIC must have his\/her Baccalaureate diploma.<\/p>\n","protected":false},"author":1,"featured_media":0,"parent":11023,"menu_order":0,"comment_status":"closed","ping_status":"closed","template":"","meta":{"footnotes":""},"class_list":["post-8660","page","type-page","status-publish","hentry"],"translation":{"provider":"WPGlobus","version":"3.0.0","language":"fr","enabled_languages":["fr","en","ar"],"languages":{"fr":{"title":true,"content":true,"excerpt":false},"en":{"title":false,"content":false,"excerpt":false},"ar":{"title":false,"content":false,"excerpt":false}}},"yoast_head":"<!-- This site is optimized with the Yoast SEO plugin v25.5 - https:\/\/yoast.com\/wordpress\/plugins\/seo\/ -->\n<title>Bachelor\u2019s Degree - ENASTIC : Ecole Nationale Sup\u00e9rieure des Technologies de l\u2019Information et de la Communication<\/title>\n<meta name=\"robots\" content=\"index, follow, max-snippet:-1, max-image-preview:large, max-video-preview:-1\" \/>\n<link rel=\"canonical\" href=\"https:\/\/www.enastic.td\/?page_id=8660&lang=en\" \/>\n<meta property=\"og:locale\" content=\"fr_FR\" \/>\n<meta property=\"og:type\" content=\"article\" \/>\n<meta property=\"og:title\" content=\"Bachelor\u2019s Degree - ENASTIC : Ecole Nationale Sup\u00e9rieure des Technologies de l\u2019Information et de la Communication\" \/>\n<meta property=\"og:url\" content=\"https:\/\/www.enastic.td\/?page_id=8660&amp;lang=en\" \/>\n<meta property=\"og:site_name\" content=\"ENASTIC : Ecole Nationale Sup\u00e9rieure des Technologies de l\u2019Information et de la Communication\" \/>\n<meta property=\"article:publisher\" content=\"https:\/\/www.facebook.com\/Enastic-TCHAD-168482340378234\/\" \/>\n<meta property=\"article:modified_time\" content=\"2019-02-13T18:27:42+00:00\" \/>\n<meta name=\"twitter:card\" content=\"summary_large_image\" \/>\n<meta name=\"twitter:site\" content=\"@ENASTIC_TCHAD\" \/>\n<script type=\"application\/ld+json\" class=\"yoast-schema-graph\">{\"@context\":\"https:\/\/schema.org\",\"@graph\":[{\"@type\":\"WebPage\",\"@id\":\"https:\/\/www.enastic.td\/?page_id=8660&lang=en\",\"url\":\"https:\/\/www.enastic.td\/?page_id=8660&lang=en\",\"name\":\"Bachelor\u2019s Degree - ENASTIC : Ecole Nationale Sup\u00e9rieure des Technologies de l\u2019Information et de la Communication\",\"isPartOf\":{\"@id\":\"https:\/\/www.enastic.td\/#website\"},\"datePublished\":\"2019-01-23T10:54:34+00:00\",\"dateModified\":\"2019-02-13T18:27:42+00:00\",\"breadcrumb\":{\"@id\":\"https:\/\/www.enastic.td\/?page_id=8660&lang=en#breadcrumb\"},\"inLanguage\":\"fr-FR\",\"potentialAction\":[{\"@type\":\"ReadAction\",\"target\":[\"https:\/\/www.enastic.td\/?page_id=8660&lang=en\"]}]},{\"@type\":\"BreadcrumbList\",\"@id\":\"https:\/\/www.enastic.td\/?page_id=8660&lang=en#breadcrumb\",\"itemListElement\":[{\"@type\":\"ListItem\",\"position\":1,\"name\":\"Accueil\",\"item\":\"https:\/\/www.enastic.td\/\"},{\"@type\":\"ListItem\",\"position\":2,\"name\":\"Admissions EN\",\"item\":\"https:\/\/www.enastic.td\/?page_id=11023&lang=en\"},{\"@type\":\"ListItem\",\"position\":3,\"name\":\"Bachelor\u2019s Degree\"}]},{\"@type\":\"WebSite\",\"@id\":\"https:\/\/www.enastic.td\/#website\",\"url\":\"https:\/\/www.enastic.td\/\",\"name\":\"ENASTIC : Ecole Nationale Sup\u00e9rieure des Technologies de l\u2019Information et de la Communication\",\"description\":\"Votre avenir commence par ici.\",\"potentialAction\":[{\"@type\":\"SearchAction\",\"target\":{\"@type\":\"EntryPoint\",\"urlTemplate\":\"https:\/\/www.enastic.td\/?s={search_term_string}\"},\"query-input\":{\"@type\":\"PropertyValueSpecification\",\"valueRequired\":true,\"valueName\":\"search_term_string\"}}],\"inLanguage\":\"fr-FR\"}]}<\/script>\n<!-- \/ Yoast SEO plugin. -->","yoast_head_json":{"title":"Bachelor\u2019s Degree - ENASTIC : Ecole Nationale Sup\u00e9rieure des Technologies de l\u2019Information et de la Communication","robots":{"index":"index","follow":"follow","max-snippet":"max-snippet:-1","max-image-preview":"max-image-preview:large","max-video-preview":"max-video-preview:-1"},"canonical":"https:\/\/www.enastic.td\/?page_id=8660&lang=en","og_locale":"fr_FR","og_type":"article","og_title":"Bachelor\u2019s Degree - ENASTIC : Ecole Nationale Sup\u00e9rieure des Technologies de l\u2019Information et de la Communication","og_url":"https:\/\/www.enastic.td\/?page_id=8660&lang=en","og_site_name":"ENASTIC : Ecole Nationale Sup\u00e9rieure des Technologies de l\u2019Information et de la Communication","article_publisher":"https:\/\/www.facebook.com\/Enastic-TCHAD-168482340378234\/","article_modified_time":"2019-02-13T18:27:42+00:00","twitter_card":"summary_large_image","twitter_site":"@ENASTIC_TCHAD","schema":{"@context":"https:\/\/schema.org","@graph":[{"@type":"WebPage","@id":"https:\/\/www.enastic.td\/?page_id=8660&lang=en","url":"https:\/\/www.enastic.td\/?page_id=8660&lang=en","name":"Bachelor\u2019s Degree - ENASTIC : Ecole Nationale Sup\u00e9rieure des Technologies de l\u2019Information et de la Communication","isPartOf":{"@id":"https:\/\/www.enastic.td\/#website"},"datePublished":"2019-01-23T10:54:34+00:00","dateModified":"2019-02-13T18:27:42+00:00","breadcrumb":{"@id":"https:\/\/www.enastic.td\/?page_id=8660&lang=en#breadcrumb"},"inLanguage":"fr-FR","potentialAction":[{"@type":"ReadAction","target":["https:\/\/www.enastic.td\/?page_id=8660&lang=en"]}]},{"@type":"BreadcrumbList","@id":"https:\/\/www.enastic.td\/?page_id=8660&lang=en#breadcrumb","itemListElement":[{"@type":"ListItem","position":1,"name":"Accueil","item":"https:\/\/www.enastic.td\/"},{"@type":"ListItem","position":2,"name":"Admissions EN","item":"https:\/\/www.enastic.td\/?page_id=11023&lang=en"},{"@type":"ListItem","position":3,"name":"Bachelor\u2019s Degree"}]},{"@type":"WebSite","@id":"https:\/\/www.enastic.td\/#website","url":"https:\/\/www.enastic.td\/","name":"ENASTIC : Ecole Nationale Sup\u00e9rieure des Technologies de l\u2019Information et de la Communication","description":"Votre avenir commence par ici.","potentialAction":[{"@type":"SearchAction","target":{"@type":"EntryPoint","urlTemplate":"https:\/\/www.enastic.td\/?s={search_term_string}"},"query-input":{"@type":"PropertyValueSpecification","valueRequired":true,"valueName":"search_term_string"}}],"inLanguage":"fr-FR"}]}},"_links":{"self":[{"href":"https:\/\/www.enastic.td\/index.php?rest_route=\/wp\/v2\/pages\/8660","targetHints":{"allow":["GET"]}}],"collection":[{"href":"https:\/\/www.enastic.td\/index.php?rest_route=\/wp\/v2\/pages"}],"about":[{"href":"https:\/\/www.enastic.td\/index.php?rest_route=\/wp\/v2\/types\/page"}],"author":[{"embeddable":true,"href":"https:\/\/www.enastic.td\/index.php?rest_route=\/wp\/v2\/users\/1"}],"replies":[{"embeddable":true,"href":"https:\/\/www.enastic.td\/index.php?rest_route=%2Fwp%2Fv2%2Fcomments&post=8660"}],"version-history":[{"count":3,"href":"https:\/\/www.enastic.td\/index.php?rest_route=\/wp\/v2\/pages\/8660\/revisions"}],"predecessor-version":[{"id":9680,"href":"https:\/\/www.enastic.td\/index.php?rest_route=\/wp\/v2\/pages\/8660\/revisions\/9680"}],"up":[{"embeddable":true,"href":"https:\/\/www.enastic.td\/index.php?rest_route=\/wp\/v2\/pages\/11023"}],"wp:attachment":[{"href":"https:\/\/www.enastic.td\/index.php?rest_route=%2Fwp%2Fv2%2Fmedia&parent=8660"}],"curies":[{"name":"wp","href":"https:\/\/api.w.org\/{rel}","templated":true}]}}