{"id":7404,"date":"2018-02-19T16:36:26","date_gmt":"2018-02-19T15:36:26","guid":{"rendered":"https:\/\/www.enastic.td\/?page_id=7404"},"modified":"2020-02-16T21:50:50","modified_gmt":"2020-02-16T20:50:50","slug":"acceder-a-l-espace-numerique-de-travail","status":"publish","type":"page","link":"https:\/\/www.enastic.td\/?page_id=7404","title":{"rendered":"Acc\u00e9der \u00e0 l&rsquo;Espace Num\u00e9rique de Travail"},"content":{"rendered":"<div id=\"pl-7404\"  class=\"panel-layout\" ><div id=\"pg-7404-0\"  class=\"panel-grid panel-no-style\" ><div id=\"pgc-7404-0-0\"  class=\"panel-grid-cell\" ><div id=\"panel-7404-0-0-0\" class=\"so-panel widget widget_text panel-first-child panel-last-child\" data-index=\"0\" >\t\t\t<div class=\"textwidget\"><p style=\"text-align: center;\">L&rsquo;ENASTIC propose \u00e0 ses \u00e9tudiants, personnels administratif et collaborateurs un Espace Num\u00e9rique de Travail (ENT).<\/p>\n<\/div>\n\t\t<\/div><\/div><\/div><div id=\"pg-7404-1\"  class=\"panel-grid panel-no-style\" ><div id=\"pgc-7404-1-0\"  class=\"panel-grid-cell\" ><div id=\"panel-7404-1-0-0\" class=\"so-panel widget widget_heading panel-first-child\" data-index=\"1\" ><div class=\"thim-widget-heading thim-widget-heading-base template-base\"><div class=\"sc_heading text-left\"><h4 class=\"title\">E-mails<\/h4><span class=\"line\"><\/span><\/div><\/div><\/div><div id=\"panel-7404-1-0-1\" class=\"so-panel widget widget_button panel-last-child\" data-index=\"2\" ><div class=\"thim-widget-button thim-widget-button-base template-base\"><a class=\"widget-button  normal custom_style\" href=\"https:\/\/etu.enastic.td:2096\" target=\"_blank\" style=\"font-size: 14px;font-weight: bold;border-width: 1;border-color: #004494;background-color: #004494;\" data-hover=\"font-size: 14px;font-weight: bold;border-width: 1;color: #004494;border-color: #004494;\">Acc\u00e9der aux courriels<\/a><\/div><\/div><\/div><div id=\"pgc-7404-1-1\"  class=\"panel-grid-cell\" ><div id=\"panel-7404-1-1-0\" class=\"so-panel widget widget_heading panel-first-child\" data-index=\"3\" ><div class=\"thim-widget-heading thim-widget-heading-base template-base\"><div class=\"sc_heading text-left\"><h4 class=\"title\">Cloud<\/h4><span class=\"line\"><\/span><\/div><\/div><\/div><div id=\"panel-7404-1-1-1\" class=\"so-panel widget widget_button panel-last-child\" data-index=\"4\" ><div class=\"thim-widget-button thim-widget-button-base template-base\"><a class=\"widget-button  normal custom_style\" href=\"https:\/\/etu.enastic.td\/owncloud\/\" target=\"_blank\" style=\"font-size: 14px;font-weight: bold;border-width: 1;border-color: #004494;background-color: #004494;\" data-hover=\"font-size: 14px;font-weight: bold;border-width: 1;color: #004494;border-color: #004494;\">ACC\u00c9DER AU CLOUD<\/a><\/div><\/div><\/div><div id=\"pgc-7404-1-2\"  class=\"panel-grid-cell\" ><div id=\"panel-7404-1-2-0\" class=\"so-panel widget widget_heading panel-first-child\" data-index=\"5\" ><div class=\"thim-widget-heading thim-widget-heading-base template-base\"><div class=\"sc_heading text-left\"><h4 class=\"title\">Emploi du temps<\/h4><span class=\"line\"><\/span><\/div><\/div><\/div><div id=\"panel-7404-1-2-1\" class=\"so-panel widget widget_button panel-last-child\" data-index=\"6\" ><div class=\"thim-widget-button thim-widget-button-base template-base\"><a class=\"widget-button  normal custom_style\" href=\"https:\/\/edt.enastic.td\/\" target=\"_blank\" style=\"font-size: 14px;font-weight: bold;border-width: 1;border-color: #004494;background-color: #004494;\" data-hover=\"font-size: 14px;font-weight: bold;border-width: 1;color: #004494;border-color: #004494;\">ACC\u00c9DER \u00c0 l'EDT<\/a><\/div><\/div><\/div><\/div><\/div>","protected":false},"excerpt":{"rendered":"<p>L&rsquo;ENASTIC propose \u00e0 ses \u00e9tudiants, personnels administratif et collaborateurs un Espace Num\u00e9rique de Travail (ENT).<\/p>\n","protected":false},"author":1,"featured_media":0,"parent":0,"menu_order":0,"comment_status":"closed","ping_status":"closed","template":"","meta":{"footnotes":""},"class_list":["post-7404","page","type-page","status-publish","hentry"],"translation":{"provider":"WPGlobus","version":"3.0.0","language":"fr","enabled_languages":["fr","en","ar"],"languages":{"fr":{"title":true,"content":true,"excerpt":false},"en":{"title":false,"content":false,"excerpt":false},"ar":{"title":false,"content":false,"excerpt":false}}},"yoast_head":"<!-- This site is optimized with the Yoast SEO plugin v25.5 - https:\/\/yoast.com\/wordpress\/plugins\/seo\/ -->\n<title>Acc\u00e9der \u00e0 l&#039;Espace Num\u00e9rique de Travail - ENASTIC : Ecole Nationale Sup\u00e9rieure des Technologies de l\u2019Information et de la Communication<\/title>\n<meta name=\"description\" content=\"Acc\u00e9der \u00e0 l&#039;Espace Num\u00e9rique de Travail (ENT) de l&#039;ENASTIC.\" \/>\n<meta name=\"robots\" content=\"index, follow, max-snippet:-1, max-image-preview:large, max-video-preview:-1\" \/>\n<link rel=\"canonical\" href=\"https:\/\/www.enastic.td\/?page_id=7404\" \/>\n<meta property=\"og:locale\" content=\"fr_FR\" \/>\n<meta property=\"og:type\" content=\"article\" \/>\n<meta property=\"og:title\" content=\"Acc\u00e9der \u00e0 l&#039;Espace Num\u00e9rique de Travail - ENASTIC : Ecole Nationale Sup\u00e9rieure des Technologies de l\u2019Information et de la Communication\" \/>\n<meta property=\"og:description\" content=\"Acc\u00e9der \u00e0 l&#039;Espace Num\u00e9rique de Travail (ENT) de l&#039;ENASTIC.\" \/>\n<meta property=\"og:url\" content=\"https:\/\/www.enastic.td\/?page_id=7404\" \/>\n<meta property=\"og:site_name\" content=\"ENASTIC : Ecole Nationale Sup\u00e9rieure des Technologies de l\u2019Information et de la Communication\" \/>\n<meta property=\"article:publisher\" content=\"https:\/\/www.facebook.com\/Enastic-TCHAD-168482340378234\/\" \/>\n<meta property=\"article:modified_time\" content=\"2020-02-16T20:50:50+00:00\" \/>\n<meta name=\"twitter:card\" content=\"summary_large_image\" \/>\n<meta name=\"twitter:site\" content=\"@ENASTIC_TCHAD\" \/>\n<script type=\"application\/ld+json\" class=\"yoast-schema-graph\">{\"@context\":\"https:\/\/schema.org\",\"@graph\":[{\"@type\":\"WebPage\",\"@id\":\"https:\/\/www.enastic.td\/?page_id=7404\",\"url\":\"https:\/\/www.enastic.td\/?page_id=7404\",\"name\":\"Acc\u00e9der \u00e0 l'Espace Num\u00e9rique de Travail - ENASTIC : Ecole Nationale Sup\u00e9rieure des Technologies de l\u2019Information et de la Communication\",\"isPartOf\":{\"@id\":\"https:\/\/www.enastic.td\/#website\"},\"datePublished\":\"2018-02-19T15:36:26+00:00\",\"dateModified\":\"2020-02-16T20:50:50+00:00\",\"description\":\"Acc\u00e9der \u00e0 l'Espace Num\u00e9rique de Travail (ENT) de l'ENASTIC.\",\"breadcrumb\":{\"@id\":\"https:\/\/www.enastic.td\/?page_id=7404#breadcrumb\"},\"inLanguage\":\"fr-FR\",\"potentialAction\":[{\"@type\":\"ReadAction\",\"target\":[\"https:\/\/www.enastic.td\/?page_id=7404\"]}]},{\"@type\":\"BreadcrumbList\",\"@id\":\"https:\/\/www.enastic.td\/?page_id=7404#breadcrumb\",\"itemListElement\":[{\"@type\":\"ListItem\",\"position\":1,\"name\":\"Accueil\",\"item\":\"https:\/\/www.enastic.td\/\"},{\"@type\":\"ListItem\",\"position\":2,\"name\":\"Acc\u00e9der \u00e0 l&rsquo;Espace Num\u00e9rique de Travail\"}]},{\"@type\":\"WebSite\",\"@id\":\"https:\/\/www.enastic.td\/#website\",\"url\":\"https:\/\/www.enastic.td\/\",\"name\":\"ENASTIC : Ecole Nationale Sup\u00e9rieure des Technologies de l\u2019Information et de la Communication\",\"description\":\"Votre avenir commence par ici.\",\"potentialAction\":[{\"@type\":\"SearchAction\",\"target\":{\"@type\":\"EntryPoint\",\"urlTemplate\":\"https:\/\/www.enastic.td\/?s={search_term_string}\"},\"query-input\":{\"@type\":\"PropertyValueSpecification\",\"valueRequired\":true,\"valueName\":\"search_term_string\"}}],\"inLanguage\":\"fr-FR\"}]}<\/script>\n<!-- \/ Yoast SEO plugin. -->","yoast_head_json":{"title":"Acc\u00e9der \u00e0 l'Espace Num\u00e9rique de Travail - ENASTIC : Ecole Nationale Sup\u00e9rieure des Technologies de l\u2019Information et de la Communication","description":"Acc\u00e9der \u00e0 l'Espace Num\u00e9rique de Travail (ENT) de l'ENASTIC.","robots":{"index":"index","follow":"follow","max-snippet":"max-snippet:-1","max-image-preview":"max-image-preview:large","max-video-preview":"max-video-preview:-1"},"canonical":"https:\/\/www.enastic.td\/?page_id=7404","og_locale":"fr_FR","og_type":"article","og_title":"Acc\u00e9der \u00e0 l'Espace Num\u00e9rique de Travail - ENASTIC : Ecole Nationale Sup\u00e9rieure des Technologies de l\u2019Information et de la Communication","og_description":"Acc\u00e9der \u00e0 l'Espace Num\u00e9rique de Travail (ENT) de l'ENASTIC.","og_url":"https:\/\/www.enastic.td\/?page_id=7404","og_site_name":"ENASTIC : Ecole Nationale Sup\u00e9rieure des Technologies de l\u2019Information et de la Communication","article_publisher":"https:\/\/www.facebook.com\/Enastic-TCHAD-168482340378234\/","article_modified_time":"2020-02-16T20:50:50+00:00","twitter_card":"summary_large_image","twitter_site":"@ENASTIC_TCHAD","schema":{"@context":"https:\/\/schema.org","@graph":[{"@type":"WebPage","@id":"https:\/\/www.enastic.td\/?page_id=7404","url":"https:\/\/www.enastic.td\/?page_id=7404","name":"Acc\u00e9der \u00e0 l'Espace Num\u00e9rique de Travail - ENASTIC : Ecole Nationale Sup\u00e9rieure des Technologies de l\u2019Information et de la Communication","isPartOf":{"@id":"https:\/\/www.enastic.td\/#website"},"datePublished":"2018-02-19T15:36:26+00:00","dateModified":"2020-02-16T20:50:50+00:00","description":"Acc\u00e9der \u00e0 l'Espace Num\u00e9rique de Travail (ENT) de l'ENASTIC.","breadcrumb":{"@id":"https:\/\/www.enastic.td\/?page_id=7404#breadcrumb"},"inLanguage":"fr-FR","potentialAction":[{"@type":"ReadAction","target":["https:\/\/www.enastic.td\/?page_id=7404"]}]},{"@type":"BreadcrumbList","@id":"https:\/\/www.enastic.td\/?page_id=7404#breadcrumb","itemListElement":[{"@type":"ListItem","position":1,"name":"Accueil","item":"https:\/\/www.enastic.td\/"},{"@type":"ListItem","position":2,"name":"Acc\u00e9der \u00e0 l&rsquo;Espace Num\u00e9rique de Travail"}]},{"@type":"WebSite","@id":"https:\/\/www.enastic.td\/#website","url":"https:\/\/www.enastic.td\/","name":"ENASTIC : Ecole Nationale Sup\u00e9rieure des Technologies de l\u2019Information et de la Communication","description":"Votre avenir commence par ici.","potentialAction":[{"@type":"SearchAction","target":{"@type":"EntryPoint","urlTemplate":"https:\/\/www.enastic.td\/?s={search_term_string}"},"query-input":{"@type":"PropertyValueSpecification","valueRequired":true,"valueName":"search_term_string"}}],"inLanguage":"fr-FR"}]}},"_links":{"self":[{"href":"https:\/\/www.enastic.td\/index.php?rest_route=\/wp\/v2\/pages\/7404","targetHints":{"allow":["GET"]}}],"collection":[{"href":"https:\/\/www.enastic.td\/index.php?rest_route=\/wp\/v2\/pages"}],"about":[{"href":"https:\/\/www.enastic.td\/index.php?rest_route=\/wp\/v2\/types\/page"}],"author":[{"embeddable":true,"href":"https:\/\/www.enastic.td\/index.php?rest_route=\/wp\/v2\/users\/1"}],"replies":[{"embeddable":true,"href":"https:\/\/www.enastic.td\/index.php?rest_route=%2Fwp%2Fv2%2Fcomments&post=7404"}],"version-history":[{"count":4,"href":"https:\/\/www.enastic.td\/index.php?rest_route=\/wp\/v2\/pages\/7404\/revisions"}],"predecessor-version":[{"id":7415,"href":"https:\/\/www.enastic.td\/index.php?rest_route=\/wp\/v2\/pages\/7404\/revisions\/7415"}],"wp:attachment":[{"href":"https:\/\/www.enastic.td\/index.php?rest_route=%2Fwp%2Fv2%2Fmedia&parent=7404"}],"curies":[{"name":"wp","href":"https:\/\/api.w.org\/{rel}","templated":true}]}}