{"id":7237,"date":"2018-01-11T14:42:44","date_gmt":"2018-01-11T13:42:44","guid":{"rendered":"https:\/\/enastic.digitappgency.com\/?page_id=7237"},"modified":"2021-12-06T21:48:20","modified_gmt":"2021-12-06T20:48:20","slug":"mot-du-directeur","status":"publish","type":"page","link":"https:\/\/www.enastic.td\/?page_id=7237","title":{"rendered":"Mot du directeur"},"content":{"rendered":"<div id=\"pl-7237\"  class=\"panel-layout\" ><div id=\"pg-7237-0\"  class=\"panel-grid panel-no-style\" ><div id=\"pgc-7237-0-0\"  class=\"panel-grid-cell\" ><div id=\"panel-7237-0-0-0\" class=\"so-panel widget widget_single-images panel-first-child\" data-index=\"0\" ><div class=\"thim-widget-single-images thim-widget-single-images-base template-base\"><div class=\"single-image text-left\"><img src =\"https:\/\/www.enastic.td\/wp-content\/uploads\/2017\/10\/Dr_HAGGAR-BACHAR-SALIM-DG-1001x1024.jpg\" width=\"1001\" height=\"1024\" alt=\"\"\/><\/div><\/div><\/div><div id=\"panel-7237-0-0-1\" class=\"so-panel widget widget_text panel-last-child\" data-index=\"1\" >\t\t\t<div class=\"textwidget\"><p><strong>Le Directeur G\u00e9n\u00e9ral de l\u2019ENASTIC<\/strong><br \/>\n<strong>Dr Haggar Bachar Salim<\/strong><\/p>\n<\/div>\n\t\t<\/div><\/div><div id=\"pgc-7237-0-1\"  class=\"panel-grid-cell\" ><div id=\"panel-7237-0-1-0\" class=\"so-panel widget widget_text panel-first-child panel-last-child\" data-index=\"2\" >\t\t\t<div class=\"textwidget\"><div class=\"page\" title=\"Page 1\">\n<div class=\"layoutArea\">\n<div class=\"column\" style=\"text-align: justify;\">\n<p>\u00ab\u00a0<em>L\u2019ENASTIC par ses objectifs et ses missions ambitionne d\u2019offrir une formation qui entre en r\u00e9sonance avec les besoins du march\u00e9 de l\u2019emploi. Cela passe par la qualit\u00e9 de la formation, de la recherche orient\u00e9e au d\u00e9veloppement et \u00e0 l\u2019innovation. L\u2019\u00c9cole propose un cursus progressif du premier cycle au cycle doctoral dans les domaines suivants : Informatique, T\u00e9l\u00e9communications, Multim\u00e9dia et Management des TIC.<\/em><\/p>\n<p><em>De ce fait, nous nous engageons dans une d\u00e9marche permanente d\u2019actualisation et de diversification de la formation et la recherche. Divers partenaires nationaux et internationaux sont impliqu\u00e9s dans la confection des programmes de formation et des axes de recherche afin de rester en phase avec les besoins du march\u00e9 et de d\u00e9veloppement.<\/em><\/p>\n<p><em>Ayant l\u2019objectif de hisser l\u2019ENASTIC parmi les grandes \u00e9coles du continent, nous devons mettre cette vision primordiale qui est celle de former des dipl\u00f4m\u00e9s \u00e0 la pointe de nouvelles technologies afin d\u2019accompagner efficacement et durablement le d\u00e9veloppement des TIC au niveau local et Sous r\u00e9gional.<\/em><\/p>\n<p><em>Ainsi, un accent particulier sera consacr\u00e9 \u00e0 la qualit\u00e9 et au type de gouvernance avec une \u00e9valuation et une am\u00e9lioration continue.<\/em><\/p>\n<p><em>Nos initiatives visent aussi \u00e0 d\u00e9velopper l\u2019entrepreneuriat en ayant un incubateur qui servira de socle aux porteurs de projets. Il est important de rappeler l\u2019importance de l\u2019innovation qui est un facteur aussi d\u00e9terminant.<\/em><\/p>\n<p><em>Nous allons d\u00e9montrer par notre engagement qu\u2019il est possible de former des \u00e9tudiants qui seront dans un avenir proche les talents de ce secteur en \u00e9blouissement.<\/em>\u00a0\u00bb<\/p>\n<div class=\"page\" title=\"Page 1\">\n<div class=\"layoutArea\">\n<div class=\"column\" style=\"text-align: right;\">\n<p><strong>Le Directeur G\u00e9n\u00e9ral de l\u2019ENASTIC<\/strong><br \/>\n<strong>Dr HAGGAR BACHAR SALIM<\/strong><\/p>\n<\/div>\n<\/div>\n<\/div>\n<\/div>\n<\/div>\n<\/div>\n<\/div>\n\t\t<\/div><\/div><\/div><\/div>","protected":false},"excerpt":{"rendered":"<p>Le Directeur G\u00e9n\u00e9ral de l\u2019ENASTIC Dr Haggar Bachar Salim \u00ab\u00a0L\u2019ENASTIC par ses objectifs et ses missions ambitionne d\u2019offrir une formation qui entre en r\u00e9sonance avec les besoins du march\u00e9 de &hellip; <\/p>\n","protected":false},"author":1,"featured_media":0,"parent":5972,"menu_order":0,"comment_status":"closed","ping_status":"closed","template":"","meta":{"footnotes":""},"class_list":["post-7237","page","type-page","status-publish","hentry"],"translation":{"provider":"WPGlobus","version":"3.0.0","language":"fr","enabled_languages":["fr","en","ar"],"languages":{"fr":{"title":true,"content":true,"excerpt":false},"en":{"title":false,"content":false,"excerpt":false},"ar":{"title":false,"content":false,"excerpt":false}}},"yoast_head":"<!-- This site is optimized with the Yoast SEO plugin v25.5 - https:\/\/yoast.com\/wordpress\/plugins\/seo\/ -->\n<title>Mot du directeur - ENASTIC : Ecole Nationale Sup\u00e9rieure des Technologies de l\u2019Information et de la Communication<\/title>\n<meta name=\"robots\" content=\"index, follow, max-snippet:-1, max-image-preview:large, max-video-preview:-1\" \/>\n<link rel=\"canonical\" href=\"https:\/\/www.enastic.td\/?page_id=7237\" \/>\n<meta property=\"og:locale\" content=\"fr_FR\" \/>\n<meta property=\"og:type\" content=\"article\" \/>\n<meta property=\"og:title\" content=\"Mot du directeur - ENASTIC : Ecole Nationale Sup\u00e9rieure des Technologies de l\u2019Information et de la Communication\" \/>\n<meta property=\"og:url\" content=\"https:\/\/www.enastic.td\/?page_id=7237\" \/>\n<meta property=\"og:site_name\" content=\"ENASTIC : Ecole Nationale Sup\u00e9rieure des Technologies de l\u2019Information et de la Communication\" \/>\n<meta property=\"article:publisher\" content=\"https:\/\/www.facebook.com\/Enastic-TCHAD-168482340378234\/\" \/>\n<meta property=\"article:modified_time\" content=\"2021-12-06T20:48:20+00:00\" \/>\n<meta name=\"twitter:card\" content=\"summary_large_image\" \/>\n<meta name=\"twitter:site\" content=\"@ENASTIC_TCHAD\" \/>\n<meta name=\"twitter:label1\" content=\"Dur\u00e9e de lecture estim\u00e9e\" \/>\n\t<meta name=\"twitter:data1\" content=\"1 minute\" \/>\n<script type=\"application\/ld+json\" class=\"yoast-schema-graph\">{\"@context\":\"https:\/\/schema.org\",\"@graph\":[{\"@type\":\"WebPage\",\"@id\":\"https:\/\/www.enastic.td\/?page_id=7237\",\"url\":\"https:\/\/www.enastic.td\/?page_id=7237\",\"name\":\"Mot du directeur - ENASTIC : Ecole Nationale Sup\u00e9rieure des Technologies de l\u2019Information et de la Communication\",\"isPartOf\":{\"@id\":\"https:\/\/www.enastic.td\/#website\"},\"datePublished\":\"2018-01-11T13:42:44+00:00\",\"dateModified\":\"2021-12-06T20:48:20+00:00\",\"breadcrumb\":{\"@id\":\"https:\/\/www.enastic.td\/?page_id=7237#breadcrumb\"},\"inLanguage\":\"fr-FR\",\"potentialAction\":[{\"@type\":\"ReadAction\",\"target\":[\"https:\/\/www.enastic.td\/?page_id=7237\"]}]},{\"@type\":\"BreadcrumbList\",\"@id\":\"https:\/\/www.enastic.td\/?page_id=7237#breadcrumb\",\"itemListElement\":[{\"@type\":\"ListItem\",\"position\":1,\"name\":\"Accueil\",\"item\":\"https:\/\/www.enastic.td\/\"},{\"@type\":\"ListItem\",\"position\":2,\"name\":\"Pr\u00e9sentation\",\"item\":\"https:\/\/www.enastic.td\/?page_id=5972\"},{\"@type\":\"ListItem\",\"position\":3,\"name\":\"Mot du directeur\"}]},{\"@type\":\"WebSite\",\"@id\":\"https:\/\/www.enastic.td\/#website\",\"url\":\"https:\/\/www.enastic.td\/\",\"name\":\"ENASTIC : Ecole Nationale Sup\u00e9rieure des Technologies de l\u2019Information et de la Communication\",\"description\":\"Votre avenir commence par ici.\",\"potentialAction\":[{\"@type\":\"SearchAction\",\"target\":{\"@type\":\"EntryPoint\",\"urlTemplate\":\"https:\/\/www.enastic.td\/?s={search_term_string}\"},\"query-input\":{\"@type\":\"PropertyValueSpecification\",\"valueRequired\":true,\"valueName\":\"search_term_string\"}}],\"inLanguage\":\"fr-FR\"}]}<\/script>\n<!-- \/ Yoast SEO plugin. -->","yoast_head_json":{"title":"Mot du directeur - ENASTIC : Ecole Nationale Sup\u00e9rieure des Technologies de l\u2019Information et de la Communication","robots":{"index":"index","follow":"follow","max-snippet":"max-snippet:-1","max-image-preview":"max-image-preview:large","max-video-preview":"max-video-preview:-1"},"canonical":"https:\/\/www.enastic.td\/?page_id=7237","og_locale":"fr_FR","og_type":"article","og_title":"Mot du directeur - ENASTIC : Ecole Nationale Sup\u00e9rieure des Technologies de l\u2019Information et de la Communication","og_url":"https:\/\/www.enastic.td\/?page_id=7237","og_site_name":"ENASTIC : Ecole Nationale Sup\u00e9rieure des Technologies de l\u2019Information et de la Communication","article_publisher":"https:\/\/www.facebook.com\/Enastic-TCHAD-168482340378234\/","article_modified_time":"2021-12-06T20:48:20+00:00","twitter_card":"summary_large_image","twitter_site":"@ENASTIC_TCHAD","twitter_misc":{"Dur\u00e9e de lecture estim\u00e9e":"1 minute"},"schema":{"@context":"https:\/\/schema.org","@graph":[{"@type":"WebPage","@id":"https:\/\/www.enastic.td\/?page_id=7237","url":"https:\/\/www.enastic.td\/?page_id=7237","name":"Mot du directeur - ENASTIC : Ecole Nationale Sup\u00e9rieure des Technologies de l\u2019Information et de la Communication","isPartOf":{"@id":"https:\/\/www.enastic.td\/#website"},"datePublished":"2018-01-11T13:42:44+00:00","dateModified":"2021-12-06T20:48:20+00:00","breadcrumb":{"@id":"https:\/\/www.enastic.td\/?page_id=7237#breadcrumb"},"inLanguage":"fr-FR","potentialAction":[{"@type":"ReadAction","target":["https:\/\/www.enastic.td\/?page_id=7237"]}]},{"@type":"BreadcrumbList","@id":"https:\/\/www.enastic.td\/?page_id=7237#breadcrumb","itemListElement":[{"@type":"ListItem","position":1,"name":"Accueil","item":"https:\/\/www.enastic.td\/"},{"@type":"ListItem","position":2,"name":"Pr\u00e9sentation","item":"https:\/\/www.enastic.td\/?page_id=5972"},{"@type":"ListItem","position":3,"name":"Mot du directeur"}]},{"@type":"WebSite","@id":"https:\/\/www.enastic.td\/#website","url":"https:\/\/www.enastic.td\/","name":"ENASTIC : Ecole Nationale Sup\u00e9rieure des Technologies de l\u2019Information et de la Communication","description":"Votre avenir commence par ici.","potentialAction":[{"@type":"SearchAction","target":{"@type":"EntryPoint","urlTemplate":"https:\/\/www.enastic.td\/?s={search_term_string}"},"query-input":{"@type":"PropertyValueSpecification","valueRequired":true,"valueName":"search_term_string"}}],"inLanguage":"fr-FR"}]}},"_links":{"self":[{"href":"https:\/\/www.enastic.td\/index.php?rest_route=\/wp\/v2\/pages\/7237","targetHints":{"allow":["GET"]}}],"collection":[{"href":"https:\/\/www.enastic.td\/index.php?rest_route=\/wp\/v2\/pages"}],"about":[{"href":"https:\/\/www.enastic.td\/index.php?rest_route=\/wp\/v2\/types\/page"}],"author":[{"embeddable":true,"href":"https:\/\/www.enastic.td\/index.php?rest_route=\/wp\/v2\/users\/1"}],"replies":[{"embeddable":true,"href":"https:\/\/www.enastic.td\/index.php?rest_route=%2Fwp%2Fv2%2Fcomments&post=7237"}],"version-history":[{"count":20,"href":"https:\/\/www.enastic.td\/index.php?rest_route=\/wp\/v2\/pages\/7237\/revisions"}],"predecessor-version":[{"id":11703,"href":"https:\/\/www.enastic.td\/index.php?rest_route=\/wp\/v2\/pages\/7237\/revisions\/11703"}],"up":[{"embeddable":true,"href":"https:\/\/www.enastic.td\/index.php?rest_route=\/wp\/v2\/pages\/5972"}],"wp:attachment":[{"href":"https:\/\/www.enastic.td\/index.php?rest_route=%2Fwp%2Fv2%2Fmedia&parent=7237"}],"curies":[{"name":"wp","href":"https:\/\/api.w.org\/{rel}","templated":true}]}}