{"id":6693,"date":"2017-12-28T13:27:38","date_gmt":"2017-12-28T12:27:38","guid":{"rendered":"https:\/\/enastic.digitappgency.com\/?page_id=6693"},"modified":"2021-12-04T11:57:01","modified_gmt":"2021-12-04T10:57:01","slug":"international","status":"publish","type":"page","link":"https:\/\/www.enastic.td\/?page_id=6693","title":{"rendered":"Recherche et innovation"},"content":{"rendered":"<div id=\"pl-6693\"  class=\"panel-layout\" ><div id=\"pg-6693-0\"  class=\"panel-grid panel-no-style\" ><div id=\"pgc-6693-0-0\"  class=\"panel-grid-cell\" ><div id=\"panel-6693-0-0-0\" class=\"so-panel widget widget_text panel-first-child panel-last-child\" data-index=\"0\" ><div class=\"panel-widget-style panel-widget-style-for-6693-0-0-0\" >\t\t\t<div class=\"textwidget\"><div class=\"thim-apply-as-intructor\">\nL\u2019ENASTIC a construit un r\u00e9seau de partenaires excellents dans le domaine des Technologies de l\u2019Information et de la Communication. Une logique d\u2019accords a \u00e9t\u00e9 mise en place pour donner une dimension internationale \u00e0 son action et renforcer son expertise. Elle collabore notamment avec plusieurs \u00e9coles africaines et europ\u00e9ennes.\n<\/div>\n<\/div>\n\t\t<\/div><\/div><\/div><\/div><div id=\"pg-6693-1\"  class=\"panel-grid panel-no-style\" ><div id=\"pgc-6693-1-0\"  class=\"panel-grid-cell\" ><div id=\"panel-6693-1-0-0\" class=\"so-panel widget widget_heading panel-first-child panel-last-child\" data-index=\"1\" ><div class=\"thim-widget-heading thim-widget-heading-base template-base\"><div class=\"sc_heading text-center\"><h3 class=\"title\">Nos partenaires internationaux<\/h3><span style=\"background-color:#004494\" class=\"line\"><\/span><\/div><\/div><\/div><\/div><\/div><div id=\"pg-6693-2\"  class=\"panel-grid panel-has-style\" ><div class=\"panel-row-style panel-row-style-for-6693-2\" ><div id=\"pgc-6693-2-0\"  class=\"panel-grid-cell\" ><div id=\"panel-6693-2-0-0\" class=\"so-panel widget widget_single-images panel-first-child panel-last-child\" data-index=\"2\" ><div class=\"panel-widget-style panel-widget-style-for-6693-2-0-0\" ><div class=\"thim-widget-single-images thim-widget-single-images-base template-base\"><div class=\"single-image text-right\"><a href=\"http:\/\/www.esmt.sn\"><img src =\"https:\/\/www.enastic.td\/wp-content\/uploads\/2018\/01\/esmt.png\" width=\"280\" height=\"198\" alt=\"\"\/><\/a><\/div><\/div><\/div><\/div><\/div><div id=\"pgc-6693-2-1\"  class=\"panel-grid-cell\" ><div id=\"panel-6693-2-1-0\" class=\"so-panel widget widget_text panel-first-child panel-last-child\" data-index=\"3\" ><div class=\"panel-widget-style panel-widget-style-for-6693-2-1-0\" >\t\t\t<div class=\"textwidget\"><div style=\"text-align:justify;\">L\u2019ESMT cr\u00e9\u00e9e par sept pays d\u2019Afrique de l\u2019Ouest cons\u00e9cutivement \u00e0 un programme des Nations Unies est un acteur de formation majeur dans le domaine des TIC. Une r\u00e9elle coop\u00e9ration avec l\u2019<em>ENASTIC<\/em> permettra de renforcer l\u2019expertise de chacun.<\/div>\n<\/div>\n\t\t<\/div><\/div><\/div><\/div><\/div><div id=\"pg-6693-3\"  class=\"panel-grid panel-has-style\" ><div class=\"panel-row-style panel-row-style-for-6693-3\" ><div id=\"pgc-6693-3-0\"  class=\"panel-grid-cell\" ><div id=\"panel-6693-3-0-0\" class=\"so-panel widget widget_text panel-first-child panel-last-child\" data-index=\"4\" ><div class=\"panel-widget-style panel-widget-style-for-6693-3-0-0\" >\t\t\t<div class=\"textwidget\"><div style=\"text-align:justify;\">L\u2019Universit\u00e9 de Limoges poss\u00e8de plusieurs d\u00e9partements sp\u00e9cialiste des TIC et travaille avec des laboratoires d\u2019excellences sur les probl\u00e9matiques actuelles des Technologies de communication. De r\u00e9elles synergies existent et permettent des collaborations sur les travaux de recherche.<\/div>\n<\/div>\n\t\t<\/div><\/div><\/div><div id=\"pgc-6693-3-1\"  class=\"panel-grid-cell\" ><div id=\"panel-6693-3-1-0\" class=\"so-panel widget widget_single-images panel-first-child panel-last-child\" data-index=\"5\" ><div class=\"panel-widget-style panel-widget-style-for-6693-3-1-0\" ><div class=\"thim-widget-single-images thim-widget-single-images-base template-base\"><div class=\"single-image text-left\"><a href=\"https:\/\/www.unilim.fr\/\"><img src =\"https:\/\/www.enastic.td\/wp-content\/uploads\/2017\/12\/Unilim-300x98.png\" width=\"300\" height=\"98\" alt=\"\"\/><\/a><\/div><\/div><\/div><\/div><\/div><\/div><\/div><div id=\"pg-6693-4\"  class=\"panel-grid panel-has-style\" ><div class=\"panel-row-style panel-row-style-for-6693-4\" ><div id=\"pgc-6693-4-0\"  class=\"panel-grid-cell\" ><div id=\"panel-6693-4-0-0\" class=\"so-panel widget widget_single-images panel-first-child panel-last-child\" data-index=\"6\" ><div class=\"panel-widget-style panel-widget-style-for-6693-4-0-0\" ><div class=\"thim-widget-single-images thim-widget-single-images-base template-base\"><div class=\"single-image text-right\"><a href=\"http:\/\/www.esp.sn\"><img src =\"https:\/\/www.enastic.td\/wp-content\/uploads\/2017\/10\/esp-150x150.png\" width=\"150\" height=\"150\" alt=\"\"\/><\/a><\/div><\/div><\/div><\/div><\/div><div id=\"pgc-6693-4-1\"  class=\"panel-grid-cell\" ><div id=\"panel-6693-4-1-0\" class=\"so-panel widget widget_text panel-first-child panel-last-child\" data-index=\"7\" ><div class=\"panel-widget-style panel-widget-style-for-6693-4-1-0\" >\t\t\t<div class=\"textwidget\"><div style=\"text-align:justify;\">L\u2019ESP est la structure la plus importante de formation au S\u00e9n\u00e9gal. Sa pluralit\u00e9 de d\u00e9partements lui conf\u00e8re une grande diversit\u00e9 d\u2019experts dans de nombreux domaines.<\/div>\n<\/div>\n\t\t<\/div><\/div><\/div><\/div><\/div><div id=\"pg-6693-5\"  class=\"panel-grid panel-has-style\" ><div class=\"panel-row-style panel-row-style-for-6693-5\" ><div id=\"pgc-6693-5-0\"  class=\"panel-grid-cell\" ><div id=\"panel-6693-5-0-0\" class=\"so-panel widget widget_text panel-first-child panel-last-child\" data-index=\"8\" ><div class=\"panel-widget-style panel-widget-style-for-6693-5-0-0\" >\t\t\t<div class=\"textwidget\"><div style=\"text-align: justify;\">ESIEE est une \u00e9cole d\u2019ing\u00e9nieur g\u00e9n\u00e9raliste dans le domaine des nouvelles technologies. Plusieurs domaines notamment sur les syst\u00e8mes d\u2019informations sont particuli\u00e8rement li\u00e9s \u00e0 certaines fili\u00e8res de l\u2019<em>ENASTIC<\/em>.<\/div>\n<\/div>\n\t\t<\/div><\/div><\/div><div id=\"pgc-6693-5-1\"  class=\"panel-grid-cell\" ><div id=\"panel-6693-5-1-0\" class=\"so-panel widget widget_single-images panel-first-child panel-last-child\" data-index=\"9\" ><div class=\"panel-widget-style panel-widget-style-for-6693-5-1-0\" ><div class=\"thim-widget-single-images thim-widget-single-images-base template-base\"><div class=\"single-image text-left\"><a href=\"http:\/\/www.esiee.fr\"><img src =\"https:\/\/www.enastic.td\/wp-content\/uploads\/2017\/12\/ESIEE-Paris-e1514912390575.png\" width=\"263\" height=\"125\" alt=\"\"\/><\/a><\/div><\/div><\/div><\/div><\/div><\/div><\/div><div id=\"pg-6693-6\"  class=\"panel-grid panel-has-style\" ><div class=\"panel-row-style panel-row-style-for-6693-6\" ><div id=\"pgc-6693-6-0\"  class=\"panel-grid-cell panel-grid-cell-empty panel-grid-cell-mobile-last\" ><\/div><div id=\"pgc-6693-6-1\"  class=\"panel-grid-cell panel-grid-cell-empty\" ><\/div><\/div><\/div><div id=\"pg-6693-7\"  class=\"panel-grid panel-has-style\" ><div class=\"panel-row-style panel-row-style-for-6693-7\" ><div id=\"pgc-6693-7-0\"  class=\"panel-grid-cell panel-grid-cell-empty panel-grid-cell-mobile-last\" ><\/div><div id=\"pgc-6693-7-1\"  class=\"panel-grid-cell panel-grid-cell-empty\" ><\/div><\/div><\/div><div id=\"pg-6693-8\"  class=\"panel-grid panel-has-style\" ><div class=\"panel-row-style panel-row-style-for-6693-8\" ><div id=\"pgc-6693-8-0\"  class=\"panel-grid-cell panel-grid-cell-empty panel-grid-cell-mobile-last\" ><\/div><div id=\"pgc-6693-8-1\"  class=\"panel-grid-cell panel-grid-cell-empty\" ><\/div><\/div><\/div><\/div>","protected":false},"excerpt":{"rendered":"<p>L\u2019ENASTIC a construit un r\u00e9seau de partenaires excellents dans le domaine des Technologies de l\u2019Information et de la Communication. Une logique d\u2019accords a \u00e9t\u00e9 mise en place pour donner une &hellip; <\/p>\n","protected":false},"author":1,"featured_media":0,"parent":0,"menu_order":0,"comment_status":"closed","ping_status":"closed","template":"","meta":{"footnotes":""},"class_list":["post-6693","page","type-page","status-publish","hentry"],"translation":{"provider":"WPGlobus","version":"3.0.0","language":"fr","enabled_languages":["fr","en","ar"],"languages":{"fr":{"title":true,"content":true,"excerpt":false},"en":{"title":false,"content":false,"excerpt":false},"ar":{"title":false,"content":false,"excerpt":false}}},"yoast_head":"<!-- This site is optimized with the Yoast SEO plugin v25.5 - https:\/\/yoast.com\/wordpress\/plugins\/seo\/ -->\n<title>Recherche et innovation - ENASTIC : Ecole Nationale Sup\u00e9rieure des Technologies de l\u2019Information et de la Communication<\/title>\n<meta name=\"robots\" content=\"index, follow, max-snippet:-1, max-image-preview:large, max-video-preview:-1\" \/>\n<link rel=\"canonical\" href=\"https:\/\/www.enastic.td\/?page_id=6693\" \/>\n<meta property=\"og:locale\" content=\"fr_FR\" \/>\n<meta property=\"og:type\" content=\"article\" \/>\n<meta property=\"og:title\" content=\"Recherche et innovation - ENASTIC : Ecole Nationale Sup\u00e9rieure des Technologies de l\u2019Information et de la Communication\" \/>\n<meta property=\"og:url\" content=\"https:\/\/www.enastic.td\/?page_id=6693\" \/>\n<meta property=\"og:site_name\" content=\"ENASTIC : Ecole Nationale Sup\u00e9rieure des Technologies de l\u2019Information et de la Communication\" \/>\n<meta property=\"article:publisher\" content=\"https:\/\/www.facebook.com\/Enastic-TCHAD-168482340378234\/\" \/>\n<meta property=\"article:modified_time\" content=\"2021-12-04T10:57:01+00:00\" \/>\n<meta name=\"twitter:card\" content=\"summary_large_image\" \/>\n<meta name=\"twitter:site\" content=\"@ENASTIC_TCHAD\" \/>\n<meta name=\"twitter:label1\" content=\"Dur\u00e9e de lecture estim\u00e9e\" \/>\n\t<meta name=\"twitter:data1\" content=\"1 minute\" \/>\n<script type=\"application\/ld+json\" class=\"yoast-schema-graph\">{\"@context\":\"https:\/\/schema.org\",\"@graph\":[{\"@type\":\"WebPage\",\"@id\":\"https:\/\/www.enastic.td\/?page_id=6693\",\"url\":\"https:\/\/www.enastic.td\/?page_id=6693\",\"name\":\"Recherche et innovation - ENASTIC : Ecole Nationale Sup\u00e9rieure des Technologies de l\u2019Information et de la Communication\",\"isPartOf\":{\"@id\":\"https:\/\/www.enastic.td\/#website\"},\"datePublished\":\"2017-12-28T12:27:38+00:00\",\"dateModified\":\"2021-12-04T10:57:01+00:00\",\"breadcrumb\":{\"@id\":\"https:\/\/www.enastic.td\/?page_id=6693#breadcrumb\"},\"inLanguage\":\"fr-FR\",\"potentialAction\":[{\"@type\":\"ReadAction\",\"target\":[\"https:\/\/www.enastic.td\/?page_id=6693\"]}]},{\"@type\":\"BreadcrumbList\",\"@id\":\"https:\/\/www.enastic.td\/?page_id=6693#breadcrumb\",\"itemListElement\":[{\"@type\":\"ListItem\",\"position\":1,\"name\":\"Accueil\",\"item\":\"https:\/\/www.enastic.td\/\"},{\"@type\":\"ListItem\",\"position\":2,\"name\":\"Recherche et innovation\"}]},{\"@type\":\"WebSite\",\"@id\":\"https:\/\/www.enastic.td\/#website\",\"url\":\"https:\/\/www.enastic.td\/\",\"name\":\"ENASTIC : Ecole Nationale Sup\u00e9rieure des Technologies de l\u2019Information et de la Communication\",\"description\":\"Votre avenir commence par ici.\",\"potentialAction\":[{\"@type\":\"SearchAction\",\"target\":{\"@type\":\"EntryPoint\",\"urlTemplate\":\"https:\/\/www.enastic.td\/?s={search_term_string}\"},\"query-input\":{\"@type\":\"PropertyValueSpecification\",\"valueRequired\":true,\"valueName\":\"search_term_string\"}}],\"inLanguage\":\"fr-FR\"}]}<\/script>\n<!-- \/ Yoast SEO plugin. -->","yoast_head_json":{"title":"Recherche et innovation - ENASTIC : Ecole Nationale Sup\u00e9rieure des Technologies de l\u2019Information et de la Communication","robots":{"index":"index","follow":"follow","max-snippet":"max-snippet:-1","max-image-preview":"max-image-preview:large","max-video-preview":"max-video-preview:-1"},"canonical":"https:\/\/www.enastic.td\/?page_id=6693","og_locale":"fr_FR","og_type":"article","og_title":"Recherche et innovation - ENASTIC : Ecole Nationale Sup\u00e9rieure des Technologies de l\u2019Information et de la Communication","og_url":"https:\/\/www.enastic.td\/?page_id=6693","og_site_name":"ENASTIC : Ecole Nationale Sup\u00e9rieure des Technologies de l\u2019Information et de la Communication","article_publisher":"https:\/\/www.facebook.com\/Enastic-TCHAD-168482340378234\/","article_modified_time":"2021-12-04T10:57:01+00:00","twitter_card":"summary_large_image","twitter_site":"@ENASTIC_TCHAD","twitter_misc":{"Dur\u00e9e de lecture estim\u00e9e":"1 minute"},"schema":{"@context":"https:\/\/schema.org","@graph":[{"@type":"WebPage","@id":"https:\/\/www.enastic.td\/?page_id=6693","url":"https:\/\/www.enastic.td\/?page_id=6693","name":"Recherche et innovation - ENASTIC : Ecole Nationale Sup\u00e9rieure des Technologies de l\u2019Information et de la Communication","isPartOf":{"@id":"https:\/\/www.enastic.td\/#website"},"datePublished":"2017-12-28T12:27:38+00:00","dateModified":"2021-12-04T10:57:01+00:00","breadcrumb":{"@id":"https:\/\/www.enastic.td\/?page_id=6693#breadcrumb"},"inLanguage":"fr-FR","potentialAction":[{"@type":"ReadAction","target":["https:\/\/www.enastic.td\/?page_id=6693"]}]},{"@type":"BreadcrumbList","@id":"https:\/\/www.enastic.td\/?page_id=6693#breadcrumb","itemListElement":[{"@type":"ListItem","position":1,"name":"Accueil","item":"https:\/\/www.enastic.td\/"},{"@type":"ListItem","position":2,"name":"Recherche et innovation"}]},{"@type":"WebSite","@id":"https:\/\/www.enastic.td\/#website","url":"https:\/\/www.enastic.td\/","name":"ENASTIC : Ecole Nationale Sup\u00e9rieure des Technologies de l\u2019Information et de la Communication","description":"Votre avenir commence par ici.","potentialAction":[{"@type":"SearchAction","target":{"@type":"EntryPoint","urlTemplate":"https:\/\/www.enastic.td\/?s={search_term_string}"},"query-input":{"@type":"PropertyValueSpecification","valueRequired":true,"valueName":"search_term_string"}}],"inLanguage":"fr-FR"}]}},"_links":{"self":[{"href":"https:\/\/www.enastic.td\/index.php?rest_route=\/wp\/v2\/pages\/6693","targetHints":{"allow":["GET"]}}],"collection":[{"href":"https:\/\/www.enastic.td\/index.php?rest_route=\/wp\/v2\/pages"}],"about":[{"href":"https:\/\/www.enastic.td\/index.php?rest_route=\/wp\/v2\/types\/page"}],"author":[{"embeddable":true,"href":"https:\/\/www.enastic.td\/index.php?rest_route=\/wp\/v2\/users\/1"}],"replies":[{"embeddable":true,"href":"https:\/\/www.enastic.td\/index.php?rest_route=%2Fwp%2Fv2%2Fcomments&post=6693"}],"version-history":[{"count":11,"href":"https:\/\/www.enastic.td\/index.php?rest_route=\/wp\/v2\/pages\/6693\/revisions"}],"predecessor-version":[{"id":11568,"href":"https:\/\/www.enastic.td\/index.php?rest_route=\/wp\/v2\/pages\/6693\/revisions\/11568"}],"wp:attachment":[{"href":"https:\/\/www.enastic.td\/index.php?rest_route=%2Fwp%2Fv2%2Fmedia&parent=6693"}],"curies":[{"name":"wp","href":"https:\/\/api.w.org\/{rel}","templated":true}]}}