{"id":6300,"date":"2017-10-09T11:08:40","date_gmt":"2017-10-09T09:08:40","guid":{"rendered":"https:\/\/enastic.digitappgency.com\/?page_id=6300"},"modified":"2019-01-23T17:30:10","modified_gmt":"2019-01-23T16:30:10","slug":"partenaires","status":"publish","type":"page","link":"https:\/\/www.enastic.td\/?page_id=6300","title":{"rendered":"Partenaires"},"content":{"rendered":"<div id=\"pl-6300\"  class=\"panel-layout\" ><div id=\"pg-6300-0\"  class=\"panel-grid panel-no-style\" ><div id=\"pgc-6300-0-0\"  class=\"panel-grid-cell\" ><div id=\"panel-6300-0-0-0\" class=\"so-panel widget widget_empty-space panel-first-child panel-last-child\" data-index=\"0\" ><div class=\"thim-widget-empty-space thim-widget-empty-space-base template-base\"><div class=\"empty_space\" style=\"height:30px\"><\/div><\/div><\/div><\/div><\/div><div id=\"pg-6300-1\"  class=\"panel-grid panel-no-style\" ><div id=\"pgc-6300-1-0\"  class=\"panel-grid-cell\" ><div id=\"panel-6300-1-0-0\" class=\"so-panel widget widget_text panel-first-child panel-last-child\" data-index=\"1\" >\t\t\t<div class=\"textwidget\"><ul class=\"kiwi-logo-carousel kiwi-logo-carousel-partenaires default align-center col4\"><li style=\"height:150px;\"><a target=\"_blank\" href=\"http:\/\/www.adetic.td\/\"><div class=\"helper\" style=\"height:150px; width:200px;\" ><img decoding=\"async\" src=\"https:\/\/www.enastic.td\/wp-content\/uploads\/2017\/11\/adetic_2.jpg\" alt=\"ADETIC\" title=\"ADETIC\"><\/div><\/a><\/li><li style=\"height:150px;\"><a target=\"_blank\" href=\"http:\/\/africa.airtel.com\/wps\/wcm\/connect\/africarevamp\/Chad\/\"><div class=\"helper\" style=\"height:150px; width:200px;\" ><img decoding=\"async\" src=\"https:\/\/www.enastic.td\/wp-content\/uploads\/2017\/11\/airtel_2.jpg\" alt=\"AIRTEL\" title=\"AIRTEL\"><\/div><\/a><\/li><li style=\"height:150px;\"><a target=\"_blank\" href=\"http:\/\/www.arcep.td\/\"><div class=\"helper\" style=\"height:150px; width:200px;\" ><img decoding=\"async\" src=\"https:\/\/www.enastic.td\/wp-content\/uploads\/2017\/11\/arcep_2.jpg\" alt=\"ARCEP\" title=\"ARCEP\"><\/div><\/a><\/li><li style=\"height:150px;\"><a target=\"_blank\" href=\"http:\/\/www.esmt.sn\/\"><div class=\"helper\" style=\"height:150px; width:200px;\" ><img decoding=\"async\" src=\"https:\/\/www.enastic.td\/wp-content\/uploads\/2017\/11\/esmt_2.jpg\" alt=\"ESMT\" title=\"ESMT\"><\/div><\/a><\/li><li style=\"height:150px;\"><a target=\"_blank\" href=\"http:\/\/www.td.tigo.com\/\"><div class=\"helper\" style=\"height:150px; width:200px;\" ><img decoding=\"async\" src=\"https:\/\/www.enastic.td\/wp-content\/uploads\/2017\/10\/tigo.png\" alt=\"TIGO\" title=\"TIGO\"><\/div><\/a><\/li><li style=\"height:150px;\"><a target=\"_blank\" href=\"http:\/\/iusta.lescigales.org\/\"><div class=\"helper\" style=\"height:150px; width:200px;\" ><img decoding=\"async\" src=\"https:\/\/www.enastic.td\/wp-content\/uploads\/2017\/10\/inssta.png\" alt=\"Institut National Sup\u00e9rieure des Sciences et Techniques d'Ab\u00e9ch\u00e9\" title=\"Institut National Sup\u00e9rieure des Sciences et Techniques d'Ab\u00e9ch\u00e9\"><\/div><\/a><\/li><li style=\"height:150px;\"><a target=\"_blank\" href=\"http:\/\/universite-ndjamena.org\/\"><div class=\"helper\" style=\"height:150px; width:200px;\" ><img decoding=\"async\" src=\"https:\/\/www.enastic.td\/wp-content\/uploads\/2017\/10\/undt.png\" alt=\"Universit\u00e9 de N\u2019Djamena (Facult\u00e9 des Sciences Exactes et Appliqu\u00e9es de Farcha)\" title=\"Universit\u00e9 de N\u2019Djamena (Facult\u00e9 des Sciences Exactes et Appliqu\u00e9es de Farcha)\"><\/div><\/a><\/li><li style=\"height:150px;\" ><div class=\"helper\" style=\"height:150px; width:200px;\" ><img decoding=\"async\" src=\"https:\/\/www.enastic.td\/wp-content\/uploads\/2017\/10\/cnrd.png\" alt=\"Centre National de Recherche pour le D\u00e9veloppement\" title=\"Centre National de Recherche pour le D\u00e9veloppement\" style=\"max-width:200px; padding-left: 0px; padding-right:0px\" ><\/div><\/li><li style=\"height:150px;\"><a target=\"_blank\" href=\"http:\/\/www.uvt.td\/\"><div class=\"helper\" style=\"height:150px; width:200px;\" ><img decoding=\"async\" src=\"https:\/\/www.enastic.td\/wp-content\/uploads\/2017\/10\/uvt.png\" alt=\"Universit\u00e9 Virtuelle du Tchad\" title=\"Universit\u00e9 Virtuelle du Tchad\"><\/div><\/a><\/li><li style=\"height:150px;\"><a target=\"_blank\" href=\"http:\/\/www.esp.sn\/\"><div class=\"helper\" style=\"height:150px; width:200px;\" ><img decoding=\"async\" src=\"https:\/\/www.enastic.td\/wp-content\/uploads\/2017\/10\/esp.png\" alt=\"ESP de Dakar (Universit\u00e9 Cheikh Anta Diop de Dakar)\" title=\"ESP de Dakar (Universit\u00e9 Cheikh Anta Diop de Dakar)\"><\/div><\/a><\/li><li style=\"height:150px;\"><a target=\"_blank\" href=\"http:\/\/unice.fr\/\"><div class=\"helper\" style=\"height:150px; width:200px;\" ><img decoding=\"async\" src=\"https:\/\/www.enastic.td\/wp-content\/uploads\/2017\/10\/unice-e1514912326724.png\" alt=\"Universit\u00e9 Nice Sophia Antipolis\" title=\"Universit\u00e9 Nice Sophia Antipolis\"><\/div><\/a><\/li><li style=\"height:150px;\"><a target=\"_blank\" href=\"http:\/\/www.mpntic.gouv.td\/entities\/stpe\"><div class=\"helper\" style=\"height:150px; width:200px;\" ><img decoding=\"async\" src=\"https:\/\/www.enastic.td\/wp-content\/uploads\/2017\/10\/stpe.png\" alt=\"Soci\u00e9t\u00e9 Tchadienne des Postes et d\u2019Epargne\" title=\"Soci\u00e9t\u00e9 Tchadienne des Postes et d\u2019Epargne\"><\/div><\/a><\/li><li style=\"height:150px;\" ><div class=\"helper\" style=\"height:150px; width:200px;\" ><img decoding=\"async\" src=\"https:\/\/www.enastic.td\/wp-content\/uploads\/2018\/02\/SCAN0002_2.jpg\" alt=\"Universit\u00e9 Roi Faycal\" title=\"Universit\u00e9 Roi Faycal\" style=\"max-width:200px; padding-left: 0px; padding-right:0px\" ><\/div><\/li><li style=\"height:150px;\"><a target=\"_blank\" href=\"https:\/\/www.huawei.com\/\"><div class=\"helper\" style=\"height:150px; width:200px;\" ><img decoding=\"async\" src=\"https:\/\/www.enastic.td\/wp-content\/uploads\/2018\/08\/HUAWEI.png\" alt=\"HUAWEI\" title=\"HUAWEI\"><\/div><\/a><\/li><li style=\"height:150px;\"><a target=\"_blank\" href=\"http:\/\/www.univ-reims.fr\"><div class=\"helper\" style=\"height:150px; width:200px;\" ><img decoding=\"async\" src=\"https:\/\/www.enastic.td\/wp-content\/uploads\/2018\/08\/LOGO-URCA_2.jpg\" alt=\"Universit\u00e9 de Reims Champagne-Ardenne\" title=\"Universit\u00e9 de Reims Champagne-Ardenne\"><\/div><\/a><\/li><li style=\"height:150px;\" ><div class=\"helper\" style=\"height:150px; width:200px;\" ><img decoding=\"async\" src=\"https:\/\/www.enastic.td\/wp-content\/uploads\/2018\/10\/ANSICE.png\" alt=\"ANSICE\" title=\"ANSICE\" style=\"max-width:200px; padding-left: 0px; padding-right:0px\" ><\/div><\/li><\/ul>\n<\/div>\n\t\t<\/div><\/div><\/div><div id=\"pg-6300-2\"  class=\"panel-grid panel-no-style\" ><div id=\"pgc-6300-2-0\"  class=\"panel-grid-cell\" ><div id=\"panel-6300-2-0-0\" class=\"so-panel widget widget_heading panel-first-child\" data-index=\"2\" ><div class=\"panel-widget-style panel-widget-style-for-6300-2-0-0\" ><div class=\"thim-widget-heading thim-widget-heading-base template-base\"><div class=\"sc_heading text-left\"><h3 class=\"title\">Des partenaires engag\u00e9s<\/h3><span style=\"background-color:#004494\" class=\"line\"><\/span><\/div><\/div><\/div><\/div><div id=\"panel-6300-2-0-1\" class=\"so-panel widget widget_text panel-last-child\" data-index=\"3\" ><div class=\"panel-widget-style panel-widget-style-for-6300-2-0-1\" >\t\t\t<div class=\"textwidget\"><p>L\u2019<em>ENASTIC<\/em> compte tenir son rang au niveau international et pr\u00e9voit de s\u2019appuyer sur un important r\u00e9seau de partenaires. Une campagne d\u2019actions d\u2019informations et de sensibilisations sera men\u00e9e pour capter la demande nationale et internationale. Elle peut d\u00e9j\u00e0 compter sur l\u2019appui de plusieurs institutions gouvernementales\u00a0: l\u2019<strong>ARCEP<\/strong>, l\u2019<strong>ADETIC<\/strong> et <strong>STPE<\/strong> et d\u2019op\u00e9rateurs t\u00e9l\u00e9phoniques tels que le groupe <strong>Sotel Tchad<\/strong>, <strong>Airtel<\/strong> et <strong>Tigo<\/strong>. Une coop\u00e9ration acad\u00e9mique nationale et internationale est en place avec l\u2019apport de plusieurs \u00e9coles fran\u00e7aises et africaines cit\u00e9es dans l\u2019onglet <a href=\"https:\/\/enastic.digitappgency.com\/international\/\">international<\/a>. L\u2019<em>ENASTIC<\/em> s\u2019appuie \u00e9galement sur toutes <strong>institutions publiques ou priv\u00e9es<\/strong>, <strong>l\u2019Agence Universitaire de la Francophonie\u00a0<\/strong>, des <strong>agences de valorisation<\/strong>, les <strong>repr\u00e9sentants diplomatiques<\/strong> et les <strong>partenaires bancaires<\/strong>.<\/p>\n<p>Ce tissu de partenaires est essentiel au bon d\u00e9veloppement national et international de l\u2019ENASTIC. Les \u00e9tudiants de l\u2019ENASTIC sont amen\u00e9s \u00e0 devenir les futurs ing\u00e9nieurs de ces entreprises, les travaux de recherches \u00e0 transformer et \u00e0 fa\u00e7onner le monde de demain. Ces objectifs ne seront remplis que par l\u2019\u00e9troite collaboration des acteurs de l\u2019ENASTIC avec les partenaires.<\/p>\n<\/div>\n\t\t<\/div><\/div><\/div><\/div><div id=\"pg-6300-3\"  class=\"panel-grid panel-has-style\" ><div class=\"so-parallax siteorigin-panels-stretch panel-row-style panel-row-style-for-6300-3\" data-stretch-type=\"full\" ><img fetchpriority=\"high\" decoding=\"async\" width=\"1920\" height=\"1280\" src=\"https:\/\/www.enastic.td\/wp-content\/uploads\/2018\/04\/fibre.jpg\" class=\"attachment-full size-full\" alt=\"\" data-siteorigin-parallax=\"true\" loading=\"eager\" srcset=\"https:\/\/www.enastic.td\/wp-content\/uploads\/2018\/04\/fibre.jpg 1920w, https:\/\/www.enastic.td\/wp-content\/uploads\/2018\/04\/fibre-300x200.jpg 300w, https:\/\/www.enastic.td\/wp-content\/uploads\/2018\/04\/fibre-768x512.jpg 768w, https:\/\/www.enastic.td\/wp-content\/uploads\/2018\/04\/fibre-1024x683.jpg 1024w\" sizes=\"(max-width: 1920px) 100vw, 1920px\" \/><div id=\"pgc-6300-3-0\"  class=\"panel-grid-cell\" ><div id=\"panel-6300-3-0-0\" class=\"so-panel widget widget_empty-space panel-first-child panel-last-child\" data-index=\"4\" ><div class=\"thim-widget-empty-space thim-widget-empty-space-base template-base\"><div class=\"empty_space\" style=\"height:400px\"><\/div><\/div><\/div><\/div><\/div><\/div><\/div>","protected":false},"excerpt":{"rendered":"<p>Des partenaires engag\u00e9s L\u2019ENASTIC compte tenir son rang au niveau international et pr\u00e9voit de s\u2019appuyer sur un important r\u00e9seau de partenaires. Une campagne d\u2019actions d\u2019informations et de sensibilisations sera men\u00e9e &hellip; <\/p>\n","protected":false},"author":1,"featured_media":0,"parent":0,"menu_order":0,"comment_status":"closed","ping_status":"closed","template":"","meta":{"footnotes":""},"class_list":["post-6300","page","type-page","status-publish","hentry"],"translation":{"provider":"WPGlobus","version":"3.0.0","language":"fr","enabled_languages":["fr","en","ar"],"languages":{"fr":{"title":true,"content":true,"excerpt":false},"en":{"title":false,"content":false,"excerpt":false},"ar":{"title":false,"content":false,"excerpt":false}}},"yoast_head":"<!-- This site is optimized with the Yoast SEO plugin v25.5 - https:\/\/yoast.com\/wordpress\/plugins\/seo\/ -->\n<title>Partenaires - ENASTIC : Ecole Nationale Sup\u00e9rieure des Technologies de l\u2019Information et de la Communication<\/title>\n<meta name=\"robots\" content=\"index, follow, max-snippet:-1, max-image-preview:large, max-video-preview:-1\" \/>\n<link rel=\"canonical\" href=\"https:\/\/www.enastic.td\/?page_id=6300\" \/>\n<meta property=\"og:locale\" content=\"fr_FR\" \/>\n<meta property=\"og:type\" content=\"article\" \/>\n<meta property=\"og:title\" content=\"Partenaires - ENASTIC : Ecole Nationale Sup\u00e9rieure des Technologies de l\u2019Information et de la Communication\" \/>\n<meta property=\"og:url\" content=\"https:\/\/www.enastic.td\/?page_id=6300\" \/>\n<meta property=\"og:site_name\" content=\"ENASTIC : Ecole Nationale Sup\u00e9rieure des Technologies de l\u2019Information et de la Communication\" \/>\n<meta property=\"article:publisher\" content=\"https:\/\/www.facebook.com\/Enastic-TCHAD-168482340378234\/\" \/>\n<meta property=\"article:modified_time\" content=\"2019-01-23T16:30:10+00:00\" \/>\n<meta property=\"og:image\" content=\"https:\/\/www.enastic.td\/wp-content\/uploads\/2017\/10\/adetic.png\" \/>\n<meta name=\"twitter:card\" content=\"summary_large_image\" \/>\n<meta name=\"twitter:site\" content=\"@ENASTIC_TCHAD\" \/>\n<meta name=\"twitter:label1\" content=\"Dur\u00e9e de lecture estim\u00e9e\" \/>\n\t<meta name=\"twitter:data1\" content=\"1 minute\" \/>\n<script type=\"application\/ld+json\" class=\"yoast-schema-graph\">{\"@context\":\"https:\/\/schema.org\",\"@graph\":[{\"@type\":\"WebPage\",\"@id\":\"https:\/\/www.enastic.td\/?page_id=6300\",\"url\":\"https:\/\/www.enastic.td\/?page_id=6300\",\"name\":\"Partenaires - ENASTIC : Ecole Nationale Sup\u00e9rieure des Technologies de l\u2019Information et de la Communication\",\"isPartOf\":{\"@id\":\"https:\/\/www.enastic.td\/#website\"},\"primaryImageOfPage\":{\"@id\":\"https:\/\/www.enastic.td\/?page_id=6300#primaryimage\"},\"image\":{\"@id\":\"https:\/\/www.enastic.td\/?page_id=6300#primaryimage\"},\"thumbnailUrl\":\"https:\/\/www.enastic.td\/wp-content\/uploads\/2017\/10\/adetic.png\",\"datePublished\":\"2017-10-09T09:08:40+00:00\",\"dateModified\":\"2019-01-23T16:30:10+00:00\",\"breadcrumb\":{\"@id\":\"https:\/\/www.enastic.td\/?page_id=6300#breadcrumb\"},\"inLanguage\":\"fr-FR\",\"potentialAction\":[{\"@type\":\"ReadAction\",\"target\":[\"https:\/\/www.enastic.td\/?page_id=6300\"]}]},{\"@type\":\"ImageObject\",\"inLanguage\":\"fr-FR\",\"@id\":\"https:\/\/www.enastic.td\/?page_id=6300#primaryimage\",\"url\":\"https:\/\/www.enastic.td\/wp-content\/uploads\/2017\/10\/adetic.png\",\"contentUrl\":\"https:\/\/www.enastic.td\/wp-content\/uploads\/2017\/10\/adetic.png\",\"width\":945,\"height\":376},{\"@type\":\"BreadcrumbList\",\"@id\":\"https:\/\/www.enastic.td\/?page_id=6300#breadcrumb\",\"itemListElement\":[{\"@type\":\"ListItem\",\"position\":1,\"name\":\"Accueil\",\"item\":\"https:\/\/www.enastic.td\/\"},{\"@type\":\"ListItem\",\"position\":2,\"name\":\"Partenaires\"}]},{\"@type\":\"WebSite\",\"@id\":\"https:\/\/www.enastic.td\/#website\",\"url\":\"https:\/\/www.enastic.td\/\",\"name\":\"ENASTIC : Ecole Nationale Sup\u00e9rieure des Technologies de l\u2019Information et de la Communication\",\"description\":\"Votre avenir commence par ici.\",\"potentialAction\":[{\"@type\":\"SearchAction\",\"target\":{\"@type\":\"EntryPoint\",\"urlTemplate\":\"https:\/\/www.enastic.td\/?s={search_term_string}\"},\"query-input\":{\"@type\":\"PropertyValueSpecification\",\"valueRequired\":true,\"valueName\":\"search_term_string\"}}],\"inLanguage\":\"fr-FR\"}]}<\/script>\n<!-- \/ Yoast SEO plugin. -->","yoast_head_json":{"title":"Partenaires - ENASTIC : Ecole Nationale Sup\u00e9rieure des Technologies de l\u2019Information et de la Communication","robots":{"index":"index","follow":"follow","max-snippet":"max-snippet:-1","max-image-preview":"max-image-preview:large","max-video-preview":"max-video-preview:-1"},"canonical":"https:\/\/www.enastic.td\/?page_id=6300","og_locale":"fr_FR","og_type":"article","og_title":"Partenaires - ENASTIC : Ecole Nationale Sup\u00e9rieure des Technologies de l\u2019Information et de la Communication","og_url":"https:\/\/www.enastic.td\/?page_id=6300","og_site_name":"ENASTIC : Ecole Nationale Sup\u00e9rieure des Technologies de l\u2019Information et de la Communication","article_publisher":"https:\/\/www.facebook.com\/Enastic-TCHAD-168482340378234\/","article_modified_time":"2019-01-23T16:30:10+00:00","og_image":[{"url":"https:\/\/www.enastic.td\/wp-content\/uploads\/2017\/10\/adetic.png","type":"","width":"","height":""}],"twitter_card":"summary_large_image","twitter_site":"@ENASTIC_TCHAD","twitter_misc":{"Dur\u00e9e de lecture estim\u00e9e":"1 minute"},"schema":{"@context":"https:\/\/schema.org","@graph":[{"@type":"WebPage","@id":"https:\/\/www.enastic.td\/?page_id=6300","url":"https:\/\/www.enastic.td\/?page_id=6300","name":"Partenaires - ENASTIC : Ecole Nationale Sup\u00e9rieure des Technologies de l\u2019Information et de la Communication","isPartOf":{"@id":"https:\/\/www.enastic.td\/#website"},"primaryImageOfPage":{"@id":"https:\/\/www.enastic.td\/?page_id=6300#primaryimage"},"image":{"@id":"https:\/\/www.enastic.td\/?page_id=6300#primaryimage"},"thumbnailUrl":"https:\/\/www.enastic.td\/wp-content\/uploads\/2017\/10\/adetic.png","datePublished":"2017-10-09T09:08:40+00:00","dateModified":"2019-01-23T16:30:10+00:00","breadcrumb":{"@id":"https:\/\/www.enastic.td\/?page_id=6300#breadcrumb"},"inLanguage":"fr-FR","potentialAction":[{"@type":"ReadAction","target":["https:\/\/www.enastic.td\/?page_id=6300"]}]},{"@type":"ImageObject","inLanguage":"fr-FR","@id":"https:\/\/www.enastic.td\/?page_id=6300#primaryimage","url":"https:\/\/www.enastic.td\/wp-content\/uploads\/2017\/10\/adetic.png","contentUrl":"https:\/\/www.enastic.td\/wp-content\/uploads\/2017\/10\/adetic.png","width":945,"height":376},{"@type":"BreadcrumbList","@id":"https:\/\/www.enastic.td\/?page_id=6300#breadcrumb","itemListElement":[{"@type":"ListItem","position":1,"name":"Accueil","item":"https:\/\/www.enastic.td\/"},{"@type":"ListItem","position":2,"name":"Partenaires"}]},{"@type":"WebSite","@id":"https:\/\/www.enastic.td\/#website","url":"https:\/\/www.enastic.td\/","name":"ENASTIC : Ecole Nationale Sup\u00e9rieure des Technologies de l\u2019Information et de la Communication","description":"Votre avenir commence par ici.","potentialAction":[{"@type":"SearchAction","target":{"@type":"EntryPoint","urlTemplate":"https:\/\/www.enastic.td\/?s={search_term_string}"},"query-input":{"@type":"PropertyValueSpecification","valueRequired":true,"valueName":"search_term_string"}}],"inLanguage":"fr-FR"}]}},"_links":{"self":[{"href":"https:\/\/www.enastic.td\/index.php?rest_route=\/wp\/v2\/pages\/6300","targetHints":{"allow":["GET"]}}],"collection":[{"href":"https:\/\/www.enastic.td\/index.php?rest_route=\/wp\/v2\/pages"}],"about":[{"href":"https:\/\/www.enastic.td\/index.php?rest_route=\/wp\/v2\/types\/page"}],"author":[{"embeddable":true,"href":"https:\/\/www.enastic.td\/index.php?rest_route=\/wp\/v2\/users\/1"}],"replies":[{"embeddable":true,"href":"https:\/\/www.enastic.td\/index.php?rest_route=%2Fwp%2Fv2%2Fcomments&post=6300"}],"version-history":[{"count":3,"href":"https:\/\/www.enastic.td\/index.php?rest_route=\/wp\/v2\/pages\/6300\/revisions"}],"predecessor-version":[{"id":7600,"href":"https:\/\/www.enastic.td\/index.php?rest_route=\/wp\/v2\/pages\/6300\/revisions\/7600"}],"wp:attachment":[{"href":"https:\/\/www.enastic.td\/index.php?rest_route=%2Fwp%2Fv2%2Fmedia&parent=6300"}],"curies":[{"name":"wp","href":"https:\/\/api.w.org\/{rel}","templated":true}]}}