{"id":6166,"date":"2017-09-22T15:59:25","date_gmt":"2017-09-22T13:59:25","guid":{"rendered":"https:\/\/enastic.digitappgency.com\/?page_id=6166"},"modified":"2019-01-23T17:17:21","modified_gmt":"2019-01-23T16:17:21","slug":"licence-telecommunications","status":"publish","type":"page","link":"https:\/\/www.enastic.td\/?page_id=6166","title":{"rendered":"Licence T\u00e9l\u00e9communications"},"content":{"rendered":"<div id=\"pl-6166\"  class=\"panel-layout\" ><div id=\"pg-6166-0\"  class=\"panel-grid panel-has-style\" ><div class=\"panel-row-style panel-row-style-for-6166-0\" ><div id=\"pgc-6166-0-0\"  class=\"panel-grid-cell\" ><div id=\"panel-6166-0-0-0\" class=\"so-panel widget widget_text panel-first-child\" data-index=\"0\" ><h3 class=\"widget-title\">Pr\u00e9sentation<\/h3>\t\t\t<div class=\"textwidget\"><ul style=\"text-align: justify;\">\n<li><strong>La licence Professionnelle en T\u00e9l\u00e9communications\u00a0<\/strong> est destin\u00e9e \u00e0 former des cadres techniques capables d\u2019exercer les m\u00e9tiers li\u00e9s \u00e0 l\u2019installation, la gestion, la s\u00e9curisation et la maintenance des r\u00e9seaux, ainsi qu\u2019aux environnements applicatifs qui les utilisent. Tous les types de r\u00e9seaux sont concern\u00e9s\u00a0: r\u00e9seaux de donn\u00e9es, r\u00e9seaux voix, r\u00e9seaux mobiles, r\u00e9seaux satellitaires, etc.<\/li>\n<li>Au cours de sa premi\u00e8re ann\u00e9e, l\u2019\u00e9tudiant obtient les connaissances th\u00e9oriques communes en sciences fondamentales. La deuxi\u00e8me ann\u00e9e permet d\u2019acqu\u00e9rir les outils de base d\u2019ing\u00e9nierie t\u00e9l\u00e9coms et pr\u00e9pare les \u00e9tudiants \u00e0 une sp\u00e9cialisation.<\/li>\n<li>La troisi\u00e8me ann\u00e9e finalise la formation en proposant trois sp\u00e9cialisations\u00a0: <strong>Radiocommunications<\/strong>, <strong>R\u00e9seaux et T\u00e9l\u00e9coms<\/strong> et <strong>Electronique et syst\u00e8mes embarqu\u00e9s pour les T\u00e9l\u00e9coms<\/strong>.<\/li>\n<\/ul>\n<\/div>\n\t\t<\/div><div id=\"panel-6166-0-0-1\" class=\"so-panel widget widget_button panel-last-child\" data-index=\"1\" ><div class=\"thim-widget-button thim-widget-button-base template-base\"><a class=\"widget-button  normal custom_style\" href=\"https:\/\/www.enastic.td\/wp-content\/uploads\/2018\/01\/ENASTIC-Presentation_licence_telecom-1.pdf\" target=\"_blank\" style=\"font-size: 14px;font-weight: normal;border-width: 1;border-color: #004494;background-color: #004494;\" data-hover=\"font-size: 14px;font-weight: normal;border-width: 1;border-color: #000000;background-color: #ffffff;\"><i class=\"fa fa-book\" style=\"font-size: 14px;\"><\/i> Pr\u00e9sentation compl\u00e8te de la formation<\/a><\/div><\/div><\/div><div id=\"pgc-6166-0-1\"  class=\"panel-grid-cell\" ><div id=\"panel-6166-0-1-0\" class=\"so-panel widget widget_gallery-images panel-first-child panel-last-child\" data-index=\"2\" ><div class=\"thim-widget-gallery-images thim-widget-gallery-images-base template-base\"><div class=\"thim-carousel-wrapper gallery-img \" data-visible=\"1\" data-pagination=\"1\"><div class=\"item\"><img src =\"https:\/\/www.enastic.td\/wp-content\/uploads\/2018\/01\/formation_telecom.jpg\" width=\"1920\" height=\"1080\" alt=\"\"\/><\/div><div class=\"item\"><img src =\"https:\/\/www.enastic.td\/wp-content\/uploads\/2018\/01\/formation3.png\" width=\"1920\" height=\"1080\" alt=\"\"\/><\/div><div class=\"item\"><img src =\"https:\/\/www.enastic.td\/wp-content\/uploads\/2018\/01\/manip_formation_telecom.png\" width=\"1920\" height=\"1080\" alt=\"\"\/><\/div><\/div><\/div><\/div><\/div><\/div><\/div><div id=\"pg-6166-1\"  class=\"panel-grid panel-has-style\" ><div class=\"siteorigin-panels-stretch thim-fix-stretched panel-row-style panel-row-style-for-6166-1\" data-stretch-type=\"full-stretched\" ><div id=\"pgc-6166-1-0\"  class=\"panel-grid-cell\" ><div id=\"panel-6166-1-0-0\" class=\"so-panel widget widget_counters-box panel-first-child panel-last-child\" data-index=\"3\" ><div class=\"thim-widget-counters-box thim-widget-counters-box-base template-base\"><div class=\"counter-box  home-page\" style=\"\"><div class=\"content-box-percentage\">\n\t\t<div class=\"display-percentage\" data-percentage=\"500\">500<\/div><div class=\"counter-content-container\"><div class=\"counter-box-content\">HEURES DE FORMATION<\/div><\/div><\/div><\/div><\/div><\/div><\/div><div id=\"pgc-6166-1-1\"  class=\"panel-grid-cell\" ><div id=\"panel-6166-1-1-0\" class=\"so-panel widget widget_counters-box panel-first-child panel-last-child\" data-index=\"4\" ><div class=\"thim-widget-counters-box thim-widget-counters-box-base template-base\"><div class=\"counter-box  home-page\" style=\"\"><div class=\"content-box-percentage\">\n\t\t<div class=\"display-percentage\" data-percentage=\"20\">20<\/div><div class=\"counter-content-container\"><div class=\"counter-box-content\">% DE TRAVAUX PERSONNELS<\/div><\/div><\/div><\/div><\/div><\/div><\/div><div id=\"pgc-6166-1-2\"  class=\"panel-grid-cell\" ><div id=\"panel-6166-1-2-0\" class=\"so-panel widget widget_counters-box panel-first-child panel-last-child\" data-index=\"5\" ><div class=\"thim-widget-counters-box thim-widget-counters-box-base template-base\"><div class=\"counter-box  home-page\" style=\"\"><div class=\"content-box-percentage\">\n\t\t<div class=\"display-percentage\" data-percentage=\"10\">10<\/div><div class=\"counter-content-container\"><div class=\"counter-box-content\">SEMAINES DE STAGE<\/div><\/div><\/div><\/div><\/div><\/div><\/div><\/div><\/div><div id=\"pg-6166-2\"  class=\"panel-grid panel-no-style\" ><div id=\"pgc-6166-2-0\"  class=\"panel-grid-cell\" ><div id=\"panel-6166-2-0-0\" class=\"so-panel widget widget_text panel-first-child panel-last-child\" data-index=\"6\" ><h3 class=\"widget-title\">Objectifs<\/h3>\t\t\t<div class=\"textwidget\"><p style=\"text-align: justify;\">A l\u2019issue de la formation l\u2019\u00e9tudiant sera capable :<\/p>\n<ul style=\"text-align: justify;\">\n<li>Participer \u00e0 l\u2019administration r\u00e9seau et syst\u00e8me<\/li>\n<li>Comprendre et caract\u00e9riser les composants d\u2019un syst\u00e8me de t\u00e9l\u00e9communications<\/li>\n<li>Conduire un projet comportant le d\u00e9ploiement, la maintenance et l\u2019\u00e9volution d\u2019un r\u00e9seau<\/li>\n<li>Analyser les aspects s\u00e9curit\u00e9s d\u2019un r\u00e9seau et mettre en place des solutions de s\u00e9curisation de l\u2019utilisation<\/li>\n<\/ul><\/div>\n\t\t<\/div><\/div><div id=\"pgc-6166-2-1\"  class=\"panel-grid-cell panel-grid-cell-empty\" ><\/div><div id=\"pgc-6166-2-2\"  class=\"panel-grid-cell\" ><div id=\"panel-6166-2-2-0\" class=\"so-panel widget widget_text panel-first-child\" data-index=\"7\" ><h3 class=\"widget-title\">Programme<\/h3>\t\t\t<div class=\"textwidget\"><p  style=\"text-align: justify;\">Pour plus d'informations sur la Licence T\u00e9l\u00e9communications, vous pouvez t\u00e9l\u00e9charger le <strong>programme d\u00e9taill\u00e9<\/strong> d\u00e9j\u00e0 disponible.<\/p><\/div>\n\t\t<\/div><div id=\"panel-6166-2-2-1\" class=\"so-panel widget widget_button panel-last-child\" data-index=\"8\" ><div class=\"thim-widget-button thim-widget-button-base template-base\"><a class=\"widget-button  normal custom_style\" href=\"https:\/\/www.enastic.td\/wp-content\/uploads\/2018\/01\/Programme_licence_telecommunications.pdf\" target=\"_blank\" style=\"font-size: 14px;font-weight: normal;border-width: 1;border-color: #004494;background-color: #004494;\" data-hover=\"font-size: 14px;font-weight: normal;border-width: 1;border-color: #000000;background-color: #ffffff;\"><i class=\"fa fa-book\" style=\"font-size: 14px;\"><\/i> T\u00e9l\u00e9chargez le programme<\/a><\/div><\/div><\/div><\/div><div id=\"pg-6166-3\"  class=\"panel-grid panel-has-style\" ><div class=\"siteorigin-panels-stretch panel-row-style panel-row-style-for-6166-3\" data-stretch-type=\"full\" ><div id=\"pgc-6166-3-0\"  class=\"panel-grid-cell\" ><div id=\"panel-6166-3-0-0\" class=\"so-panel widget widget_text panel-first-child panel-last-child\" data-index=\"9\" >\t\t\t<div class=\"textwidget\"><h2 style=\"color: #fff !important; font-size: 18px; text-align: center;\">D\u00c9BOUCH\u00c9S<\/h2>\n<\/div>\n\t\t<\/div><\/div><\/div><\/div><div id=\"pg-6166-4\"  class=\"panel-grid panel-has-style\" ><div class=\"thim-university-top-icon siteorigin-panels-stretch panel-row-style panel-row-style-for-6166-4\" data-stretch-type=\"full\" ><div id=\"pgc-6166-4-0\"  class=\"panel-grid-cell\" ><div id=\"panel-6166-4-0-0\" class=\"so-panel widget widget_icon-box panel-first-child panel-last-child\" data-index=\"10\" ><div class=\"thim-widget-icon-box thim-widget-icon-box-base template-base\"><div class=\"wrapper-box-icon text-center  \" ><div class=\"smicon-box iconbox-top\"><div class=\"boxes-icon\" style=\"width: 100px;height: 100px;\"><span class=\"inner-icon\"><span class=\"icon\"><i class=\"fa fa-tty\" style=\"color:#ffffff; font-size:36px; line-height:36px; vertical-align: middle;\"><\/i><\/span><\/span><\/div><div class=\"content-inner\" ><div class=\"sc-heading article_heading\"><h3 class = \"heading__primary\" style=\"color: #ffffff;\">Administrateur r\u00e9seaux voix et donn\u00e9es<\/h3><\/div><\/div><\/div><!--end smicon-box--><\/div><\/div><\/div><\/div><div id=\"pgc-6166-4-1\"  class=\"panel-grid-cell\" ><div id=\"panel-6166-4-1-0\" class=\"so-panel widget widget_icon-box panel-first-child panel-last-child\" data-index=\"11\" ><div class=\"thim-widget-icon-box thim-widget-icon-box-base template-base\"><div class=\"wrapper-box-icon text-center  \" ><div class=\"smicon-box iconbox-top\"><div class=\"boxes-icon\" style=\"width: 100px;height: 100px;\"><span class=\"inner-icon\"><span class=\"icon\"><i class=\"fa fa-mobile-phone\" style=\"color:#ffffff; font-size:36px; line-height:36px; vertical-align: middle;\"><\/i><\/span><\/span><\/div><div class=\"content-inner\" ><div class=\"sc-heading article_heading\"><h3 class = \"heading__primary\" style=\"color: #ffffff;\">Architecte en solutions de t\u00e9l\u00e9communications<\/h3><\/div><\/div><\/div><!--end smicon-box--><\/div><\/div><\/div><\/div><div id=\"pgc-6166-4-2\"  class=\"panel-grid-cell\" ><div id=\"panel-6166-4-2-0\" class=\"so-panel widget widget_icon-box panel-first-child panel-last-child\" data-index=\"12\" ><div class=\"thim-widget-icon-box thim-widget-icon-box-base template-base\"><div class=\"wrapper-box-icon text-center  \" ><div class=\"smicon-box iconbox-top\"><div class=\"boxes-icon\" style=\"width: 100px;height: 100px;\"><span class=\"inner-icon\"><span class=\"icon\"><i class=\"fa fa-briefcase\" style=\"color:#ffffff; font-size:36px; line-height:36px; vertical-align: middle;\"><\/i><\/span><\/span><\/div><div class=\"content-inner\" ><div class=\"sc-heading article_heading\"><h3 class = \"heading__primary\" style=\"color: #ffffff;\">Chef de Projet T\u00e9l\u00e9com<\/h3><\/div><\/div><\/div><!--end smicon-box--><\/div><\/div><\/div><\/div><div id=\"pgc-6166-4-3\"  class=\"panel-grid-cell\" ><div id=\"panel-6166-4-3-0\" class=\"so-panel widget widget_icon-box panel-first-child panel-last-child\" data-index=\"13\" ><div class=\"thim-widget-icon-box thim-widget-icon-box-base template-base\"><div class=\"wrapper-box-icon text-center  \" ><div class=\"smicon-box iconbox-top\"><div class=\"boxes-icon\" style=\"width: 100px;height: 100px;\"><span class=\"inner-icon\"><span class=\"icon\"><i class=\"fa fa-gears\" style=\"color:#ffffff; font-size:36px; line-height:36px; vertical-align: middle;\"><\/i><\/span><\/span><\/div><div class=\"content-inner\" ><div class=\"sc-heading article_heading\"><h3 class = \"heading__primary\" style=\"color: #ffffff;\">Administrateur Technique centre d'appels<\/h3><\/div><\/div><\/div><!--end smicon-box--><\/div><\/div><\/div><\/div><div id=\"pgc-6166-4-4\"  class=\"panel-grid-cell\" ><div id=\"panel-6166-4-4-0\" class=\"so-panel widget widget_icon-box panel-first-child panel-last-child\" data-index=\"14\" ><div class=\"thim-widget-icon-box thim-widget-icon-box-base template-base\"><div class=\"wrapper-box-icon text-center  \" ><div class=\"smicon-box iconbox-top\"><div class=\"boxes-icon\" style=\"width: 100px;height: 100px;\"><span class=\"inner-icon\"><span class=\"icon\"><i class=\"fa fa-wrench\" style=\"color:#ffffff; font-size:36px; line-height:36px; vertical-align: middle;\"><\/i><\/span><\/span><\/div><div class=\"content-inner\" ><div class=\"sc-heading article_heading\"><h3 class = \"heading__primary\" style=\"color: #ffffff;\">Technicien r\u00e9seaux et t\u00e9l\u00e9communications d'entreprise<\/h3><\/div><\/div><\/div><!--end smicon-box--><\/div><\/div><\/div><\/div><\/div><\/div><div id=\"pg-6166-5\"  class=\"panel-grid panel-has-style\" ><div class=\"so-parallax siteorigin-panels-stretch panel-row-style panel-row-style-for-6166-5\" data-stretch-type=\"full\" ><img fetchpriority=\"high\" decoding=\"async\" width=\"1650\" height=\"602\" src=\"https:\/\/www.enastic.td\/wp-content\/uploads\/2017\/12\/cours_autre.jpg\" class=\"attachment-full size-full\" alt=\"\" data-siteorigin-parallax=\"true\" loading=\"eager\" srcset=\"https:\/\/www.enastic.td\/wp-content\/uploads\/2017\/12\/cours_autre.jpg 1650w, https:\/\/www.enastic.td\/wp-content\/uploads\/2017\/12\/cours_autre-600x219.jpg 600w, https:\/\/www.enastic.td\/wp-content\/uploads\/2017\/12\/cours_autre-300x109.jpg 300w, https:\/\/www.enastic.td\/wp-content\/uploads\/2017\/12\/cours_autre-768x280.jpg 768w, https:\/\/www.enastic.td\/wp-content\/uploads\/2017\/12\/cours_autre-1024x374.jpg 1024w\" sizes=\"(max-width: 1650px) 100vw, 1650px\" \/><div id=\"pgc-6166-5-0\"  class=\"panel-grid-cell panel-grid-cell-empty\" ><\/div><\/div><\/div><\/div>","protected":false},"excerpt":{"rendered":"<p>La licence Professionnelle en T\u00e9l\u00e9communications\u00a0 est destin\u00e9e \u00e0 former des cadres techniques capables d\u2019exercer les m\u00e9tiers li\u00e9s \u00e0 l\u2019installation, la gestion, la s\u00e9curisation et la maintenance des r\u00e9seaux, ainsi qu\u2019aux &hellip; <\/p>\n","protected":false},"author":1,"featured_media":0,"parent":5984,"menu_order":0,"comment_status":"closed","ping_status":"closed","template":"","meta":{"footnotes":""},"class_list":["post-6166","page","type-page","status-publish","hentry"],"translation":{"provider":"WPGlobus","version":"3.0.0","language":"fr","enabled_languages":["fr","en","ar"],"languages":{"fr":{"title":true,"content":true,"excerpt":false},"en":{"title":false,"content":false,"excerpt":false},"ar":{"title":false,"content":false,"excerpt":false}}},"yoast_head":"<!-- This site is optimized with the Yoast SEO plugin v25.5 - https:\/\/yoast.com\/wordpress\/plugins\/seo\/ -->\n<title>Licence T\u00e9l\u00e9communications - ENASTIC : Ecole Nationale Sup\u00e9rieure des Technologies de l\u2019Information et de la Communication<\/title>\n<meta name=\"robots\" content=\"index, follow, max-snippet:-1, max-image-preview:large, max-video-preview:-1\" \/>\n<link rel=\"canonical\" href=\"https:\/\/www.enastic.td\/?page_id=6166\" \/>\n<meta property=\"og:locale\" content=\"fr_FR\" \/>\n<meta property=\"og:type\" content=\"article\" \/>\n<meta property=\"og:title\" content=\"Licence T\u00e9l\u00e9communications - ENASTIC : Ecole Nationale Sup\u00e9rieure des Technologies de l\u2019Information et de la Communication\" \/>\n<meta property=\"og:url\" content=\"https:\/\/www.enastic.td\/?page_id=6166\" \/>\n<meta property=\"og:site_name\" content=\"ENASTIC : Ecole Nationale Sup\u00e9rieure des Technologies de l\u2019Information et de la Communication\" \/>\n<meta property=\"article:publisher\" content=\"https:\/\/www.facebook.com\/Enastic-TCHAD-168482340378234\/\" \/>\n<meta property=\"article:modified_time\" content=\"2019-01-23T16:17:21+00:00\" \/>\n<meta name=\"twitter:card\" content=\"summary_large_image\" \/>\n<meta name=\"twitter:site\" content=\"@ENASTIC_TCHAD\" \/>\n<meta name=\"twitter:label1\" content=\"Dur\u00e9e de lecture estim\u00e9e\" \/>\n\t<meta name=\"twitter:data1\" content=\"2 minutes\" \/>\n<script type=\"application\/ld+json\" class=\"yoast-schema-graph\">{\"@context\":\"https:\/\/schema.org\",\"@graph\":[{\"@type\":\"WebPage\",\"@id\":\"https:\/\/www.enastic.td\/?page_id=6166\",\"url\":\"https:\/\/www.enastic.td\/?page_id=6166\",\"name\":\"Licence T\u00e9l\u00e9communications - ENASTIC : Ecole Nationale Sup\u00e9rieure des Technologies de l\u2019Information et de la Communication\",\"isPartOf\":{\"@id\":\"https:\/\/www.enastic.td\/#website\"},\"datePublished\":\"2017-09-22T13:59:25+00:00\",\"dateModified\":\"2019-01-23T16:17:21+00:00\",\"breadcrumb\":{\"@id\":\"https:\/\/www.enastic.td\/?page_id=6166#breadcrumb\"},\"inLanguage\":\"fr-FR\",\"potentialAction\":[{\"@type\":\"ReadAction\",\"target\":[\"https:\/\/www.enastic.td\/?page_id=6166\"]}]},{\"@type\":\"BreadcrumbList\",\"@id\":\"https:\/\/www.enastic.td\/?page_id=6166#breadcrumb\",\"itemListElement\":[{\"@type\":\"ListItem\",\"position\":1,\"name\":\"Accueil\",\"item\":\"https:\/\/www.enastic.td\/\"},{\"@type\":\"ListItem\",\"position\":2,\"name\":\"Formations\",\"item\":\"https:\/\/www.enastic.td\/?page_id=5982\"},{\"@type\":\"ListItem\",\"position\":3,\"name\":\"Cycle licence\",\"item\":\"https:\/\/www.enastic.td\/?page_id=5984\"},{\"@type\":\"ListItem\",\"position\":4,\"name\":\"Licence T\u00e9l\u00e9communications\"}]},{\"@type\":\"WebSite\",\"@id\":\"https:\/\/www.enastic.td\/#website\",\"url\":\"https:\/\/www.enastic.td\/\",\"name\":\"ENASTIC : Ecole Nationale Sup\u00e9rieure des Technologies de l\u2019Information et de la Communication\",\"description\":\"Votre avenir commence par ici.\",\"potentialAction\":[{\"@type\":\"SearchAction\",\"target\":{\"@type\":\"EntryPoint\",\"urlTemplate\":\"https:\/\/www.enastic.td\/?s={search_term_string}\"},\"query-input\":{\"@type\":\"PropertyValueSpecification\",\"valueRequired\":true,\"valueName\":\"search_term_string\"}}],\"inLanguage\":\"fr-FR\"}]}<\/script>\n<!-- \/ Yoast SEO plugin. -->","yoast_head_json":{"title":"Licence T\u00e9l\u00e9communications - ENASTIC : Ecole Nationale Sup\u00e9rieure des Technologies de l\u2019Information et de la Communication","robots":{"index":"index","follow":"follow","max-snippet":"max-snippet:-1","max-image-preview":"max-image-preview:large","max-video-preview":"max-video-preview:-1"},"canonical":"https:\/\/www.enastic.td\/?page_id=6166","og_locale":"fr_FR","og_type":"article","og_title":"Licence T\u00e9l\u00e9communications - ENASTIC : Ecole Nationale Sup\u00e9rieure des Technologies de l\u2019Information et de la Communication","og_url":"https:\/\/www.enastic.td\/?page_id=6166","og_site_name":"ENASTIC : Ecole Nationale Sup\u00e9rieure des Technologies de l\u2019Information et de la Communication","article_publisher":"https:\/\/www.facebook.com\/Enastic-TCHAD-168482340378234\/","article_modified_time":"2019-01-23T16:17:21+00:00","twitter_card":"summary_large_image","twitter_site":"@ENASTIC_TCHAD","twitter_misc":{"Dur\u00e9e de lecture estim\u00e9e":"2 minutes"},"schema":{"@context":"https:\/\/schema.org","@graph":[{"@type":"WebPage","@id":"https:\/\/www.enastic.td\/?page_id=6166","url":"https:\/\/www.enastic.td\/?page_id=6166","name":"Licence T\u00e9l\u00e9communications - ENASTIC : Ecole Nationale Sup\u00e9rieure des Technologies de l\u2019Information et de la Communication","isPartOf":{"@id":"https:\/\/www.enastic.td\/#website"},"datePublished":"2017-09-22T13:59:25+00:00","dateModified":"2019-01-23T16:17:21+00:00","breadcrumb":{"@id":"https:\/\/www.enastic.td\/?page_id=6166#breadcrumb"},"inLanguage":"fr-FR","potentialAction":[{"@type":"ReadAction","target":["https:\/\/www.enastic.td\/?page_id=6166"]}]},{"@type":"BreadcrumbList","@id":"https:\/\/www.enastic.td\/?page_id=6166#breadcrumb","itemListElement":[{"@type":"ListItem","position":1,"name":"Accueil","item":"https:\/\/www.enastic.td\/"},{"@type":"ListItem","position":2,"name":"Formations","item":"https:\/\/www.enastic.td\/?page_id=5982"},{"@type":"ListItem","position":3,"name":"Cycle licence","item":"https:\/\/www.enastic.td\/?page_id=5984"},{"@type":"ListItem","position":4,"name":"Licence T\u00e9l\u00e9communications"}]},{"@type":"WebSite","@id":"https:\/\/www.enastic.td\/#website","url":"https:\/\/www.enastic.td\/","name":"ENASTIC : Ecole Nationale Sup\u00e9rieure des Technologies de l\u2019Information et de la Communication","description":"Votre avenir commence par ici.","potentialAction":[{"@type":"SearchAction","target":{"@type":"EntryPoint","urlTemplate":"https:\/\/www.enastic.td\/?s={search_term_string}"},"query-input":{"@type":"PropertyValueSpecification","valueRequired":true,"valueName":"search_term_string"}}],"inLanguage":"fr-FR"}]}},"_links":{"self":[{"href":"https:\/\/www.enastic.td\/index.php?rest_route=\/wp\/v2\/pages\/6166","targetHints":{"allow":["GET"]}}],"collection":[{"href":"https:\/\/www.enastic.td\/index.php?rest_route=\/wp\/v2\/pages"}],"about":[{"href":"https:\/\/www.enastic.td\/index.php?rest_route=\/wp\/v2\/types\/page"}],"author":[{"embeddable":true,"href":"https:\/\/www.enastic.td\/index.php?rest_route=\/wp\/v2\/users\/1"}],"replies":[{"embeddable":true,"href":"https:\/\/www.enastic.td\/index.php?rest_route=%2Fwp%2Fv2%2Fcomments&post=6166"}],"version-history":[{"count":3,"href":"https:\/\/www.enastic.td\/index.php?rest_route=\/wp\/v2\/pages\/6166\/revisions"}],"predecessor-version":[{"id":7269,"href":"https:\/\/www.enastic.td\/index.php?rest_route=\/wp\/v2\/pages\/6166\/revisions\/7269"}],"up":[{"embeddable":true,"href":"https:\/\/www.enastic.td\/index.php?rest_route=\/wp\/v2\/pages\/5984"}],"wp:attachment":[{"href":"https:\/\/www.enastic.td\/index.php?rest_route=%2Fwp%2Fv2%2Fmedia&parent=6166"}],"curies":[{"name":"wp","href":"https:\/\/api.w.org\/{rel}","templated":true}]}}