{"id":6164,"date":"2017-09-22T15:58:20","date_gmt":"2017-09-22T13:58:20","guid":{"rendered":"https:\/\/enastic.digitappgency.com\/?page_id=6164"},"modified":"2019-01-23T17:13:28","modified_gmt":"2019-01-23T16:13:28","slug":"licence-informatique","status":"publish","type":"page","link":"https:\/\/www.enastic.td\/?page_id=6164","title":{"rendered":"Licence Informatique"},"content":{"rendered":"<div id=\"pl-6164\"  class=\"panel-layout\" ><div id=\"pg-6164-0\"  class=\"panel-grid panel-has-style\" ><div class=\"panel-row-style panel-row-style-for-6164-0\" ><div id=\"pgc-6164-0-0\"  class=\"panel-grid-cell\" ><div id=\"panel-6164-0-0-0\" class=\"so-panel widget widget_text panel-first-child\" data-index=\"0\" ><h3 class=\"widget-title\">Pr\u00e9sentation<\/h3>\t\t\t<div class=\"textwidget\"><ul style=\"text-align: justify;\">\n<li>La licence Professionnelle en Informatique forme des \u00e9tudiants par l\u2019acquisition des connaissances solides th\u00e9oriques et exp\u00e9rimentales en informatique.<\/li>\n<li>Tous les grands domaines y sont abord\u00e9s, tout en respectant une progression p\u00e9dagogique. En effet, la premi\u00e8re ann\u00e9e est un socle commun pour les trois licences, la deuxi\u00e8me ann\u00e9e reste g\u00e9n\u00e9raliste mais aborde particuli\u00e8rement les domaines de l\u2019informatique et la troisi\u00e8me ann\u00e9e est compl\u00e8tement sp\u00e9cialis\u00e9e via deux options : G\u00e9nie logiciel et Cyber s\u00e9curit\u00e9.<\/li>\n<li>La licence permet \u00e0 l\u2019\u00e9tudiant de se constituer progressivement, un ensemble de comp\u00e9tences dans le domaine de l\u2019informatique, adapt\u00e9 \u00e0 ses pr\u00e9f\u00e9rences disciplinaires et \u00e0 son projet professionnel.<\/li>\n<\/ul>\n<\/div>\n\t\t<\/div><div id=\"panel-6164-0-0-1\" class=\"so-panel widget widget_button panel-last-child\" data-index=\"1\" ><div class=\"thim-widget-button thim-widget-button-base template-base\"><a class=\"widget-button  normal custom_style\" href=\"https:\/\/www.enastic.td\/wp-content\/uploads\/2018\/01\/ENASTIC-Presentation_licence_informatique-1.pdf\" target=\"_blank\" style=\"font-size: 14px;font-weight: normal;border-width: 1;border-color: #004494;background-color: #004494;\" data-hover=\"font-size: 14px;font-weight: normal;border-width: 1;border-color: #000000;background-color: #ffffff;\"><i class=\"fa fa-book\" style=\"font-size: 14px;\"><\/i> Pr\u00e9sentation compl\u00e8te de la formation<\/a><\/div><\/div><\/div><div id=\"pgc-6164-0-1\"  class=\"panel-grid-cell\" ><div id=\"panel-6164-0-1-0\" class=\"so-panel widget widget_gallery-images panel-first-child panel-last-child\" data-index=\"2\" ><div class=\"thim-widget-gallery-images thim-widget-gallery-images-base template-base\"><div class=\"thim-carousel-wrapper gallery-img \" data-visible=\"1\"data-itemtablet=\"2\" data-itemmobile=\"1\" data-pagination=\"1\"><div class=\"item\"><img src =\"https:\/\/www.enastic.td\/wp-content\/uploads\/2018\/01\/formation_info.png\" width=\"1920\" height=\"1080\" alt=\"\"\/><\/div><div class=\"item\"><img src =\"https:\/\/www.enastic.td\/wp-content\/uploads\/2018\/01\/formation_informatique.jpg\" width=\"1920\" height=\"1080\" alt=\"\"\/><\/div><div class=\"item\"><img src =\"https:\/\/www.enastic.td\/wp-content\/uploads\/2018\/01\/formation2-3.jpg\" width=\"4896\" height=\"2745\" alt=\"\"\/><\/div><\/div><\/div><\/div><\/div><\/div><\/div><div id=\"pg-6164-1\"  class=\"panel-grid panel-has-style\" ><div class=\"siteorigin-panels-stretch thim-fix-stretched panel-row-style panel-row-style-for-6164-1\" data-stretch-type=\"full-stretched\" ><div id=\"pgc-6164-1-0\"  class=\"panel-grid-cell\" ><div id=\"panel-6164-1-0-0\" class=\"so-panel widget widget_counters-box panel-first-child panel-last-child\" data-index=\"3\" ><div class=\"thim-widget-counters-box thim-widget-counters-box-base template-base\"><div class=\"counter-box  home-page\" style=\"\"><div class=\"content-box-percentage\">\n\t\t<div class=\"display-percentage\" data-percentage=\"500\">500<\/div><div class=\"counter-content-container\"><div class=\"counter-box-content\">HEURES DE FORMATION<\/div><\/div><\/div><\/div><\/div><\/div><\/div><div id=\"pgc-6164-1-1\"  class=\"panel-grid-cell\" ><div id=\"panel-6164-1-1-0\" class=\"so-panel widget widget_counters-box panel-first-child panel-last-child\" data-index=\"4\" ><div class=\"thim-widget-counters-box thim-widget-counters-box-base template-base\"><div class=\"counter-box  home-page\" style=\"\"><div class=\"content-box-percentage\">\n\t\t<div class=\"display-percentage\" data-percentage=\"20\">20<\/div><div class=\"counter-content-container\"><div class=\"counter-box-content\">% DE TRAVAUX PERSONNELS<\/div><\/div><\/div><\/div><\/div><\/div><\/div><div id=\"pgc-6164-1-2\"  class=\"panel-grid-cell\" ><div id=\"panel-6164-1-2-0\" class=\"so-panel widget widget_counters-box panel-first-child panel-last-child\" data-index=\"5\" ><div class=\"thim-widget-counters-box thim-widget-counters-box-base template-base\"><div class=\"counter-box  home-page\" style=\"\"><div class=\"content-box-percentage\">\n\t\t<div class=\"display-percentage\" data-percentage=\"10\">10<\/div><div class=\"counter-content-container\"><div class=\"counter-box-content\">SEMAINES DE STAGE<\/div><\/div><\/div><\/div><\/div><\/div><\/div><\/div><\/div><div id=\"pg-6164-2\"  class=\"panel-grid panel-no-style\" ><div id=\"pgc-6164-2-0\"  class=\"panel-grid-cell\" ><div id=\"panel-6164-2-0-0\" class=\"so-panel widget widget_text panel-first-child panel-last-child\" data-index=\"6\" ><h3 class=\"widget-title\">Objectifs<\/h3>\t\t\t<div class=\"textwidget\">A l\u2019issue de la formation l\u2019\u00e9tudiant sera capable :\n<ul style=\"text-align: justify;\">\n<li>d\u2019installer, de configurer, d\u2019administrer et de s\u00e9curiser un syst\u00e8me informatique et les services essentiels associ\u00e9s<\/li>\n<li>d\u2019analyser et de mod\u00e9liser des probl\u00e8mes de complexit\u00e9 moyenne<\/li>\n<li>de concevoir et de d\u00e9velopper des applications<\/li>\n<li>de mod\u00e9liser et de d\u00e9ployer une base de donn\u00e9es<\/li>\n<li>de d\u00e9velopper des applications web dynamiques<\/li>\n<\/ul><\/div>\n\t\t<\/div><\/div><div id=\"pgc-6164-2-1\"  class=\"panel-grid-cell panel-grid-cell-empty\" ><\/div><div id=\"pgc-6164-2-2\"  class=\"panel-grid-cell\" ><div id=\"panel-6164-2-2-0\" class=\"so-panel widget widget_text panel-first-child\" data-index=\"7\" ><h3 class=\"widget-title\">Programme<\/h3>\t\t\t<div class=\"textwidget\"><p  style=\"text-align: justify;\">Pour plus d'informations sur la Licence Informatique, vous pouvez t\u00e9l\u00e9charger le <strong>programme d\u00e9taill\u00e9<\/strong> d\u00e9j\u00e0 disponible.<\/p><\/div>\n\t\t<\/div><div id=\"panel-6164-2-2-1\" class=\"so-panel widget widget_button panel-last-child\" data-index=\"8\" ><div class=\"thim-widget-button thim-widget-button-base template-base\"><a class=\"widget-button  normal custom_style\" href=\"https:\/\/www.enastic.td\/wp-content\/uploads\/2018\/01\/Programme_licence_Informatique.pdf\" target=\"_blank\" style=\"font-size: 14px;font-weight: normal;border-width: 1;border-color: #004494;background-color: #004494;\" data-hover=\"font-size: 14px;font-weight: normal;border-width: 1;border-color: #000000;background-color: #ffffff;\"><i class=\"fa fa-book\" style=\"font-size: 14px;\"><\/i> T\u00e9l\u00e9chargez le programme<\/a><\/div><\/div><\/div><\/div><div id=\"pg-6164-3\"  class=\"panel-grid panel-has-style\" ><div class=\"siteorigin-panels-stretch panel-row-style panel-row-style-for-6164-3\" data-stretch-type=\"full\" ><div id=\"pgc-6164-3-0\"  class=\"panel-grid-cell\" ><div id=\"panel-6164-3-0-0\" class=\"so-panel widget widget_text panel-first-child panel-last-child\" data-index=\"9\" ><div class=\"panel-widget-style panel-widget-style-for-6164-3-0-0\" >\t\t\t<div class=\"textwidget\"><h2 style=\"color: #fff !important; font-size: 18px; text-align:center;\">D\u00c9BOUCH\u00c9S<\/h2>\n<\/div>\n\t\t<\/div><\/div><\/div><\/div><\/div><div id=\"pg-6164-4\"  class=\"panel-grid panel-has-style\" ><div class=\"thim-university-top-icon siteorigin-panels-stretch panel-row-style panel-row-style-for-6164-4\" data-stretch-type=\"full\" ><div id=\"pgc-6164-4-0\"  class=\"panel-grid-cell\" ><div id=\"panel-6164-4-0-0\" class=\"so-panel widget widget_icon-box panel-first-child panel-last-child\" data-index=\"10\" ><div class=\"thim-widget-icon-box thim-widget-icon-box-base template-base\"><div class=\"wrapper-box-icon text-center  \" ><div class=\"smicon-box iconbox-top\"><div class=\"boxes-icon\" style=\"width: 100px;height: 100px;\"><span class=\"inner-icon\"><span class=\"icon\"><i class=\"fa fa-briefcase\" style=\"color:#ffffff; font-size:36px; line-height:36px; vertical-align: middle;\"><\/i><\/span><\/span><\/div><div class=\"content-inner\" ><div class=\"sc-heading article_heading\"><h3 class = \"heading__primary\" style=\"color: #ffffff;\">Chef de projet informatique<\/h3><\/div><\/div><\/div><!--end smicon-box--><\/div><\/div><\/div><\/div><div id=\"pgc-6164-4-1\"  class=\"panel-grid-cell\" ><div id=\"panel-6164-4-1-0\" class=\"so-panel widget widget_icon-box panel-first-child panel-last-child\" data-index=\"11\" ><div class=\"thim-widget-icon-box thim-widget-icon-box-base template-base\"><div class=\"wrapper-box-icon text-center  \" ><div class=\"smicon-box iconbox-top\"><div class=\"boxes-icon\" style=\"width: 100px;height: 100px;\"><span class=\"inner-icon\"><span class=\"icon\"><i class=\"fa fa-area-chart\" style=\"color:#ffffff; font-size:36px; line-height:36px; vertical-align: middle;\"><\/i><\/span><\/span><\/div><div class=\"content-inner\" ><div class=\"sc-heading article_heading\"><h3 class = \"heading__primary\" style=\"color: #ffffff;\">Analyste programmeur<\/h3><\/div><\/div><\/div><!--end smicon-box--><\/div><\/div><\/div><\/div><div id=\"pgc-6164-4-2\"  class=\"panel-grid-cell\" ><div id=\"panel-6164-4-2-0\" class=\"so-panel widget widget_icon-box panel-first-child panel-last-child\" data-index=\"12\" ><div class=\"thim-widget-icon-box thim-widget-icon-box-base template-base\"><div class=\"wrapper-box-icon text-center  \" ><div class=\"smicon-box iconbox-top\"><div class=\"boxes-icon\" style=\"width: 100px;height: 100px;\"><span class=\"inner-icon\"><span class=\"icon\"><i class=\"fa fa-mobile-phone\" style=\"color:#ffffff; font-size:36px; line-height:36px; vertical-align: middle;\"><\/i><\/span><\/span><\/div><div class=\"content-inner\" ><div class=\"sc-heading article_heading\"><h3 class = \"heading__primary\" style=\"color: #ffffff;\">Concepteur et d\u00e9veloppeur d'applications<\/h3><\/div><\/div><\/div><!--end smicon-box--><\/div><\/div><\/div><\/div><div id=\"pgc-6164-4-3\"  class=\"panel-grid-cell\" ><div id=\"panel-6164-4-3-0\" class=\"so-panel widget widget_icon-box panel-first-child panel-last-child\" data-index=\"13\" ><div class=\"thim-widget-icon-box thim-widget-icon-box-base template-base\"><div class=\"wrapper-box-icon text-center  \" ><div class=\"smicon-box iconbox-top\"><div class=\"boxes-icon\" style=\"width: 100px;height: 100px;\"><span class=\"inner-icon\"><span class=\"icon\"><i class=\"fa fa-laptop\" style=\"color:#ffffff; font-size:36px; line-height:36px; vertical-align: middle;\"><\/i><\/span><\/span><\/div><div class=\"content-inner\" ><div class=\"sc-heading article_heading\"><h3 class = \"heading__primary\" style=\"color: #ffffff;\">D\u00e9veloppement de site web<\/h3><\/div><\/div><\/div><!--end smicon-box--><\/div><\/div><\/div><\/div><div id=\"pgc-6164-4-4\"  class=\"panel-grid-cell\" ><div id=\"panel-6164-4-4-0\" class=\"so-panel widget widget_icon-box panel-first-child panel-last-child\" data-index=\"14\" ><div class=\"thim-widget-icon-box thim-widget-icon-box-base template-base\"><div class=\"wrapper-box-icon text-center  \" ><div class=\"smicon-box iconbox-top\"><div class=\"boxes-icon\" style=\"width: 100px;height: 100px;\"><span class=\"inner-icon\"><span class=\"icon\"><i class=\"fa fa-th\" style=\"color:#ffffff; font-size:36px; line-height:36px; vertical-align: middle;\"><\/i><\/span><\/span><\/div><div class=\"content-inner\" ><div class=\"sc-heading article_heading\"><h3 class = \"heading__primary\" style=\"color: #ffffff;\">Administrateur de bases de donn\u00e9es<\/h3><\/div><\/div><\/div><!--end smicon-box--><\/div><\/div><\/div><\/div><\/div><\/div><div id=\"pg-6164-5\"  class=\"panel-grid panel-has-style\" ><div class=\"so-parallax siteorigin-panels-stretch panel-row-style panel-row-style-for-6164-5\" data-stretch-type=\"full\" ><img fetchpriority=\"high\" decoding=\"async\" width=\"1651\" height=\"1100\" src=\"https:\/\/www.enastic.td\/wp-content\/uploads\/2017\/12\/image_eleve_studieuse.jpg\" class=\"attachment-full size-full\" alt=\"\" data-siteorigin-parallax=\"true\" loading=\"eager\" srcset=\"https:\/\/www.enastic.td\/wp-content\/uploads\/2017\/12\/image_eleve_studieuse.jpg 1651w, https:\/\/www.enastic.td\/wp-content\/uploads\/2017\/12\/image_eleve_studieuse-600x400.jpg 600w, https:\/\/www.enastic.td\/wp-content\/uploads\/2017\/12\/image_eleve_studieuse-300x200.jpg 300w, https:\/\/www.enastic.td\/wp-content\/uploads\/2017\/12\/image_eleve_studieuse-768x512.jpg 768w, https:\/\/www.enastic.td\/wp-content\/uploads\/2017\/12\/image_eleve_studieuse-1024x682.jpg 1024w\" sizes=\"(max-width: 1651px) 100vw, 1651px\" \/><div id=\"pgc-6164-5-0\"  class=\"panel-grid-cell panel-grid-cell-empty\" ><\/div><\/div><\/div><\/div>","protected":false},"excerpt":{"rendered":"<p>La licence Professionnelle en Informatique forme des \u00e9tudiants par l\u2019acquisition des connaissances solides th\u00e9oriques et exp\u00e9rimentales en informatique. Tous les grands domaines y sont abord\u00e9s, tout en respectant une progression &hellip; <\/p>\n","protected":false},"author":1,"featured_media":0,"parent":5984,"menu_order":0,"comment_status":"closed","ping_status":"closed","template":"","meta":{"footnotes":""},"class_list":["post-6164","page","type-page","status-publish","hentry"],"translation":{"provider":"WPGlobus","version":"3.0.0","language":"fr","enabled_languages":["fr","en","ar"],"languages":{"fr":{"title":true,"content":true,"excerpt":false},"en":{"title":false,"content":false,"excerpt":false},"ar":{"title":false,"content":false,"excerpt":false}}},"yoast_head":"<!-- This site is optimized with the Yoast SEO plugin v25.5 - https:\/\/yoast.com\/wordpress\/plugins\/seo\/ -->\n<title>Licence Informatique - ENASTIC : Ecole Nationale Sup\u00e9rieure des Technologies de l\u2019Information et de la Communication<\/title>\n<meta name=\"robots\" content=\"index, follow, max-snippet:-1, max-image-preview:large, max-video-preview:-1\" \/>\n<link rel=\"canonical\" href=\"https:\/\/www.enastic.td\/?page_id=6164\" \/>\n<meta property=\"og:locale\" content=\"fr_FR\" \/>\n<meta property=\"og:type\" content=\"article\" \/>\n<meta property=\"og:title\" content=\"Licence Informatique - ENASTIC : Ecole Nationale Sup\u00e9rieure des Technologies de l\u2019Information et de la Communication\" \/>\n<meta property=\"og:url\" content=\"https:\/\/www.enastic.td\/?page_id=6164\" \/>\n<meta property=\"og:site_name\" content=\"ENASTIC : Ecole Nationale Sup\u00e9rieure des Technologies de l\u2019Information et de la Communication\" \/>\n<meta property=\"article:publisher\" content=\"https:\/\/www.facebook.com\/Enastic-TCHAD-168482340378234\/\" \/>\n<meta property=\"article:modified_time\" content=\"2019-01-23T16:13:28+00:00\" \/>\n<meta name=\"twitter:card\" content=\"summary_large_image\" \/>\n<meta name=\"twitter:site\" content=\"@ENASTIC_TCHAD\" \/>\n<meta name=\"twitter:label1\" content=\"Dur\u00e9e de lecture estim\u00e9e\" \/>\n\t<meta name=\"twitter:data1\" content=\"2 minutes\" \/>\n<script type=\"application\/ld+json\" class=\"yoast-schema-graph\">{\"@context\":\"https:\/\/schema.org\",\"@graph\":[{\"@type\":\"WebPage\",\"@id\":\"https:\/\/www.enastic.td\/?page_id=6164\",\"url\":\"https:\/\/www.enastic.td\/?page_id=6164\",\"name\":\"Licence Informatique - ENASTIC : Ecole Nationale Sup\u00e9rieure des Technologies de l\u2019Information et de la Communication\",\"isPartOf\":{\"@id\":\"https:\/\/www.enastic.td\/#website\"},\"datePublished\":\"2017-09-22T13:58:20+00:00\",\"dateModified\":\"2019-01-23T16:13:28+00:00\",\"breadcrumb\":{\"@id\":\"https:\/\/www.enastic.td\/?page_id=6164#breadcrumb\"},\"inLanguage\":\"fr-FR\",\"potentialAction\":[{\"@type\":\"ReadAction\",\"target\":[\"https:\/\/www.enastic.td\/?page_id=6164\"]}]},{\"@type\":\"BreadcrumbList\",\"@id\":\"https:\/\/www.enastic.td\/?page_id=6164#breadcrumb\",\"itemListElement\":[{\"@type\":\"ListItem\",\"position\":1,\"name\":\"Accueil\",\"item\":\"https:\/\/www.enastic.td\/\"},{\"@type\":\"ListItem\",\"position\":2,\"name\":\"Formations\",\"item\":\"https:\/\/www.enastic.td\/?page_id=5982\"},{\"@type\":\"ListItem\",\"position\":3,\"name\":\"Cycle licence\",\"item\":\"https:\/\/www.enastic.td\/?page_id=5984\"},{\"@type\":\"ListItem\",\"position\":4,\"name\":\"Licence Informatique\"}]},{\"@type\":\"WebSite\",\"@id\":\"https:\/\/www.enastic.td\/#website\",\"url\":\"https:\/\/www.enastic.td\/\",\"name\":\"ENASTIC : Ecole Nationale Sup\u00e9rieure des Technologies de l\u2019Information et de la Communication\",\"description\":\"Votre avenir commence par ici.\",\"potentialAction\":[{\"@type\":\"SearchAction\",\"target\":{\"@type\":\"EntryPoint\",\"urlTemplate\":\"https:\/\/www.enastic.td\/?s={search_term_string}\"},\"query-input\":{\"@type\":\"PropertyValueSpecification\",\"valueRequired\":true,\"valueName\":\"search_term_string\"}}],\"inLanguage\":\"fr-FR\"}]}<\/script>\n<!-- \/ Yoast SEO plugin. -->","yoast_head_json":{"title":"Licence Informatique - ENASTIC : Ecole Nationale Sup\u00e9rieure des Technologies de l\u2019Information et de la Communication","robots":{"index":"index","follow":"follow","max-snippet":"max-snippet:-1","max-image-preview":"max-image-preview:large","max-video-preview":"max-video-preview:-1"},"canonical":"https:\/\/www.enastic.td\/?page_id=6164","og_locale":"fr_FR","og_type":"article","og_title":"Licence Informatique - ENASTIC : Ecole Nationale Sup\u00e9rieure des Technologies de l\u2019Information et de la Communication","og_url":"https:\/\/www.enastic.td\/?page_id=6164","og_site_name":"ENASTIC : Ecole Nationale Sup\u00e9rieure des Technologies de l\u2019Information et de la Communication","article_publisher":"https:\/\/www.facebook.com\/Enastic-TCHAD-168482340378234\/","article_modified_time":"2019-01-23T16:13:28+00:00","twitter_card":"summary_large_image","twitter_site":"@ENASTIC_TCHAD","twitter_misc":{"Dur\u00e9e de lecture estim\u00e9e":"2 minutes"},"schema":{"@context":"https:\/\/schema.org","@graph":[{"@type":"WebPage","@id":"https:\/\/www.enastic.td\/?page_id=6164","url":"https:\/\/www.enastic.td\/?page_id=6164","name":"Licence Informatique - ENASTIC : Ecole Nationale Sup\u00e9rieure des Technologies de l\u2019Information et de la Communication","isPartOf":{"@id":"https:\/\/www.enastic.td\/#website"},"datePublished":"2017-09-22T13:58:20+00:00","dateModified":"2019-01-23T16:13:28+00:00","breadcrumb":{"@id":"https:\/\/www.enastic.td\/?page_id=6164#breadcrumb"},"inLanguage":"fr-FR","potentialAction":[{"@type":"ReadAction","target":["https:\/\/www.enastic.td\/?page_id=6164"]}]},{"@type":"BreadcrumbList","@id":"https:\/\/www.enastic.td\/?page_id=6164#breadcrumb","itemListElement":[{"@type":"ListItem","position":1,"name":"Accueil","item":"https:\/\/www.enastic.td\/"},{"@type":"ListItem","position":2,"name":"Formations","item":"https:\/\/www.enastic.td\/?page_id=5982"},{"@type":"ListItem","position":3,"name":"Cycle licence","item":"https:\/\/www.enastic.td\/?page_id=5984"},{"@type":"ListItem","position":4,"name":"Licence Informatique"}]},{"@type":"WebSite","@id":"https:\/\/www.enastic.td\/#website","url":"https:\/\/www.enastic.td\/","name":"ENASTIC : Ecole Nationale Sup\u00e9rieure des Technologies de l\u2019Information et de la Communication","description":"Votre avenir commence par ici.","potentialAction":[{"@type":"SearchAction","target":{"@type":"EntryPoint","urlTemplate":"https:\/\/www.enastic.td\/?s={search_term_string}"},"query-input":{"@type":"PropertyValueSpecification","valueRequired":true,"valueName":"search_term_string"}}],"inLanguage":"fr-FR"}]}},"_links":{"self":[{"href":"https:\/\/www.enastic.td\/index.php?rest_route=\/wp\/v2\/pages\/6164","targetHints":{"allow":["GET"]}}],"collection":[{"href":"https:\/\/www.enastic.td\/index.php?rest_route=\/wp\/v2\/pages"}],"about":[{"href":"https:\/\/www.enastic.td\/index.php?rest_route=\/wp\/v2\/types\/page"}],"author":[{"embeddable":true,"href":"https:\/\/www.enastic.td\/index.php?rest_route=\/wp\/v2\/users\/1"}],"replies":[{"embeddable":true,"href":"https:\/\/www.enastic.td\/index.php?rest_route=%2Fwp%2Fv2%2Fcomments&post=6164"}],"version-history":[{"count":3,"href":"https:\/\/www.enastic.td\/index.php?rest_route=\/wp\/v2\/pages\/6164\/revisions"}],"predecessor-version":[{"id":7394,"href":"https:\/\/www.enastic.td\/index.php?rest_route=\/wp\/v2\/pages\/6164\/revisions\/7394"}],"up":[{"embeddable":true,"href":"https:\/\/www.enastic.td\/index.php?rest_route=\/wp\/v2\/pages\/5984"}],"wp:attachment":[{"href":"https:\/\/www.enastic.td\/index.php?rest_route=%2Fwp%2Fv2%2Fmedia&parent=6164"}],"curies":[{"name":"wp","href":"https:\/\/api.w.org\/{rel}","templated":true}]}}