{"id":5972,"date":"2017-09-13T10:22:27","date_gmt":"2017-09-13T08:22:27","guid":{"rendered":"http:\/\/localhost\/ENASTIC\/?page_id=5972"},"modified":"2024-04-14T13:12:44","modified_gmt":"2024-04-14T11:12:44","slug":"presentation-de-enastic","status":"publish","type":"page","link":"https:\/\/www.enastic.td\/?page_id=5972","title":{"rendered":"Pr\u00e9sentation"},"content":{"rendered":"<div id=\"pl-5972\"  class=\"panel-layout\" ><div id=\"pg-5972-0\"  class=\"panel-grid panel-has-style\" ><div class=\"panel-row-style panel-row-style-for-5972-0\" ><div id=\"pgc-5972-0-0\"  class=\"panel-grid-cell\" ><div id=\"panel-5972-0-0-0\" class=\"so-panel widget widget_text panel-first-child panel-last-child\" data-index=\"0\" ><h3 class=\"widget-title\">Pr\u00e9sentation<\/h3>\t\t\t<div class=\"textwidget\"><ul style=\"text-align: justify;\">\n<li>L\u2019Ecole Nationale Sup\u00e9rieure des Technologies de l\u2019Information et de la Communication (ENASTIC) est un \u00e9tablissement public d'enseignement, de recherche, d\u2019innovation et de formations sup\u00e9rieures dans les domaines des Communications \u00e9lectroniques.<\/li>\n<li>Elle est cr\u00e9\u00e9e par Ordonnance num\u00e9ro 005\/PR\/2015 du 02 mars 2015 et est dot\u00e9e de la personnalit\u00e9 juridique et de l'autonomie financi\u00e8re.<\/li>\n<li>L'ENASTIC, administr\u00e9e par un Conseil d\u2019Administration, dirig\u00e9e par un Directeur G\u00e9n\u00e9ral et plac\u00e9e sous la tutelle du Minist\u00e8re des Postes et des Nouvelles Technologies de l\u2019Information. Le Minist\u00e8re de l\u2019Enseignement Sup\u00e9rieur, de la Recherche et de l\u2019Innovation assure l\u2019organisation acad\u00e9mique et p\u00e9dagogique.<\/li>\n<li>Son si\u00e8ge est \u00e0 N\u2019Djamena, la capitale Tchadienne.<\/li>\n<\/ul><\/div>\n\t\t<\/div><\/div><div id=\"pgc-5972-0-1\"  class=\"panel-grid-cell panel-grid-cell-empty\" ><\/div><div id=\"pgc-5972-0-2\"  class=\"panel-grid-cell\" ><div id=\"panel-5972-0-2-0\" class=\"so-panel widget widget_text panel-first-child panel-last-child\" data-index=\"1\" ><h3 class=\"widget-title\">Nos missions<\/h3>\t\t\t<div class=\"textwidget\"><ol style=\"text-align: justify;\">\n<li>Assurer la formation initiale et continue dans les domaines des TIC ;<\/li>\n<li>Entreprendre la recherche appliqu\u00e9e d\u2019int\u00e9r\u00eat g\u00e9n\u00e9ral en vue de promouvoir l\u2019innovation pour le d\u00e9veloppement socio-\u00e9conomique ;<\/li>\n<li>D\u00e9velopper la recherche scientifique et technologique ainsi que la valorisation des r\u00e9sultats et la diffusion de la culture et de l'information scientifique.<\/li>\n<\/ol><\/div>\n\t\t<\/div><\/div><\/div><\/div><div id=\"pg-5972-1\"  class=\"panel-grid panel-no-style\" ><div id=\"pgc-5972-1-0\"  class=\"panel-grid-cell\" ><div id=\"panel-5972-1-0-0\" class=\"so-panel widget widget_text panel-first-child\" data-index=\"2\" ><h3 class=\"widget-title\">Nos futures actions<\/h3>\t\t\t<div class=\"textwidget\"><ul style=\"text-align: justify;\">\n<li>Former des cadres des secteurs publics et priv\u00e9s dans le domaine des technologies de l\u2019information et de la communication.<\/li>\n<li>Rechercher, d\u00e9velopper les moyens de communications en place au Tchad pour am\u00e9liorer le d\u00e9veloppement socio-\u00e9conomique du pays.<\/li>\n<li>Former des jeunes \u00e0 la culture scientifique pour les rendre aptes \u00e0 diriger, \u00e9laborer et porter des projets d\u2019avenir structurant adoss\u00e9s aux Technologies de l\u2019Information et de la Communication (TIC).<\/li>\n<\/ul><\/div>\n\t\t<\/div><div id=\"panel-5972-1-0-1\" class=\"so-panel widget widget_button panel-last-child\" data-index=\"3\" ><div class=\"thim-widget-button thim-widget-button-base template-base\"><a class=\"widget-button  normal custom_style\" href=\"https:\/\/www.enastic.td\/wp-content\/uploads\/2018\/03\/PRESENTATION-VF.pdf\" target=\"_blank\" style=\"font-size: 14px;font-weight: normal;border-width: 1;color: #ffffff;border-color: #004494;background-color: #004494;\" data-hover=\"font-size: 14px;font-weight: normal;border-width: 1;color: #004494;border-color: #004494;background-color: #ffffff;\"><i class=\"fa fa-book\" style=\"font-size: 14px;\"><\/i> Pr\u00e9sentation compl\u00e8te de l'\u00e9cole<\/a><\/div><\/div><\/div><\/div><div id=\"pg-5972-2\"  class=\"panel-grid panel-no-style\" ><div id=\"pgc-5972-2-0\"  class=\"panel-grid-cell\" ><div id=\"panel-5972-2-0-0\" class=\"so-panel widget widget_heading panel-first-child panel-last-child\" data-index=\"4\" ><div class=\"panel-widget-style panel-widget-style-for-5972-2-0-0\" ><div class=\"thim-widget-heading thim-widget-heading-base template-base\"><div class=\"sc_heading text-center\"><h3 class=\"title\">ENASTIC<\/h3><p class=\"sub-heading\" style=\"\">Votre avenir commence par ici.<\/p><span class=\"line\"><\/span><\/div><\/div><\/div><\/div><\/div><\/div><div id=\"pg-5972-3\"  class=\"panel-grid panel-no-style\" ><div id=\"pgc-5972-3-0\"  class=\"panel-grid-cell\" ><div id=\"panel-5972-3-0-0\" class=\"so-panel widget widget_counters-box panel-first-child panel-last-child\" data-index=\"5\" ><div class=\"thim-widget-counters-box thim-widget-counters-box-base template-base\"><div class=\"counter-box  about-us\" style=\"\"><div class=\"content-box-percentage\">\n\t\t<div class=\"display-percentage\" data-percentage=\"55000\">55000<\/div><div class=\"counter-content-container\"><div class=\"counter-box-content\">Dipl\u00f4mes<\/div><\/div><\/div><\/div><\/div><\/div><\/div><div id=\"pgc-5972-3-1\"  class=\"panel-grid-cell\" ><div id=\"panel-5972-3-1-0\" class=\"so-panel widget widget_counters-box panel-first-child panel-last-child\" data-index=\"6\" ><div class=\"thim-widget-counters-box thim-widget-counters-box-base template-base\"><div class=\"counter-box  about-us\" style=\"\"><div class=\"content-box-percentage\">\n\t\t<div class=\"display-percentage\" data-percentage=\"350\">350<\/div><div class=\"counter-content-container\"><div class=\"counter-box-content\">Enseignants<\/div><\/div><\/div><\/div><\/div><\/div><\/div><div id=\"pgc-5972-3-2\"  class=\"panel-grid-cell\" ><div id=\"panel-5972-3-2-0\" class=\"so-panel widget widget_counters-box panel-first-child panel-last-child\" data-index=\"7\" ><div class=\"thim-widget-counters-box thim-widget-counters-box-base template-base\"><div class=\"counter-box  about-us\" style=\"\"><div class=\"content-box-percentage\">\n\t\t<div class=\"display-percentage\" data-percentage=\"2240\">2240<\/div><div class=\"counter-content-container\"><div class=\"counter-box-content\">\u00c9tudiants<\/div><\/div><\/div><\/div><\/div><\/div><\/div><div id=\"pgc-5972-3-3\"  class=\"panel-grid-cell\" ><div id=\"panel-5972-3-3-0\" class=\"so-panel widget widget_counters-box panel-first-child panel-last-child\" data-index=\"8\" ><div class=\"thim-no-border panel-widget-style panel-widget-style-for-5972-3-3-0\" ><div class=\"thim-widget-counters-box thim-widget-counters-box-base template-base\"><div class=\"counter-box  about-us\" style=\"\"><div class=\"content-box-percentage\">\n\t\t<div class=\"display-percentage\" data-percentage=\"215\">215<\/div><div class=\"counter-content-container\"><div class=\"counter-box-content\">Formations<\/div><\/div><\/div><\/div><\/div><\/div><\/div><\/div><\/div><div id=\"pg-5972-4\"  class=\"panel-grid panel-no-style\" ><div id=\"pgc-5972-4-0\"  class=\"panel-grid-cell\" ><div id=\"panel-5972-4-0-0\" class=\"so-panel widget widget_gallery-images panel-first-child\" data-index=\"9\" ><div class=\"thim-widget-gallery-images thim-widget-gallery-images-base template-base\"><div class=\"thim-carousel-wrapper gallery-img \" data-visible=\"1\"data-itemtablet=\"2\" data-itemmobile=\"1\" data-pagination=\"1\"><div class=\"item\"><img src =\"https:\/\/www.enastic.td\/wp-content\/uploads\/2018\/02\/presentation-1024x768.png\" width=\"1024\" height=\"768\" alt=\"\"\/><\/div><div class=\"item\"><img src =\"https:\/\/www.enastic.td\/wp-content\/uploads\/2018\/01\/presentation1-1024x768.jpg\" width=\"1024\" height=\"768\" alt=\"\"\/><\/div><div class=\"item\"><img src =\"https:\/\/www.enastic.td\/wp-content\/uploads\/2018\/04\/presentation2-1024x768.jpg\" width=\"1024\" height=\"768\" alt=\"\"\/><\/div><\/div><\/div><\/div><div id=\"panel-5972-4-0-1\" class=\"so-panel widget widget_text panel-last-child\" data-index=\"10\" >\t\t\t<div class=\"textwidget\"><div class=\"thim-about-us-quote\">\n<p style=\"font-size: 15px !important; line-height: 18pt;\">\u201cL\u2019ENASTIC par ses objectifs et ses missions ambitionne d\u2019offrir une formation qui entre en r\u00e9sonance avec les besoins du march\u00e9 de l\u2019emploi.  Cela passe par la qualit\u00e9 de la formation, de la recherche orient\u00e9e au d\u00e9veloppement et \u00e0 l\u2019innovation. L\u2019\u00c9cole propose un cursus progressif du premier cycle au cycle doctoral dans les domaines suivants\u00a0: Informatique, T\u00e9l\u00e9communications, Multim\u00e9dia et Management des TIC.\u201d<\/p>\n<div class=\"agency\">Dr. BAKHIT AMINE ADOUM, Directeur G\u00e9n\u00e9ral de l'ENASTIC.<\/div>\n<div class=\"agency\"><a href=\"https:\/\/www.enastic.td\/presentation-de-enastic\/mot-du-directeur\/\">Retrouvez le mot complet en cliquant ici<\/a>.<\/div>\n<hr>\n<\/div><\/div>\n\t\t<\/div><\/div><\/div><div id=\"pg-5972-5\"  class=\"panel-grid panel-has-style\" ><div class=\"so-parallax siteorigin-panels-stretch panel-row-style panel-row-style-for-5972-5\" data-stretch-type=\"full\" ><img fetchpriority=\"high\" decoding=\"async\" width=\"4896\" height=\"3672\" src=\"https:\/\/www.enastic.td\/wp-content\/uploads\/2018\/01\/presentation2.jpg\" class=\"attachment-full size-full\" alt=\"\" data-siteorigin-parallax=\"true\" loading=\"eager\" srcset=\"https:\/\/www.enastic.td\/wp-content\/uploads\/2018\/01\/presentation2.jpg 4896w, https:\/\/www.enastic.td\/wp-content\/uploads\/2018\/01\/presentation2-600x450.jpg 600w, https:\/\/www.enastic.td\/wp-content\/uploads\/2018\/01\/presentation2-300x225.jpg 300w, https:\/\/www.enastic.td\/wp-content\/uploads\/2018\/01\/presentation2-768x576.jpg 768w, https:\/\/www.enastic.td\/wp-content\/uploads\/2018\/01\/presentation2-1024x768.jpg 1024w\" sizes=\"(max-width: 4896px) 100vw, 4896px\" \/><div id=\"pgc-5972-5-0\"  class=\"panel-grid-cell panel-grid-cell-empty\" ><\/div><\/div><\/div><div id=\"pg-5972-6\"  class=\"panel-grid panel-no-style\" ><div id=\"pgc-5972-6-0\"  class=\"panel-grid-cell\" ><div id=\"panel-5972-6-0-0\" class=\"so-panel widget widget_heading panel-first-child panel-last-child\" data-index=\"11\" ><div class=\"thim-widget-heading thim-widget-heading-base template-base\"><div class=\"sc_heading text-center\"><h3 class=\"title\">L'\u00e9quipe de direction<\/h3><span class=\"line\"><\/span><\/div><\/div><\/div><\/div><\/div><div id=\"pg-5972-7\"  class=\"panel-grid panel-no-style\" ><div id=\"pgc-5972-7-0\"  class=\"panel-grid-cell\" ><div id=\"panel-5972-7-0-0\" class=\"so-panel widget widget_our-team panel-first-child panel-last-child\" data-index=\"12\" ><div class=\"thim-widget-our-team thim-widget-our-team-base template-base\"><div class=\"wrapper-lists-our-team \"><div class=\"row\"><div class=\"our-team-item col-sm-3\"><div class=\"our-team-image\"> <img loading=\"lazy\" decoding=\"async\" src=\"https:\/\/www.enastic.td\/wp-content\/uploads\/2025\/08\/Dr_HAGGAR-BACHAR-SALIM-DG-1-293x300-3-200x200.jpg\" alt=\"Dr_HAGGAR-BACHAR-SALIM-DG-1-293&#215;300\" title=\"Dr_HAGGAR-BACHAR-SALIM-DG-1-293&#215;300\"  width=\"200\" height=\"200\"><div class=\"social-team\"><\/div><\/div><div class=\"content-team\"><h4 class=\"title\"><a href=\"https:\/\/www.enastic.td\/?our_team=dr-idriss-saleh-bachar\">Dr Haggar Bachar SALIM<\/a><\/h4><div class = \"regency\">Directeur G\u00e9n\u00e9ral<\/div><\/div><\/div><div class=\"our-team-item col-sm-3\"><div class=\"our-team-image\"> <img loading=\"lazy\" decoding=\"async\" src=\"https:\/\/www.enastic.td\/wp-content\/uploads\/2021\/12\/jeremykolina-200x200.jpg\" alt=\"jeremykolina\" title=\"jeremykolina\"  width=\"200\" height=\"200\"><div class=\"social-team\"><\/div><\/div><div class=\"content-team\"><h4 class=\"title\"><a href=\"https:\/\/www.enastic.td\/?our_team=dr-abdoulaye-chaibo\">KOLINA JEREMIE<\/a><\/h4><div class = \"regency\">Secr\u00e9taire G\u00e9n\u00e9ral<\/div><\/div><\/div><div class=\"our-team-item col-sm-3\"><div class=\"our-team-image\"> <img loading=\"lazy\" decoding=\"async\" src=\"https:\/\/www.enastic.td\/wp-content\/uploads\/2017\/10\/Dr-MAHAMAT-CHARFADINE-NIMANE-_DE-200x200.jpg\" alt=\"Dr MAHAMAT CHARFADINE NIMANE _DE\" title=\"Dr MAHAMAT CHARFADINE NIMANE _DE\"  width=\"200\" height=\"200\"><div class=\"social-team\"><\/div><\/div><div class=\"content-team\"><h4 class=\"title\"><a href=\"https:\/\/www.enastic.td\/?our_team=directeur-des-etudes\">Dr MAHAMAT CHARFADINE NIMANE<\/a><\/h4><div class = \"regency\">Directeur des \u00c9tudes<\/div><\/div><\/div><div class=\"our-team-item col-sm-3\"><div class=\"our-team-image\"> <img loading=\"lazy\" decoding=\"async\" src=\"https:\/\/www.enastic.td\/wp-content\/uploads\/2019\/02\/Dr-MAHAMAT-CHARFADINE-NIMANE-_DE-1-200x200.jpg\" alt=\"Dr MAHAMAT CHARFADINE NIMANE _DE\" title=\"Dr MAHAMAT CHARFADINE NIMANE _DE\"  width=\"200\" height=\"200\"><div class=\"social-team\"><\/div><\/div><div class=\"content-team\"><h4 class=\"title\"><a href=\"https:\/\/www.enastic.td\/?our_team=dr-abdoulaye-chaibo-3&#038;lang=ar\">Dr MAHAMAT CHARFADINE NIMANE<\/a><\/h4><div class = \"regency\">Directeur des Etudes<\/div><\/div><\/div><div class=\"our-team-item col-sm-3\"><div class=\"our-team-image\"> <img loading=\"lazy\" decoding=\"async\" src=\"https:\/\/www.enastic.td\/wp-content\/uploads\/2019\/02\/Dr-MAHAMAT-CHARFADINE-NIMANE-_DE-200x200.jpg\" alt=\"Dr MAHAMAT CHARFADINE NIMANE _DE\" title=\"Dr MAHAMAT CHARFADINE NIMANE _DE\"  width=\"200\" height=\"200\"><div class=\"social-team\"><\/div><\/div><div class=\"content-team\"><h4 class=\"title\"><a href=\"https:\/\/www.enastic.td\/?our_team=dr-abdoulaye-chaibo-2&#038;lang=en\">Dr MAHAMAT CHARFADINE NIMANE<\/a><\/h4><div class = \"regency\">Directeur des \u00c9tudes<\/div><\/div><\/div><div class=\"our-team-item col-sm-3\"><div class=\"our-team-image\"> <img loading=\"lazy\" decoding=\"async\" src=\"https:\/\/www.enastic.td\/wp-content\/uploads\/2017\/09\/demo_image-200x200.jpg\" alt=\"demo_image\" title=\"demo_image\"  width=\"200\" height=\"200\"><div class=\"social-team\"><\/div><\/div><div class=\"content-team\"><h4 class=\"title\"><a href=\"https:\/\/www.enastic.td\/?our_team=alhadj-mahamat-adamou-diallo-3&#038;lang=ar\">RIHAB MAHAMAT ALI OUCHAR<\/a><\/h4><div class = \"regency\">Directrice des Affaires Financi\u00e8res et Mat\u00e9rielles<\/div><\/div><\/div><div class=\"our-team-item col-sm-3\"><div class=\"our-team-image\"> <img loading=\"lazy\" decoding=\"async\" src=\"https:\/\/www.enastic.td\/wp-content\/uploads\/2017\/09\/demo_image-200x200.jpg\" alt=\"demo_image\" title=\"demo_image\"  width=\"200\" height=\"200\"><div class=\"social-team\"><\/div><\/div><div class=\"content-team\"><h4 class=\"title\"><a href=\"https:\/\/www.enastic.td\/?our_team=alhadj-mahamat-adamou-diallo-2&#038;lang=en\">RIHAB MAHAMAT ALI OUCHAR<\/a><\/h4><div class = \"regency\">Directrice des Affaires Financi\u00e8res et Mat\u00e9rielles<\/div><\/div><\/div><div class=\"our-team-item col-sm-3\"><div class=\"our-team-image\"> <img loading=\"lazy\" decoding=\"async\" src=\"https:\/\/www.enastic.td\/wp-content\/uploads\/2019\/02\/Dr_HAGGAR-BACHAR-SALIM-DG-1-293x300-1-200x200.jpg\" alt=\"Dr_HAGGAR-BACHAR-SALIM-DG-1-293&#215;300\" title=\"Dr_HAGGAR-BACHAR-SALIM-DG-1-293&#215;300\"  width=\"200\" height=\"200\"><div class=\"social-team\"><\/div><\/div><div class=\"content-team\"><h4 class=\"title\"><a href=\"https:\/\/www.enastic.td\/?our_team=dr-idriss-saleh-bachar-2&#038;lang=en\">Dr. Haggar Bachar SALIM<\/a><\/h4><div class = \"regency\">Directeur G\u00e9n\u00e9ral<\/div><\/div><\/div><\/div><\/div><\/div><\/div><\/div><\/div><\/div>","protected":false},"excerpt":{"rendered":"<p>Pr\u00e9sentation L\u2019Ecole Nationale Sup\u00e9rieure des Technologies de l\u2019Information et de la Communication (ENASTIC) est un \u00e9tablissement public d&rsquo;enseignement, de recherche, d\u2019innovation et de formations sup\u00e9rieures dans les domaines des Communications &hellip; <\/p>\n","protected":false},"author":1,"featured_media":0,"parent":0,"menu_order":0,"comment_status":"closed","ping_status":"closed","template":"","meta":{"footnotes":""},"class_list":["post-5972","page","type-page","status-publish","hentry"],"translation":{"provider":"WPGlobus","version":"3.0.0","language":"fr","enabled_languages":["fr","en","ar"],"languages":{"fr":{"title":true,"content":true,"excerpt":false},"en":{"title":false,"content":false,"excerpt":false},"ar":{"title":false,"content":false,"excerpt":false}}},"yoast_head":"<!-- This site is optimized with the Yoast SEO plugin v25.5 - https:\/\/yoast.com\/wordpress\/plugins\/seo\/ -->\n<title>Pr\u00e9sentation - ENASTIC : Ecole Nationale Sup\u00e9rieure des Technologies de l\u2019Information et de la Communication<\/title>\n<meta name=\"robots\" content=\"index, follow, max-snippet:-1, max-image-preview:large, max-video-preview:-1\" \/>\n<link rel=\"canonical\" href=\"https:\/\/www.enastic.td\/?page_id=5972\" \/>\n<meta property=\"og:locale\" content=\"fr_FR\" \/>\n<meta property=\"og:type\" content=\"article\" \/>\n<meta property=\"og:title\" content=\"Pr\u00e9sentation - ENASTIC : Ecole Nationale Sup\u00e9rieure des Technologies de l\u2019Information et de la Communication\" \/>\n<meta property=\"og:url\" content=\"https:\/\/www.enastic.td\/?page_id=5972\" \/>\n<meta property=\"og:site_name\" content=\"ENASTIC : Ecole Nationale Sup\u00e9rieure des Technologies de l\u2019Information et de la Communication\" \/>\n<meta property=\"article:publisher\" content=\"https:\/\/www.facebook.com\/Enastic-TCHAD-168482340378234\/\" \/>\n<meta property=\"article:modified_time\" content=\"2024-04-14T11:12:44+00:00\" \/>\n<meta name=\"twitter:card\" content=\"summary_large_image\" \/>\n<meta name=\"twitter:site\" content=\"@ENASTIC_TCHAD\" \/>\n<meta name=\"twitter:label1\" content=\"Dur\u00e9e de lecture estim\u00e9e\" \/>\n\t<meta name=\"twitter:data1\" content=\"2 minutes\" \/>\n<script type=\"application\/ld+json\" class=\"yoast-schema-graph\">{\"@context\":\"https:\/\/schema.org\",\"@graph\":[{\"@type\":\"WebPage\",\"@id\":\"https:\/\/www.enastic.td\/?page_id=5972\",\"url\":\"https:\/\/www.enastic.td\/?page_id=5972\",\"name\":\"Pr\u00e9sentation - ENASTIC : Ecole Nationale Sup\u00e9rieure des Technologies de l\u2019Information et de la Communication\",\"isPartOf\":{\"@id\":\"https:\/\/www.enastic.td\/#website\"},\"datePublished\":\"2017-09-13T08:22:27+00:00\",\"dateModified\":\"2024-04-14T11:12:44+00:00\",\"breadcrumb\":{\"@id\":\"https:\/\/www.enastic.td\/?page_id=5972#breadcrumb\"},\"inLanguage\":\"fr-FR\",\"potentialAction\":[{\"@type\":\"ReadAction\",\"target\":[\"https:\/\/www.enastic.td\/?page_id=5972\"]}]},{\"@type\":\"BreadcrumbList\",\"@id\":\"https:\/\/www.enastic.td\/?page_id=5972#breadcrumb\",\"itemListElement\":[{\"@type\":\"ListItem\",\"position\":1,\"name\":\"Accueil\",\"item\":\"https:\/\/www.enastic.td\/\"},{\"@type\":\"ListItem\",\"position\":2,\"name\":\"Pr\u00e9sentation\"}]},{\"@type\":\"WebSite\",\"@id\":\"https:\/\/www.enastic.td\/#website\",\"url\":\"https:\/\/www.enastic.td\/\",\"name\":\"ENASTIC : Ecole Nationale Sup\u00e9rieure des Technologies de l\u2019Information et de la Communication\",\"description\":\"Votre avenir commence par ici.\",\"potentialAction\":[{\"@type\":\"SearchAction\",\"target\":{\"@type\":\"EntryPoint\",\"urlTemplate\":\"https:\/\/www.enastic.td\/?s={search_term_string}\"},\"query-input\":{\"@type\":\"PropertyValueSpecification\",\"valueRequired\":true,\"valueName\":\"search_term_string\"}}],\"inLanguage\":\"fr-FR\"}]}<\/script>\n<!-- \/ Yoast SEO plugin. -->","yoast_head_json":{"title":"Pr\u00e9sentation - ENASTIC : Ecole Nationale Sup\u00e9rieure des Technologies de l\u2019Information et de la Communication","robots":{"index":"index","follow":"follow","max-snippet":"max-snippet:-1","max-image-preview":"max-image-preview:large","max-video-preview":"max-video-preview:-1"},"canonical":"https:\/\/www.enastic.td\/?page_id=5972","og_locale":"fr_FR","og_type":"article","og_title":"Pr\u00e9sentation - ENASTIC : Ecole Nationale Sup\u00e9rieure des Technologies de l\u2019Information et de la Communication","og_url":"https:\/\/www.enastic.td\/?page_id=5972","og_site_name":"ENASTIC : Ecole Nationale Sup\u00e9rieure des Technologies de l\u2019Information et de la Communication","article_publisher":"https:\/\/www.facebook.com\/Enastic-TCHAD-168482340378234\/","article_modified_time":"2024-04-14T11:12:44+00:00","twitter_card":"summary_large_image","twitter_site":"@ENASTIC_TCHAD","twitter_misc":{"Dur\u00e9e de lecture estim\u00e9e":"2 minutes"},"schema":{"@context":"https:\/\/schema.org","@graph":[{"@type":"WebPage","@id":"https:\/\/www.enastic.td\/?page_id=5972","url":"https:\/\/www.enastic.td\/?page_id=5972","name":"Pr\u00e9sentation - ENASTIC : Ecole Nationale Sup\u00e9rieure des Technologies de l\u2019Information et de la Communication","isPartOf":{"@id":"https:\/\/www.enastic.td\/#website"},"datePublished":"2017-09-13T08:22:27+00:00","dateModified":"2024-04-14T11:12:44+00:00","breadcrumb":{"@id":"https:\/\/www.enastic.td\/?page_id=5972#breadcrumb"},"inLanguage":"fr-FR","potentialAction":[{"@type":"ReadAction","target":["https:\/\/www.enastic.td\/?page_id=5972"]}]},{"@type":"BreadcrumbList","@id":"https:\/\/www.enastic.td\/?page_id=5972#breadcrumb","itemListElement":[{"@type":"ListItem","position":1,"name":"Accueil","item":"https:\/\/www.enastic.td\/"},{"@type":"ListItem","position":2,"name":"Pr\u00e9sentation"}]},{"@type":"WebSite","@id":"https:\/\/www.enastic.td\/#website","url":"https:\/\/www.enastic.td\/","name":"ENASTIC : Ecole Nationale Sup\u00e9rieure des Technologies de l\u2019Information et de la Communication","description":"Votre avenir commence par ici.","potentialAction":[{"@type":"SearchAction","target":{"@type":"EntryPoint","urlTemplate":"https:\/\/www.enastic.td\/?s={search_term_string}"},"query-input":{"@type":"PropertyValueSpecification","valueRequired":true,"valueName":"search_term_string"}}],"inLanguage":"fr-FR"}]}},"_links":{"self":[{"href":"https:\/\/www.enastic.td\/index.php?rest_route=\/wp\/v2\/pages\/5972","targetHints":{"allow":["GET"]}}],"collection":[{"href":"https:\/\/www.enastic.td\/index.php?rest_route=\/wp\/v2\/pages"}],"about":[{"href":"https:\/\/www.enastic.td\/index.php?rest_route=\/wp\/v2\/types\/page"}],"author":[{"embeddable":true,"href":"https:\/\/www.enastic.td\/index.php?rest_route=\/wp\/v2\/users\/1"}],"replies":[{"embeddable":true,"href":"https:\/\/www.enastic.td\/index.php?rest_route=%2Fwp%2Fv2%2Fcomments&post=5972"}],"version-history":[{"count":15,"href":"https:\/\/www.enastic.td\/index.php?rest_route=\/wp\/v2\/pages\/5972\/revisions"}],"predecessor-version":[{"id":11713,"href":"https:\/\/www.enastic.td\/index.php?rest_route=\/wp\/v2\/pages\/5972\/revisions\/11713"}],"wp:attachment":[{"href":"https:\/\/www.enastic.td\/index.php?rest_route=%2Fwp%2Fv2%2Fmedia&parent=5972"}],"curies":[{"name":"wp","href":"https:\/\/api.w.org\/{rel}","templated":true}]}}